{"id":71598,"date":"2025-07-29T09:02:30","date_gmt":"2025-07-29T09:02:30","guid":{"rendered":"https:\/\/fv6qoy3ls0.wpdns.site\/produto\/adaptador-de-filtro-elevador-caruba-86mm-95mm\/"},"modified":"2026-01-31T02:46:01","modified_gmt":"2026-01-31T02:46:01","slug":"jjc-adaptador-de-filtro-elevador-caruba-86mm-95mm","status":"publish","type":"product","link":"https:\/\/hi-techwonder.com\/es\/producto\/jjc-adaptador-de-filtro-elevador-caruba-86mm-95mm\/","title":{"rendered":"Adaptador de filtro elevador CARUBA 86mm-95mm"},"content":{"rendered":"<p><strong><span style=\"font-size: 14pt\">Adaptador de filtro elevador 86mm-95mm<br \/><\/strong><\/span><\/p>\n<ul>\n<li>Anillo para adaptar un filtro de 95mm a un objetivo de 86mm.<\/li>\n<li>Estructura fina y s\u00f3lida.<\/li>\n<li>Este tipo de adaptador se utiliza cuando el filtro (UV, Neutro, Polarizador, etc.) que queremos utilizar en nuestro objetivo es m\u00e1s grande o m\u00e1s peque\u00f1o que el mismo.<\/li>\n<\/ul>\n","protected":false},"excerpt":{"rendered":"<p>Adaptador de filtro elevador 86mm-95mm Anillo para adaptar un filtro de 95mm a un objetivo de 86mm. Estructura fina y<\/p>\n","protected":false},"featured_media":44477,"comment_status":"closed","ping_status":"open","template":"","meta":{"_acf_changed":false},"product_brand":[2547],"product_cat":[972],"product_tag":[],"class_list":{"0":"post-71598","1":"product","2":"type-product","3":"status-publish","4":"has-post-thumbnail","6":"product_brand-jjc-es","7":"product_cat-fotografia-macro-es","9":"first","10":"onbackorder","11":"taxable","12":"shipping-taxable","13":"purchasable","14":"product-type-simple"},"bundled_by":[],"bundle_stock_status":"onbackorder","bundle_stock_quantity":2,"bundle_virtual":false,"bundle_layout":"","bundle_add_to_cart_form_location":"","bundle_editable_in_cart":false,"bundle_sold_individually_context":"","bundle_item_grouping":"","bundle_min_size":"","bundle_max_size":"","bundle_price":[],"bundled_items":[],"bundle_sell_ids":[],"acf":[],"_links":{"self":[{"href":"https:\/\/hi-techwonder.com\/es\/wp-json\/wp\/v2\/product\/71598","targetHints":{"allow":["GET"]}}],"collection":[{"href":"https:\/\/hi-techwonder.com\/es\/wp-json\/wp\/v2\/product"}],"about":[{"href":"https:\/\/hi-techwonder.com\/es\/wp-json\/wp\/v2\/types\/product"}],"replies":[{"embeddable":true,"href":"https:\/\/hi-techwonder.com\/es\/wp-json\/wp\/v2\/comments?post=71598"}],"wp:featuredmedia":[{"embeddable":true,"href":"https:\/\/hi-techwonder.com\/es\/wp-json\/wp\/v2\/media\/44477"}],"wp:attachment":[{"href":"https:\/\/hi-techwonder.com\/es\/wp-json\/wp\/v2\/media?parent=71598"}],"wp:term":[{"taxonomy":"product_brand","embeddable":true,"href":"https:\/\/hi-techwonder.com\/es\/wp-json\/wp\/v2\/product_brand?post=71598"},{"taxonomy":"product_cat","embeddable":true,"href":"https:\/\/hi-techwonder.com\/es\/wp-json\/wp\/v2\/product_cat?post=71598"},{"taxonomy":"product_tag","embeddable":true,"href":"https:\/\/hi-techwonder.com\/es\/wp-json\/wp\/v2\/product_tag?post=71598"}],"curies":[{"name":"wp","href":"https:\/\/api.w.org\/{rel}","templated":true}]}}