{"id":71599,"date":"2025-07-29T09:12:17","date_gmt":"2025-07-29T09:12:17","guid":{"rendered":"https:\/\/fv6qoy3ls0.wpdns.site\/produto\/adaptador-de-filtro-elevador-caruba-52mm-77mm\/"},"modified":"2026-01-31T02:38:00","modified_gmt":"2026-01-31T02:38:00","slug":"caruba-adaptador-de-filtro-elevador-caruba-52mm-77mm","status":"publish","type":"product","link":"https:\/\/hi-techwonder.com\/es\/producto\/caruba-adaptador-de-filtro-elevador-caruba-52mm-77mm\/","title":{"rendered":"Adaptador de filtro elevador CARUBA 52mm-77mm"},"content":{"rendered":"<p><span style=\"font-family: Arial\"><span style=\"font-family: Arial\">Anillo para adaptar un filtro de 77mm a un objetivo de 52mm<\/span>.<\/span><\/p>\n<p>Estructura fina y s\u00f3lida.<\/p>\n<p>&nbsp;<\/p>\n<p>Este tipo de adaptador se utiliza cuando el filtro (UV, Neutro, Polarizador, etc.) que queremos utilizar en nuestro objetivo es m\u00e1s grande o m\u00e1s peque\u00f1o que el mismo<\/p>\n","protected":false},"excerpt":{"rendered":"<p>Anillo para adaptar un filtro de 77mm a un objetivo de 52mm. Estructura fina y s\u00f3lida. &nbsp; Este tipo de<\/p>\n","protected":false},"featured_media":46134,"comment_status":"closed","ping_status":"closed","template":"","meta":{"_acf_changed":false},"product_brand":[2546],"product_cat":[1045],"product_tag":[],"class_list":{"0":"post-71599","1":"product","2":"type-product","3":"status-publish","4":"has-post-thumbnail","6":"product_brand-caruba-es","7":"product_cat-anillos-adaptadores","8":"pa_diametro-52mm-es","9":"pa_diametro-77mm-es","11":"first","12":"instock","13":"taxable","14":"shipping-taxable","15":"purchasable","16":"product-type-simple"},"bundled_by":[],"bundle_stock_status":"instock","bundle_stock_quantity":1,"bundle_virtual":false,"bundle_layout":"","bundle_add_to_cart_form_location":"","bundle_editable_in_cart":false,"bundle_sold_individually_context":"","bundle_item_grouping":"","bundle_min_size":"","bundle_max_size":"","bundle_price":[],"bundled_items":[],"bundle_sell_ids":[],"acf":[],"_links":{"self":[{"href":"https:\/\/hi-techwonder.com\/es\/wp-json\/wp\/v2\/product\/71599","targetHints":{"allow":["GET"]}}],"collection":[{"href":"https:\/\/hi-techwonder.com\/es\/wp-json\/wp\/v2\/product"}],"about":[{"href":"https:\/\/hi-techwonder.com\/es\/wp-json\/wp\/v2\/types\/product"}],"replies":[{"embeddable":true,"href":"https:\/\/hi-techwonder.com\/es\/wp-json\/wp\/v2\/comments?post=71599"}],"wp:featuredmedia":[{"embeddable":true,"href":"https:\/\/hi-techwonder.com\/es\/wp-json\/wp\/v2\/media\/46134"}],"wp:attachment":[{"href":"https:\/\/hi-techwonder.com\/es\/wp-json\/wp\/v2\/media?parent=71599"}],"wp:term":[{"taxonomy":"product_brand","embeddable":true,"href":"https:\/\/hi-techwonder.com\/es\/wp-json\/wp\/v2\/product_brand?post=71599"},{"taxonomy":"product_cat","embeddable":true,"href":"https:\/\/hi-techwonder.com\/es\/wp-json\/wp\/v2\/product_cat?post=71599"},{"taxonomy":"product_tag","embeddable":true,"href":"https:\/\/hi-techwonder.com\/es\/wp-json\/wp\/v2\/product_tag?post=71599"}],"curies":[{"name":"wp","href":"https:\/\/api.w.org\/{rel}","templated":true}]}}