{"id":71605,"date":"2025-07-29T09:12:32","date_gmt":"2025-07-29T09:12:32","guid":{"rendered":"https:\/\/fv6qoy3ls0.wpdns.site\/produto\/adaptador-de-filtro-elevador-caruba-52mm-82mm\/"},"modified":"2026-01-31T02:37:29","modified_gmt":"2026-01-31T02:37:29","slug":"caruba-adaptador-de-filtro-elevador-caruba-52mm-82mm","status":"publish","type":"product","link":"https:\/\/hi-techwonder.com\/es\/producto\/caruba-adaptador-de-filtro-elevador-caruba-52mm-82mm\/","title":{"rendered":"Adaptador de filtro elevador CARUBA 52mm-82mm"},"content":{"rendered":"<p>Anillo para adaptar un filtro de 82mm a un objetivo de 52mm.<\/p>\n<p>Este tipo de adaptador se utiliza cuando el di\u00e1metro del filtro es mayor que el di\u00e1metro de la lente.<br \/>\nTambi\u00e9n para adaptar sus accesorios de mayor di\u00e1metro que la lente: adaptadores, tapa para la lente de la c\u00e1mara, etc.<br \/>\n<strong><br \/>\nContenido de la caja:<\/strong><\/p>\n<ul>\n<li>1x Adaptador de filtro elevador 52mm-82mm<\/li>\n<\/ul>\n","protected":false},"excerpt":{"rendered":"<p>Anillo para adaptar un filtro de 82mm a un objetivo de 52mm. Este tipo de adaptador se utiliza cuando el<\/p>\n","protected":false},"featured_media":46176,"comment_status":"closed","ping_status":"closed","template":"","meta":{"_acf_changed":false},"product_brand":[2546],"product_cat":[1045],"product_tag":[],"class_list":{"0":"post-71605","1":"product","2":"type-product","3":"status-publish","4":"has-post-thumbnail","6":"product_brand-caruba-es","7":"product_cat-anillos-adaptadores","8":"pa_diametro-52mm-es","9":"pa_diametro-82mm-es","11":"first","12":"pre-order","13":"taxable","14":"shipping-taxable","15":"purchasable","16":"product-type-simple"},"bundled_by":[],"bundle_stock_status":"pre-order","bundle_stock_quantity":null,"bundle_virtual":false,"bundle_layout":"","bundle_add_to_cart_form_location":"","bundle_editable_in_cart":false,"bundle_sold_individually_context":"","bundle_item_grouping":"","bundle_min_size":"","bundle_max_size":"","bundle_price":[],"bundled_items":[],"bundle_sell_ids":[],"acf":[],"_links":{"self":[{"href":"https:\/\/hi-techwonder.com\/es\/wp-json\/wp\/v2\/product\/71605","targetHints":{"allow":["GET"]}}],"collection":[{"href":"https:\/\/hi-techwonder.com\/es\/wp-json\/wp\/v2\/product"}],"about":[{"href":"https:\/\/hi-techwonder.com\/es\/wp-json\/wp\/v2\/types\/product"}],"replies":[{"embeddable":true,"href":"https:\/\/hi-techwonder.com\/es\/wp-json\/wp\/v2\/comments?post=71605"}],"wp:featuredmedia":[{"embeddable":true,"href":"https:\/\/hi-techwonder.com\/es\/wp-json\/wp\/v2\/media\/46176"}],"wp:attachment":[{"href":"https:\/\/hi-techwonder.com\/es\/wp-json\/wp\/v2\/media?parent=71605"}],"wp:term":[{"taxonomy":"product_brand","embeddable":true,"href":"https:\/\/hi-techwonder.com\/es\/wp-json\/wp\/v2\/product_brand?post=71605"},{"taxonomy":"product_cat","embeddable":true,"href":"https:\/\/hi-techwonder.com\/es\/wp-json\/wp\/v2\/product_cat?post=71605"},{"taxonomy":"product_tag","embeddable":true,"href":"https:\/\/hi-techwonder.com\/es\/wp-json\/wp\/v2\/product_tag?post=71605"}],"curies":[{"name":"wp","href":"https:\/\/api.w.org\/{rel}","templated":true}]}}