{"id":71616,"date":"2025-07-29T09:12:23","date_gmt":"2025-07-29T09:12:23","guid":{"rendered":"https:\/\/fv6qoy3ls0.wpdns.site\/produto\/adaptador-de-filtro-elevador-caruba-37mm-49mm\/"},"modified":"2026-01-31T02:37:43","modified_gmt":"2026-01-31T02:37:43","slug":"caruba-adaptador-de-filtro-elevador-caruba-37mm-49mm","status":"publish","type":"product","link":"https:\/\/hi-techwonder.com\/es\/producto\/caruba-adaptador-de-filtro-elevador-caruba-37mm-49mm\/","title":{"rendered":"Adaptador de filtro elevador CARUBA 37mm-49mm"},"content":{"rendered":"<p><span style=\"font-size: small\">Anillo para adaptar un filtro de 49mm a un objetivo de 37mm.<\/span><\/p>\n<p>Este tipo de adaptador se utiliza cuando el di\u00e1metro del filtro es mayor que el di\u00e1metro de la lente.<br \/>\nTambi\u00e9n para adaptar sus accesorios de mayor di\u00e1metro que la lente: adaptadores, tapa para la lente de la c\u00e1mara, etc.<\/p>\n<p><span style=\"font-size: small\"><strong>Contenido de la caja:<\/strong><br \/>\n<\/span><\/p>\n<ul>\n<li><span style=\"font-size: small\">1x Adaptador de filtro elevador 37mm-49mm<\/span><\/li>\n<\/ul>\n","protected":false},"excerpt":{"rendered":"<p>Anillo para adaptar un filtro de 49mm a un objetivo de 37mm. Este tipo de adaptador se utiliza cuando el<\/p>\n","protected":false},"featured_media":46149,"comment_status":"closed","ping_status":"closed","template":"","meta":{"_acf_changed":false},"product_brand":[2546],"product_cat":[1045],"product_tag":[],"class_list":{"0":"post-71616","1":"product","2":"type-product","3":"status-publish","4":"has-post-thumbnail","6":"product_brand-caruba-es","7":"product_cat-anillos-adaptadores","8":"pa_diametro-37mm-es","9":"pa_diametro-49mm-es","11":"first","12":"instock","13":"taxable","14":"shipping-taxable","15":"purchasable","16":"product-type-simple"},"bundled_by":[],"bundle_stock_status":"instock","bundle_stock_quantity":1,"bundle_virtual":false,"bundle_layout":"","bundle_add_to_cart_form_location":"","bundle_editable_in_cart":false,"bundle_sold_individually_context":"","bundle_item_grouping":"","bundle_min_size":"","bundle_max_size":"","bundle_price":[],"bundled_items":[],"bundle_sell_ids":[],"acf":[],"_links":{"self":[{"href":"https:\/\/hi-techwonder.com\/es\/wp-json\/wp\/v2\/product\/71616","targetHints":{"allow":["GET"]}}],"collection":[{"href":"https:\/\/hi-techwonder.com\/es\/wp-json\/wp\/v2\/product"}],"about":[{"href":"https:\/\/hi-techwonder.com\/es\/wp-json\/wp\/v2\/types\/product"}],"replies":[{"embeddable":true,"href":"https:\/\/hi-techwonder.com\/es\/wp-json\/wp\/v2\/comments?post=71616"}],"wp:featuredmedia":[{"embeddable":true,"href":"https:\/\/hi-techwonder.com\/es\/wp-json\/wp\/v2\/media\/46149"}],"wp:attachment":[{"href":"https:\/\/hi-techwonder.com\/es\/wp-json\/wp\/v2\/media?parent=71616"}],"wp:term":[{"taxonomy":"product_brand","embeddable":true,"href":"https:\/\/hi-techwonder.com\/es\/wp-json\/wp\/v2\/product_brand?post=71616"},{"taxonomy":"product_cat","embeddable":true,"href":"https:\/\/hi-techwonder.com\/es\/wp-json\/wp\/v2\/product_cat?post=71616"},{"taxonomy":"product_tag","embeddable":true,"href":"https:\/\/hi-techwonder.com\/es\/wp-json\/wp\/v2\/product_tag?post=71616"}],"curies":[{"name":"wp","href":"https:\/\/api.w.org\/{rel}","templated":true}]}}