{"id":71619,"date":"2025-07-29T09:22:31","date_gmt":"2025-07-29T09:22:31","guid":{"rendered":"https:\/\/fv6qoy3ls0.wpdns.site\/produto\/canon-rf-24-105mm-f-4l-is-usm\/"},"modified":"2026-05-13T13:10:09","modified_gmt":"2026-05-13T12:10:09","slug":"canon-rf-24-105mm-f-4l-is-usm","status":"publish","type":"product","link":"https:\/\/hi-techwonder.com\/es\/producto\/canon-rf-24-105mm-f-4l-is-usm\/","title":{"rendered":"CANON RF 24-105mm f\/4L IS USM"},"content":{"rendered":"<p><span style=\"font-size: small;\"><strong>ASPECTOS DESTACADOS DEL PRODUCTO<\/strong><br \/>\n<\/span><\/p>\n<p>&nbsp;<\/p>\n<p><span style=\"font-size: small;\">\u00a0<\/span><\/p>\n<p>Apreciado por su versatilidad, el RF 24-105mm f\/4L IS USM de Canon es un zoom de gran angular a teleobjetivo corto caracterizado por su apertura m\u00e1xima constante de f\/4. Ideal para usar en pr\u00e1cticamente cualquier escenario de disparo, este zoom se beneficia de un eficaz estabilizador de imagen de cinco pasos para minimizar la apariencia de movimiento de la c\u00e1mara para obtener im\u00e1genes m\u00e1s n\u00edtidas sin tr\u00edpode. Tambi\u00e9n complementando el manejo hay un anillo de control personalizable \u00fanico, que se puede configurar para ajustar una variedad de configuraciones de exposici\u00f3n, incluida la apertura, ISO y compensaci\u00f3n de exposici\u00f3n. Beneficiando la calidad de imagen, el dise\u00f1o \u00f3ptico avanzado cuenta con un recubrimiento Super Spectra, que ayuda a suprimir las im\u00e1genes fantasma y los destellos para mejorar el contraste y la precisi\u00f3n del color cuando se trabaja en condiciones de luz y contraluz. Ideal para aplicaciones de fotograf\u00eda y video, esta lente tambi\u00e9n incorpora un motor de enfoque autom\u00e1tico Nano USM, que ofrece un rendimiento de enfoque r\u00e1pido, silencioso y preciso.<\/p>\n<p>&nbsp;<\/p>\n<p>&nbsp;<\/p>\n<p>&nbsp;<\/p>\n<p>&nbsp;<\/p>\n","protected":false},"excerpt":{"rendered":"<p>ASPECTOS DESTACADOS DEL PRODUCTO &nbsp; \u00a0 Apreciado por su versatilidad, el RF 24-105mm f\/4L IS USM de Canon es un<\/p>\n","protected":false},"featured_media":48122,"comment_status":"closed","ping_status":"closed","template":"","meta":{"_acf_changed":false},"product_brand":[2538],"product_cat":[1062],"product_tag":[],"class_list":{"0":"post-71619","1":"product","2":"type-product","3":"status-publish","4":"has-post-thumbnail","6":"product_brand-canon-es","7":"product_cat-mirrorless-objectivos","8":"pa_abertura-maxima-f-4-es","9":"pa_cor-negro","10":"pa_diametro-77mm-es","11":"pa_estabilizacao-de-imagem-si","12":"pa_montagem-da-objetiva-canon-rf-es","13":"pa_sensor-fotograma-completo","14":"pa_tipo-de-foco-enfoque-automatico","15":"pa_tipo-de-objetiva-estandar","16":"pa_tipo-de-objetiva-teleobjetivo","17":"pa_zoom-fixa-zoom-externo-es","19":"first","20":"onbackorder","21":"sale","22":"taxable","23":"shipping-taxable","24":"purchasable","25":"product-type-simple"},"bundled_by":[],"bundle_stock_status":"onbackorder","bundle_stock_quantity":null,"bundle_virtual":false,"bundle_layout":"","bundle_add_to_cart_form_location":"","bundle_editable_in_cart":false,"bundle_sold_individually_context":"","bundle_item_grouping":"","bundle_min_size":"","bundle_max_size":"","bundle_price":[],"bundled_items":[],"bundle_sell_ids":[],"acf":[],"_links":{"self":[{"href":"https:\/\/hi-techwonder.com\/es\/wp-json\/wp\/v2\/product\/71619","targetHints":{"allow":["GET"]}}],"collection":[{"href":"https:\/\/hi-techwonder.com\/es\/wp-json\/wp\/v2\/product"}],"about":[{"href":"https:\/\/hi-techwonder.com\/es\/wp-json\/wp\/v2\/types\/product"}],"replies":[{"embeddable":true,"href":"https:\/\/hi-techwonder.com\/es\/wp-json\/wp\/v2\/comments?post=71619"}],"wp:featuredmedia":[{"embeddable":true,"href":"https:\/\/hi-techwonder.com\/es\/wp-json\/wp\/v2\/media\/48122"}],"wp:attachment":[{"href":"https:\/\/hi-techwonder.com\/es\/wp-json\/wp\/v2\/media?parent=71619"}],"wp:term":[{"taxonomy":"product_brand","embeddable":true,"href":"https:\/\/hi-techwonder.com\/es\/wp-json\/wp\/v2\/product_brand?post=71619"},{"taxonomy":"product_cat","embeddable":true,"href":"https:\/\/hi-techwonder.com\/es\/wp-json\/wp\/v2\/product_cat?post=71619"},{"taxonomy":"product_tag","embeddable":true,"href":"https:\/\/hi-techwonder.com\/es\/wp-json\/wp\/v2\/product_tag?post=71619"}],"curies":[{"name":"wp","href":"https:\/\/api.w.org\/{rel}","templated":true}]}}