{"id":71620,"date":"2025-07-29T09:22:35","date_gmt":"2025-07-29T09:22:35","guid":{"rendered":"https:\/\/fv6qoy3ls0.wpdns.site\/produto\/canon-rf-24-70mm-f2-8l-is-usm\/"},"modified":"2026-05-06T14:28:11","modified_gmt":"2026-05-06T13:28:11","slug":"canon-rf-24-70mm-f2-8l-is-usm","status":"publish","type":"product","link":"https:\/\/hi-techwonder.com\/es\/producto\/canon-rf-24-70mm-f2-8l-is-usm\/","title":{"rendered":"CANON RF 24-70MM F2.8L IS USM"},"content":{"rendered":"<p><strong>CANON RF 24-70MM F2.8L IS USM<\/strong><\/p>\n<p><strong>Funciones:<\/strong><\/p>\n<p><\/p>\n<p><strong>Contenido del paquete:<\/strong><\/p>\n<ul>\n<li>1x RF 24-70MM F2.8L IS USM<\/li>\n<li>1x Parasol EW-88E<\/li>\n<li>1x Estuche para lentes LP1222<\/li>\n<li>1x Tapa de lente<\/li>\n<li>1x Tapa de objetivo E-82 II<\/li>\n<\/ul>\n<p><b>Descripci\u00f3n<\/b><\/p>\n<ul>\n<li>Un objetivo zoom de 24-70mm que forma parte del nuevo objetivo essential, compuesto por un RF profesional de 15-35mm-35mm y un RF profesional de 70-20mm. Dise\u00f1ado para el rendimiento, el RF ofrece una apertura r\u00e1pida de 24-70 mm y estabilizaci\u00f3n de imagen, adem\u00e1s de un motor en USM para garantizar un enfoque silencioso. <\/li>\n<\/ul>\n<p><\/p>\n<p><iframe loading=\"lazy\" style=\"min-height: 500px; width: 1522px; height: auto;\" src=\"https:\/\/www.youtube.com\/embed\/65Tn51vx1vU?feature=shared\" width=\"560\" height=\"314\" allowfullscreen=\"allowfullscreen\"><\/iframe><\/p>\n<p><strong><br \/><\/strong><\/p>\n<p><strong>R\u00e1pido y vers\u00e1til<\/strong><\/p>\n<ul>\n<li>Captura a tus sujetos con un detalle asombroso gracias a este objetivo zoom r\u00e1pido y n\u00edtido de f\/2,8 mm con una popular distancia focal de 24-70 y una avanzada estabilizaci\u00f3n de imagen de 5 pasos.<\/li>\n<\/ul>\n<p><strong>Reactivo y preciso<\/strong><\/p>\n<ul>\n<li>Disfruta de un enfoque r\u00e1pido y preciso gracias al motor Nano USM, que garantiza un AF instant\u00e1neo y silencioso con una suavidad excepcional, ideal tanto para v\u00eddeo como para fotograf\u00edas.<\/li>\n<\/ul>\n<p><strong><br \/><\/strong><\/p>\n<p><strong>Calidad \u00f3ptica excepcional<\/strong><\/p>\n<ul>\n<li>Eleva la calidad de tus fotos gracias a los tres elementos asf\u00e9ricos moldeados en vidrio y los tres elementos de lente UD, los recubrimientos \u00f3pticos avanzados y la apertura de 9 hojas.<\/li>\n<\/ul>\n<p><\/p>\n<ul>\n<li>El RF 24-70mm f\/2.8L IS USM de Canon, que se convertir\u00e1 en el nuevo y potente zoom, es un vers\u00e1til objetivo gran angular para retratos que se caracteriza por su dise\u00f1o brillante, avanzado e intuitivo. La apertura m\u00e1xima constante de f\/2.8 sirve para trabajar en condiciones de iluminaci\u00f3n dif\u00edciles y tambi\u00e9n permite un mayor control sobre la profundidad de campo. El dise\u00f1o \u00f3ptico incorpora una serie de elementos asf\u00e9ricos y de dispersi\u00f3n ultrabaja, que reducen en gran medida una variedad de aberraciones en todo el rango de zoom para producir im\u00e1genes n\u00edtidas y claras. Tambi\u00e9n se ha aplicado un revestimiento de esfera de aire para suprimir los destellos y las im\u00e1genes fantasma cuando se trabaja en condiciones de iluminaci\u00f3n intensa.   <\/li>\n<\/ul>\n<p><\/p>\n<ul>\n<li>El sistema de enfoque Nano USM equilibra los distintos activos \u00f3pticos, que ofrece un rendimiento de enfoque autom\u00e1tico r\u00e1pido y casi silencioso con anulaci\u00f3n de enfoque manual a tiempo completo. Un estabilizador de imagen tambi\u00e9n compensa hasta cinco paradas de movimiento de la c\u00e1mara para ayudar a producir fotos m\u00e1s n\u00edtidas en condiciones de iluminaci\u00f3n dif\u00edciles. Tambi\u00e9n se integra un anillo de control \u00fanico en el dise\u00f1o de la lente para un control intuitivo sobre la configuraci\u00f3n de exposici\u00f3n de la lente. Adem\u00e1s, este 24-70 mm es resistente a la intemperie y cuenta con un revestimiento de fl\u00faor para proteger los elementos delanteros y traseros.   <\/li>\n<\/ul>\n<p><\/p>\n<p><b>&nbsp;<font style=\"font-family: \"Source Sans Pro\", sans-serif; font-size: 2rem; text-transform: capitalize; box-sizing: inherit; outline: none; vertical-align: inherit;\">Especificaciones del Canon RF 24-70mm f\/2.8L IS<\/font> <font style=\"font-family: \"Source Sans Pro\", sans-serif; font-size: 2rem; text-transform: capitalize; box-sizing: inherit; outline: none; vertical-align: inherit;\"> <\/font><\/b><\/p>\n<div class=\"group_fDXOr6EpR9 keySpec_fDXOr6EpR9\" style=\"box-sizing: inherit; outline: none; margin-bottom: 2.1875rem; box-shadow: rgb(204, 204, 204) 0px 0px 4px 1px;\">\n<div class=\"name_fDXOr6EpR9 firstGroupInItem_fDXOr6EpR9\" data-selenium=\"specsItemGroupName\" style=\"box-sizing: inherit; outline: none; border-bottom: 2px solid rgb(63, 154, 89); line-height: 2rem; padding: 0.9375rem 1.75rem; align-items: center; background-image: initial; background-position: initial; background-size: initial; background-repeat: initial; background-attachment: initial; background-origin: initial; background-clip: initial; display: flex;\"><svg class=\"bhIcon \" height=\"31\" width=\"25\" stroke-width=\"1.4\"><\/svg><font color=\"#3f9a59\" style=\"background-color: rgb(240, 248, 238); font-size: 2rem;\" face=\"OpenSans, Segoe UI, Helvetica, Roboto, Arial, sans-serif\"><use href=\"#ClipboardOutlineIcon\"><\/use><\/font><\/p>\n<blockquote style=\"box-sizing: inherit; outline: none; margin-bottom: 2.1875rem; box-shadow: rgb(204, 204, 204) 0px 0px 4px 1px;\"><p><font face=\"OpenSans, Segoe UI, Helvetica, Roboto, Arial, sans-serif\">Principal<\/font><\/p>\n<table class=\"table_fDXOr6EpR9\" data-selenium=\"specsItemGroupTable\" style=\"box-sizing: inherit; outline: none; width: 936.656px;\">\n<tbody style=\"box-sizing: inherit; outline: none;\">\n<tr class=\"pair_KqJ3Q3GPKv keySpec_KqJ3Q3GPKv\" data-selenium=\"specsItemGroupTableRow\" style=\"box-sizing: inherit; outline: none; border-bottom: 0.0625rem solid rgb(229, 229, 229);\">\n<td class=\"label_KqJ3Q3GPKv \" data-selenium=\"specsItemGroupTableColumnLabel\" style=\"box-sizing: inherit; outline: none; border-top: none; padding: 1.25rem 0.625rem 1.25rem 1.8125rem; width: 355.922px; line-height: 1.375rem; vertical-align: baseline;\">Distancia focal<\/td>\n<td class=\"value_KqJ3Q3GPKv \" data-selenium=\"specsItemGroupTableColumnValue\" style=\"box-sizing: inherit; outline: none; line-height: 1.375rem; vertical-align: baseline; padding: 1.25rem 0px 1.25rem 2.5rem;\">\n<div class=\"expandableValue_KqJ3Q3GPKv\" style=\"box-sizing: inherit; outline: none; height: auto;\">De 24 a 70 mm<\/div>\n<\/td>\n<\/tr>\n<tr class=\"pair_KqJ3Q3GPKv keySpec_KqJ3Q3GPKv\" data-selenium=\"specsItemGroupTableRow\" style=\"box-sizing: inherit; outline: none; border-bottom: 0.0625rem solid rgb(229, 229, 229);\">\n<td class=\"label_KqJ3Q3GPKv\" data-selenium=\"specsItemGroupTableColumnLabel\" style=\"box-sizing: inherit; outline: none; border-top: none; padding: 1.25rem 0.625rem 1.25rem 1.8125rem; width: 355.922px; line-height: 1.375rem; vertical-align: baseline;\">M\u00e1xima apertura<\/td>\n<td class=\"value_KqJ3Q3GPKv\" data-selenium=\"specsItemGroupTableColumnValue\" style=\"box-sizing: inherit; outline: none; line-height: 1.375rem; vertical-align: baseline; padding: 1.25rem 0px 1.25rem 2.5rem;\">\n<div class=\"expandableValue_KqJ3Q3GPKv\" style=\"box-sizing: inherit; outline: none; height: auto;\">f\/2.8<\/div>\n<\/td>\n<\/tr>\n<tr class=\"pair_KqJ3Q3GPKv keySpec_KqJ3Q3GPKv\" data-selenium=\"specsItemGroupTableRow\" style=\"box-sizing: inherit; outline: none; border-bottom: 0.0625rem solid rgb(229, 229, 229);\">\n<td class=\"label_KqJ3Q3GPKv\" data-selenium=\"specsItemGroupTableColumnLabel\" style=\"box-sizing: inherit; outline: none; border-top: none; padding: 1.25rem 0.625rem 1.25rem 1.8125rem; width: 355.922px; line-height: 1.375rem; vertical-align: baseline;\">Montura de lente<\/td>\n<td class=\"value_KqJ3Q3GPKv\" data-selenium=\"specsItemGroupTableColumnValue\" style=\"box-sizing: inherit; outline: none; line-height: 1.375rem; vertical-align: baseline; padding: 1.25rem 0px 1.25rem 2.5rem;\">\n<div class=\"expandableValue_KqJ3Q3GPKv\" style=\"box-sizing: inherit; outline: none; height: auto;\">Canon RF<\/div>\n<\/td>\n<\/tr>\n<tr class=\"pair_KqJ3Q3GPKv keySpec_KqJ3Q3GPKv\" data-selenium=\"specsItemGroupTableRow\" style=\"box-sizing: inherit; outline: none; border-bottom: 0.0625rem solid rgb(229, 229, 229);\">\n<td class=\"label_KqJ3Q3GPKv\" data-selenium=\"specsItemGroupTableColumnLabel\" style=\"box-sizing: inherit; outline: none; border-top: none; padding: 1.25rem 0.625rem 1.25rem 1.8125rem; width: 355.922px; line-height: 1.375rem; vertical-align: baseline;\">Cobertura de la forma de la lente<\/td>\n<td class=\"value_KqJ3Q3GPKv\" data-selenium=\"specsItemGroupTableColumnValue\" style=\"box-sizing: inherit; outline: none; line-height: 1.375rem; vertical-align: baseline; padding: 1.25rem 0px 1.25rem 2.5rem;\">\n<div class=\"expandableValue_KqJ3Q3GPKv\" style=\"box-sizing: inherit; outline: none; height: auto;\">Imagen completa<\/div>\n<\/td>\n<\/tr>\n<tr class=\"pair_KqJ3Q3GPKv keySpec_KqJ3Q3GPKv\" data-selenium=\"specsItemGroupTableRow\" style=\"box-sizing: inherit; outline: none; border-bottom: 0.0625rem solid rgb(229, 229, 229);\">\n<td class=\"label_KqJ3Q3GPKv\" data-selenium=\"specsItemGroupTableColumnLabel\" style=\"box-sizing: inherit; outline: none; border-top: none; padding: 1.25rem 0.625rem 1.25rem 1.8125rem; width: 355.922px; line-height: 1.375rem; vertical-align: baseline;\">Tipo de enfoque<\/td>\n<td class=\"value_KqJ3Q3GPKv\" data-selenium=\"specsItemGroupTableColumnValue\" style=\"box-sizing: inherit; outline: none; line-height: 1.375rem; vertical-align: baseline; padding: 1.25rem 0px 1.25rem 2.5rem;\">\n<div class=\"expandableValue_KqJ3Q3GPKv\" style=\"box-sizing: inherit; outline: none; height: auto;\">Enfoque autom\u00e1tico<\/div>\n<\/td>\n<\/tr>\n<tr class=\"pair_KqJ3Q3GPKv keySpec_KqJ3Q3GPKv\" data-selenium=\"specsItemGroupTableRow\" style=\"box-sizing: inherit; outline: none; border-bottom: 0.0625rem solid rgb(229, 229, 229);\">\n<td class=\"label_KqJ3Q3GPKv\" data-selenium=\"specsItemGroupTableColumnLabel\" style=\"box-sizing: inherit; outline: none; border-top: none; padding: 1.25rem 0.625rem 1.25rem 1.8125rem; width: 355.922px; line-height: 1.375rem; vertical-align: baseline;\">Estabilizaci\u00f3n de imagen<\/td>\n<td class=\"value_KqJ3Q3GPKv\" data-selenium=\"specsItemGroupTableColumnValue\" style=\"box-sizing: inherit; outline: none; line-height: 1.375rem; vertical-align: baseline; padding: 1.25rem 0px 1.25rem 2.5rem;\">\n<div class=\"expandableValue_KqJ3Q3GPKv\" style=\"box-sizing: inherit; outline: none; height: auto;\">S\u00ed<\/div>\n<\/td>\n<\/tr>\n<tr class=\"pair_KqJ3Q3GPKv keySpec_KqJ3Q3GPKv\" data-selenium=\"specsItemGroupTableRow\" style=\"box-sizing: inherit; outline: none; border-bottom: 0.0625rem solid rgb(229, 229, 229);\">\n<td class=\"label_KqJ3Q3GPKv\" data-selenium=\"specsItemGroupTableColumnLabel\" style=\"box-sizing: inherit; outline: none; border-top: none; padding: 1.25rem 0.625rem 1.25rem 1.8125rem; width: 355.922px; line-height: 1.375rem; vertical-align: baseline;\">Tama\u00f1o del filtro<\/td>\n<td class=\"value_KqJ3Q3GPKv\" data-selenium=\"specsItemGroupTableColumnValue\" style=\"box-sizing: inherit; outline: none; line-height: 1.375rem; vertical-align: baseline; padding: 1.25rem 0px 1.25rem 2.5rem;\">\n<div class=\"expandableValue_KqJ3Q3GPKv\" style=\"box-sizing: inherit; outline: none; height: auto;\">82 mm (delantero)<\/div>\n<\/td>\n<\/tr>\n<\/tbody>\n<\/table>\n<\/blockquote>\n<\/div>\n<\/div>\n<div class=\"group_fDXOr6EpR9\" style=\"box-sizing: inherit; outline: none; margin-bottom: 2.1875rem; font-family: OpenSans, \"Segoe UI\", Helvetica, Roboto, Arial, sans-serif; font-size: 16px;\">\n<table class=\"table_fDXOr6EpR9\" data-selenium=\"specsItemGroupTable\" style=\"box-sizing: inherit; outline: none; width: 936.656px;\">\n<tbody style=\"box-sizing: inherit; outline: none;\">\n<tr class=\"pair_KqJ3Q3GPKv\" data-selenium=\"specsItemGroupTableRow\" style=\"box-sizing: inherit; outline: none; border-bottom: 0.0625rem solid rgb(229, 229, 229);\">\n<td class=\"label_KqJ3Q3GPKv \" data-selenium=\"specsItemGroupTableColumnLabel\" style=\"box-sizing: inherit; outline: none; border-top: none; padding: 1.25rem 0px; width: 355.922px; line-height: 1.375rem; vertical-align: baseline;\">M\u00e1xima apertura<\/td>\n<td class=\"value_KqJ3Q3GPKv \" data-selenium=\"specsItemGroupTableColumnValue\" style=\"box-sizing: inherit; outline: none; line-height: 1.375rem; vertical-align: baseline; padding: 1.25rem 0px 1.25rem 2.5rem;\">\n<div class=\"expandableValue_KqJ3Q3GPKv\" style=\"box-sizing: inherit; outline: none;\">f\/2.8<\/div>\n<\/td>\n<\/tr>\n<tr class=\"pair_KqJ3Q3GPKv\" data-selenium=\"specsItemGroupTableRow\" style=\"box-sizing: inherit; outline: none; border-bottom: 0.0625rem solid rgb(229, 229, 229);\">\n<td class=\"label_KqJ3Q3GPKv\" data-selenium=\"specsItemGroupTableColumnLabel\" style=\"box-sizing: inherit; outline: none; border-top: none; padding: 1.25rem 0px; width: 355.922px; line-height: 1.375rem; vertical-align: baseline;\">Apertura m\u00ednima<\/td>\n<td class=\"value_KqJ3Q3GPKv\" data-selenium=\"specsItemGroupTableColumnValue\" style=\"box-sizing: inherit; outline: none; line-height: 1.375rem; vertical-align: baseline; padding: 1.25rem 0px 1.25rem 2.5rem;\">\n<div class=\"expandableValue_KqJ3Q3GPKv\" style=\"box-sizing: inherit; outline: none;\">f\/22<\/div>\n<\/td>\n<\/tr>\n<tr class=\"pair_KqJ3Q3GPKv\" data-selenium=\"specsItemGroupTableRow\" style=\"box-sizing: inherit; outline: none; border-bottom: 0.0625rem solid rgb(229, 229, 229);\">\n<td class=\"label_KqJ3Q3GPKv\" data-selenium=\"specsItemGroupTableColumnLabel\" style=\"box-sizing: inherit; outline: none; border-top: none; padding: 1.25rem 0px; width: 355.922px; line-height: 1.375rem; vertical-align: baseline;\">Montura de lente<\/td>\n<td class=\"value_KqJ3Q3GPKv\" data-selenium=\"specsItemGroupTableColumnValue\" style=\"box-sizing: inherit; outline: none; line-height: 1.375rem; vertical-align: baseline; padding: 1.25rem 0px 1.25rem 2.5rem;\">\n<div class=\"expandableValue_KqJ3Q3GPKv\" style=\"box-sizing: inherit; outline: none;\">Canon RF<\/div>\n<\/td>\n<\/tr>\n<tr class=\"pair_KqJ3Q3GPKv\" data-selenium=\"specsItemGroupTableRow\" style=\"box-sizing: inherit; outline: none; border-bottom: 0.0625rem solid rgb(229, 229, 229);\">\n<td class=\"label_KqJ3Q3GPKv\" data-selenium=\"specsItemGroupTableColumnLabel\" style=\"box-sizing: inherit; outline: none; border-top: none; padding: 1.25rem 0px; width: 355.922px; line-height: 1.375rem; vertical-align: baseline;\">Cobertura de la forma de la lente<\/td>\n<td class=\"value_KqJ3Q3GPKv\" data-selenium=\"specsItemGroupTableColumnValue\" style=\"box-sizing: inherit; outline: none; line-height: 1.375rem; vertical-align: baseline; padding: 1.25rem 0px 1.25rem 2.5rem;\">\n<div class=\"expandableValue_KqJ3Q3GPKv\" style=\"box-sizing: inherit; outline: none;\">Imagen completa<\/div>\n<\/td>\n<\/tr>\n<tr class=\"pair_KqJ3Q3GPKv\" data-selenium=\"specsItemGroupTableRow\" style=\"box-sizing: inherit; outline: none; border-bottom: 0.0625rem solid rgb(229, 229, 229);\">\n<td class=\"label_KqJ3Q3GPKv\" data-selenium=\"specsItemGroupTableColumnLabel\" style=\"box-sizing: inherit; outline: none; border-top: none; padding: 1.25rem 0px; width: 355.922px; line-height: 1.375rem; vertical-align: baseline;\">\u00c1ngulo<\/td>\n<td class=\"value_KqJ3Q3GPKv\" data-selenium=\"specsItemGroupTableColumnValue\" style=\"box-sizing: inherit; outline: none; line-height: 1.375rem; vertical-align: baseline; padding: 1.25rem 0px 1.25rem 2.5rem;\">\n<div class=\"expandableValue_KqJ3Q3GPKv\" style=\"box-sizing: inherit; outline: none;\">De 84\u00b0 a 34\u00b0<\/div>\n<\/td>\n<\/tr>\n<tr class=\"pair_KqJ3Q3GPKv\" data-selenium=\"specsItemGroupTableRow\" style=\"box-sizing: inherit; outline: none; border-bottom: 0.0625rem solid rgb(229, 229, 229);\">\n<td class=\"label_KqJ3Q3GPKv\" data-selenium=\"specsItemGroupTableColumnLabel\" style=\"box-sizing: inherit; outline: none; border-top: none; padding: 1.25rem 0px; width: 355.922px; line-height: 1.375rem; vertical-align: baseline;\">Distancia m\u00ednima de enfoque<\/td>\n<td class=\"value_KqJ3Q3GPKv\" data-selenium=\"specsItemGroupTableColumnValue\" style=\"box-sizing: inherit; outline: none; line-height: 1.375rem; vertical-align: baseline; padding: 1.25rem 0px 1.25rem 2.5rem;\">\n<div class=\"expandableValue_KqJ3Q3GPKv\" style=\"box-sizing: inherit; outline: none;\">8,27&#8243; \/ 21 cm<\/div>\n<\/td>\n<\/tr>\n<tr class=\"pair_KqJ3Q3GPKv\" data-selenium=\"specsItemGroupTableRow\" style=\"box-sizing: inherit; outline: none; border-bottom: 0.0625rem solid rgb(229, 229, 229);\">\n<td class=\"label_KqJ3Q3GPKv\" data-selenium=\"specsItemGroupTableColumnLabel\" style=\"box-sizing: inherit; outline: none; border-top: none; padding: 1.25rem 0px; width: 355.922px; line-height: 1.375rem; vertical-align: baseline;\">Aumento m\u00e1ximo<\/td>\n<td class=\"value_KqJ3Q3GPKv\" data-selenium=\"specsItemGroupTableColumnValue\" style=\"box-sizing: inherit; outline: none; line-height: 1.375rem; vertical-align: baseline; padding: 1.25rem 0px 1.25rem 2.5rem;\">\n<div class=\"expandableValue_KqJ3Q3GPKv\" style=\"box-sizing: inherit; outline: none;\">0,3 veces<\/div>\n<\/td>\n<\/tr>\n<tr class=\"pair_KqJ3Q3GPKv\" data-selenium=\"specsItemGroupTableRow\" style=\"box-sizing: inherit; outline: none; border-bottom: 0.0625rem solid rgb(229, 229, 229);\">\n<td class=\"label_KqJ3Q3GPKv\" data-selenium=\"specsItemGroupTableColumnLabel\" style=\"box-sizing: inherit; outline: none; border-top: none; padding: 1.25rem 0px; width: 355.922px; line-height: 1.375rem; vertical-align: baseline;\">Dise\u00f1o \u00f3ptico<\/td>\n<td class=\"value_KqJ3Q3GPKv\" data-selenium=\"specsItemGroupTableColumnValue\" style=\"box-sizing: inherit; outline: none; line-height: 1.375rem; vertical-align: baseline; padding: 1.25rem 0px 1.25rem 2.5rem;\">\n<div class=\"expandableValue_KqJ3Q3GPKv\" style=\"box-sizing: inherit; outline: none;\">21 elementos en 15 grupos<\/div>\n<\/td>\n<\/tr>\n<tr class=\"pair_KqJ3Q3GPKv\" data-selenium=\"specsItemGroupTableRow\" style=\"box-sizing: inherit; outline: none; border-bottom: 0.0625rem solid rgb(229, 229, 229);\">\n<td class=\"label_KqJ3Q3GPKv\" data-selenium=\"specsItemGroupTableColumnLabel\" style=\"box-sizing: inherit; outline: none; border-top: none; padding: 1.25rem 0px; width: 355.922px; line-height: 1.375rem; vertical-align: baseline;\">Hojas de diafragma<\/td>\n<td class=\"value_KqJ3Q3GPKv\" data-selenium=\"specsItemGroupTableColumnValue\" style=\"box-sizing: inherit; outline: none; line-height: 1.375rem; vertical-align: baseline; padding: 1.25rem 0px 1.25rem 2.5rem;\">\n<div class=\"expandableValue_KqJ3Q3GPKv\" style=\"box-sizing: inherit; outline: none;\">9, redondeado<\/div>\n<\/td>\n<\/tr>\n<tr class=\"pair_KqJ3Q3GPKv\" data-selenium=\"specsItemGroupTableRow\" style=\"box-sizing: inherit; outline: none; border-bottom: 0.0625rem solid rgb(229, 229, 229);\">\n<td class=\"label_KqJ3Q3GPKv\" data-selenium=\"specsItemGroupTableColumnLabel\" style=\"box-sizing: inherit; outline: none; border-top: none; padding: 1.25rem 0px; width: 355.922px; line-height: 1.375rem; vertical-align: baseline;\">Tipo de enfoque<\/td>\n<td class=\"value_KqJ3Q3GPKv\" data-selenium=\"specsItemGroupTableColumnValue\" style=\"box-sizing: inherit; outline: none; line-height: 1.375rem; vertical-align: baseline; padding: 1.25rem 0px 1.25rem 2.5rem;\">\n<div class=\"expandableValue_KqJ3Q3GPKv\" style=\"box-sizing: inherit; outline: none;\">Enfoque autom\u00e1tico<\/div>\n<\/td>\n<\/tr>\n<tr class=\"pair_KqJ3Q3GPKv\" data-selenium=\"specsItemGroupTableRow\" style=\"box-sizing: inherit; outline: none; border-bottom: 0.0625rem solid rgb(229, 229, 229);\">\n<td class=\"label_KqJ3Q3GPKv\" data-selenium=\"specsItemGroupTableColumnLabel\" style=\"box-sizing: inherit; outline: none; border-top: none; padding: 1.25rem 0px; width: 355.922px; line-height: 1.375rem; vertical-align: baseline;\">Estabilizaci\u00f3n de imagen<\/td>\n<td class=\"value_KqJ3Q3GPKv\" data-selenium=\"specsItemGroupTableColumnValue\" style=\"box-sizing: inherit; outline: none; line-height: 1.375rem; vertical-align: baseline; padding: 1.25rem 0px 1.25rem 2.5rem;\">\n<div class=\"expandableValue_KqJ3Q3GPKv\" style=\"box-sizing: inherit; outline: none;\">S\u00ed<\/div>\n<\/td>\n<\/tr>\n<tr class=\"pair_KqJ3Q3GPKv\" data-selenium=\"specsItemGroupTableRow\" style=\"box-sizing: inherit; outline: none; border-bottom: 0.0625rem solid rgb(229, 229, 229);\">\n<td class=\"label_KqJ3Q3GPKv\" data-selenium=\"specsItemGroupTableColumnLabel\" style=\"box-sizing: inherit; outline: none; border-top: none; padding: 1.25rem 0px; width: 355.922px; line-height: 1.375rem; vertical-align: baseline;\">Tama\u00f1o del filtro<\/td>\n<td class=\"value_KqJ3Q3GPKv\" data-selenium=\"specsItemGroupTableColumnValue\" style=\"box-sizing: inherit; outline: none; line-height: 1.375rem; vertical-align: baseline; padding: 1.25rem 0px 1.25rem 2.5rem;\">\n<div class=\"expandableValue_KqJ3Q3GPKv\" style=\"box-sizing: inherit; outline: none;\">82 mm (delantero)<\/div>\n<\/td>\n<\/tr>\n<tr class=\"pair_KqJ3Q3GPKv\" data-selenium=\"specsItemGroupTableRow\" style=\"box-sizing: inherit; outline: none; border-bottom: 0.0625rem solid rgb(229, 229, 229);\">\n<td class=\"label_KqJ3Q3GPKv\" data-selenium=\"specsItemGroupTableColumnLabel\" style=\"box-sizing: inherit; outline: none; border-top: none; padding: 1.25rem 0px; width: 355.922px; line-height: 1.375rem; vertical-align: baseline;\">Dimensiones (\u00f8 x L)<\/td>\n<td class=\"value_KqJ3Q3GPKv\" data-selenium=\"specsItemGroupTableColumnValue\" style=\"box-sizing: inherit; outline: none; line-height: 1.375rem; vertical-align: baseline; padding: 1.25rem 0px 1.25rem 2.5rem;\">\n<div class=\"expandableValue_KqJ3Q3GPKv\" style=\"box-sizing: inherit; outline: none;\">88,5 x 125,7 mil\u00edmetros<\/div>\n<\/td>\n<\/tr>\n<tr class=\"pair_KqJ3Q3GPKv\" data-selenium=\"specsItemGroupTableRow\" style=\"box-sizing: inherit; outline: none; border-bottom: 0.0625rem solid rgb(229, 229, 229);\">\n<td class=\"label_KqJ3Q3GPKv\" data-selenium=\"specsItemGroupTableColumnLabel\" style=\"box-sizing: inherit; outline: none; border-top: none; padding: 1.25rem 0px; width: 355.922px; line-height: 1.375rem; vertical-align: baseline;\">Longitud en extensi\u00f3n m\u00e1xima<\/td>\n<td class=\"value_KqJ3Q3GPKv\" data-selenium=\"specsItemGroupTableColumnValue\" style=\"box-sizing: inherit; outline: none; line-height: 1.375rem; vertical-align: baseline; padding: 1.25rem 0px 1.25rem 2.5rem;\">\n<div class=\"expandableValue_KqJ3Q3GPKv\" style=\"box-sizing: inherit; outline: none;\">154 mil\u00edmetros<\/div>\n<\/td>\n<\/tr>\n<tr class=\"pair_KqJ3Q3GPKv\" data-selenium=\"specsItemGroupTableRow\" style=\"box-sizing: inherit; outline: none; border-bottom: 0.0625rem solid rgb(229, 229, 229);\">\n<td class=\"label_KqJ3Q3GPKv\" data-selenium=\"specsItemGroupTableColumnLabel\" style=\"box-sizing: inherit; outline: none; border-top: none; padding: 1.25rem 0px; width: 355.922px; line-height: 1.375rem; vertical-align: baseline;\">Peso<\/td>\n<td class=\"value_KqJ3Q3GPKv\" data-selenium=\"specsItemGroupTableColumnValue\" style=\"box-sizing: inherit; outline: none; line-height: 1.375rem; vertical-align: baseline; padding: 1.25rem 0px 1.25rem 2.5rem;\">\n<div class=\"expandableValue_KqJ3Q3GPKv\" style=\"box-sizing: inherit; outline: none;\">&nbsp;900 gramos<\/div>\n<\/td>\n<\/tr>\n<\/tbody>\n<\/table>\n<\/div>\n","protected":false},"excerpt":{"rendered":"<p>CANON RF 24-70MM F2.8L IS USM Funciones: Contenido del paquete: 1x RF 24-70MM F2.8L IS USM 1x Parasol EW-88E 1x<\/p>\n","protected":false},"featured_media":48134,"comment_status":"closed","ping_status":"closed","template":"","meta":{"_acf_changed":false},"product_brand":[2538],"product_cat":[1062],"product_tag":[],"class_list":{"0":"post-71620","1":"product","2":"type-product","3":"status-publish","4":"has-post-thumbnail","6":"product_brand-canon-es","7":"product_cat-mirrorless-objectivos","8":"pa_abertura-maxima-f-2-8-es","9":"pa_cor-negro","10":"pa_diametro-82mm-es","11":"pa_estabilizacao-de-imagem-si","12":"pa_montagem-da-objetiva-canon-rf-es","13":"pa_sensor-fotograma-completo","14":"pa_tipo-de-foco-enfoque-automatico","15":"pa_tipo-de-objetiva-estandar","16":"pa_zoom-fixa-zoom-externo-es","18":"first","19":"pre-order","20":"sale","21":"taxable","22":"shipping-taxable","23":"purchasable","24":"product-type-simple"},"bundled_by":["90939","90944","91002","91014","91317"],"bundle_stock_status":"pre-order","bundle_stock_quantity":null,"bundle_virtual":false,"bundle_layout":"","bundle_add_to_cart_form_location":"","bundle_editable_in_cart":false,"bundle_sold_individually_context":"","bundle_item_grouping":"","bundle_min_size":"","bundle_max_size":"","bundle_price":[],"bundled_items":[],"bundle_sell_ids":[],"acf":[],"_links":{"self":[{"href":"https:\/\/hi-techwonder.com\/es\/wp-json\/wp\/v2\/product\/71620","targetHints":{"allow":["GET"]}}],"collection":[{"href":"https:\/\/hi-techwonder.com\/es\/wp-json\/wp\/v2\/product"}],"about":[{"href":"https:\/\/hi-techwonder.com\/es\/wp-json\/wp\/v2\/types\/product"}],"replies":[{"embeddable":true,"href":"https:\/\/hi-techwonder.com\/es\/wp-json\/wp\/v2\/comments?post=71620"}],"wp:featuredmedia":[{"embeddable":true,"href":"https:\/\/hi-techwonder.com\/es\/wp-json\/wp\/v2\/media\/48134"}],"wp:attachment":[{"href":"https:\/\/hi-techwonder.com\/es\/wp-json\/wp\/v2\/media?parent=71620"}],"wp:term":[{"taxonomy":"product_brand","embeddable":true,"href":"https:\/\/hi-techwonder.com\/es\/wp-json\/wp\/v2\/product_brand?post=71620"},{"taxonomy":"product_cat","embeddable":true,"href":"https:\/\/hi-techwonder.com\/es\/wp-json\/wp\/v2\/product_cat?post=71620"},{"taxonomy":"product_tag","embeddable":true,"href":"https:\/\/hi-techwonder.com\/es\/wp-json\/wp\/v2\/product_tag?post=71620"}],"curies":[{"name":"wp","href":"https:\/\/api.w.org\/{rel}","templated":true}]}}