{"id":71622,"date":"2025-07-29T09:22:35","date_gmt":"2025-07-29T09:22:35","guid":{"rendered":"https:\/\/fv6qoy3ls0.wpdns.site\/produto\/canon-rf-24-240mm-f4-6-3-es-nano-usm\/"},"modified":"2026-05-07T17:42:37","modified_gmt":"2026-05-07T16:42:37","slug":"canon-rf-24-240mm-f4-6-3-es-nano-usm","status":"publish","type":"product","link":"https:\/\/hi-techwonder.com\/es\/producto\/canon-rf-24-240mm-f4-6-3-es-nano-usm\/","title":{"rendered":"CANON RF 24-240mm F4-6.3 ES NANO USM"},"content":{"rendered":"<p><span style=\"color: #000000;\"><span style=\"color: #000000;\">Objetivo zoom 10x vers\u00e1til y port\u00e1til para el sistema EOS R, ideal para todo, desde paisajes y retratos gran angular que llenan toda la imagen hasta la naturaleza y los deportes de primer plano.<\/span><\/span><\/p>\n<p><strong><span style=\"color: #000000;\">Disfruta de la movilidad y s\u00e9 espont\u00e1neo<\/span><\/strong><\/p>\n<p><span style=\"color: #000000;\">Descubre la libertad de disparar con un \u00fanico objetivo vers\u00e1til. El RF 24-240MM F4-6.3 IS USM tiene casi todas las distancias focales que necesita y pesa solo 750 g. Perfecto para viajar.  <\/span><\/p>\n<p><strong><span style=\"color: #000000;\">Calidad de imagen de fotograma completo<\/span><\/strong><\/p>\n<p><span style=\"color: #000000;\">Disfruta de una calidad de imagen de fotograma completo en toda el \u00e1rea de zoom de 10x. El estabilizador de imagen ofrece resultados incre\u00edblemente n\u00edtidos con poca luz y a largas distancias focales. <\/span><\/p>\n<p><strong><span style=\"color: #000000;\">Enfoque r\u00e1pido y flexible<\/span><\/strong><\/p>\n<p><span style=\"color: #000000;\">El AF es r\u00e1pido y silencioso, ideal para fotografiar la vida silvestre. Para videos, el RF 24-240MM F4-6.3 IS USM enfoca con mayor suavidad para crear efectos de enfoque controlados de aspecto profesional. <\/span><\/p>\n<p><strong><span style=\"color: #000000;\">Objetivo de RF nativo<\/span><\/strong><\/p>\n<p><span style=\"color: #000000;\">El sistema EOS R ofrece un rendimiento excelente con un enfoque r\u00e1pido en pr\u00e1cticamente toda la imagen y un optimizador digital de objetivos integrado. El anillo de control de la lente se puede personalizar seg\u00fan sus necesidades. <\/span><\/p>\n<div><span style=\"color: #000000;\"><span style=\"color: #000000;\"><span style=\"font-size: small;\"><span style=\"color: #000000;\"> <object data=\"https:\/\/www.youtube.com\/v\/D_aO7YkvyVg\" type=\"application\/x-shockwave-flash\" width=\"425\" height=\"350\"><param name=\"src\" value=\"https:\/\/www.youtube.com\/v\/D_aO7YkvyVg\"><\/object> <\/span><\/span><\/span><\/span><\/div>\n<div>\n<div><strong><span style=\"color: #000000;\"><span style=\"font-size: small;\"><span style=\"color: #000000;\"><span style=\"font-size: small;\"><span style=\"color: #000000;\">Productos destacados:<\/span><\/span><\/span><\/span><\/span><\/strong><\/div>\n<div>\n<ul>\n<li><span style=\"color: #000000;\"><span style=\"font-size: small;\"><span style=\"color: #000000;\"><span style=\"font-size: small;\"><span style=\"color: #000000;\">Lente con montura RF\/formato de fotograma completo<\/span><\/span><\/span><\/span><\/span><\/li>\n<li><span style=\"color: #000000;\"><span style=\"font-size: small;\"><span style=\"color: #000000;\"><span style=\"font-size: small;\"><span style=\"color: #000000;\">Sistema Nano USM AF<\/span><\/span><\/span><\/span><\/span><\/li>\n<li><span style=\"color: #000000;\"><span style=\"font-size: small;\"><span style=\"color: #000000;\"><span style=\"font-size: small;\"><span style=\"color: #000000;\">Estabilizador \u00f3ptico de imagen e IS din\u00e1mico<\/span><\/span><\/span><\/span><\/span><\/li>\n<li><span style=\"color: #000000;\"><span style=\"font-size: small;\"><span style=\"color: #000000;\"><span style=\"font-size: small;\"><span style=\"color: #000000;\">Anillo de control personalizable<\/span><\/span><\/span><\/span><\/span><\/li>\n<\/ul>\n<\/div>\n<div><span style=\"color: #000000;\"><span style=\"font-size: small;\"><span style=\"color: #000000;\"><span style=\"font-size: small;\"><span style=\"color: #000000;\">&nbsp;<\/span><\/span><\/span><\/span><\/span><\/div>\n<div><span style=\"color: #000000;\"><span style=\"font-size: small;\"><span style=\"color: #000000;\"><span style=\"font-size: small;\"><span style=\"color: #000000;\">Con un impresionante rango de gran angular a superteleobjetivo, el RF 24-240mm f\/4-6.3 IS USM de Canon es un verdadero objetivo todo en uno para casi cualquier situaci\u00f3n de disparo. Su rango de zoom de 10x se complementa con un estabilizador \u00f3ptico de imagen, que compensa hasta cinco paradas de movimiento de la c\u00e1mara para obtener mejores im\u00e1genes n\u00edtidas cuando se dispara sin tr\u00edpode. El IS din\u00e1mico tambi\u00e9n beneficia la grabaci\u00f3n de video y compensa mejor las im\u00e1genes filmadas mientras camina o se mueve. Beneficiando tanto a las im\u00e1genes fijas como al video es un motor de enfoque autom\u00e1tico Nano USM, que ofrece un rendimiento de enfoque r\u00e1pido, silencioso y preciso. Adem\u00e1s, la lente tambi\u00e9n cuenta con un anillo de control personalizable \u00fanico, que se puede configurar para ajustar una variedad de configuraciones de exposici\u00f3n, incluida la apertura, ISO y compensaci\u00f3n de exposici\u00f3n.    <\/span><\/span><\/span><\/span><\/span><\/div>\n<div><span style=\"color: #000000;\"><span style=\"font-size: small;\"><span style=\"color: #000000;\"><span style=\"font-size: small;\"><span style=\"color: #000000;\">&nbsp;<\/span><\/span><\/span><\/span><\/span><\/div>\n<div>\n<ul>\n<li><span style=\"color: #000000;\"><span style=\"font-size: small;\"><span style=\"color: #000000;\"><span style=\"font-size: small;\"><span style=\"color: #000000;\">El zoom todo en uno est\u00e1 dise\u00f1ado para su uso con c\u00e1maras mirrorless de fotograma completo con montura RF de Canon.<\/span><\/span><\/span><\/span><\/span><\/li>\n<li><span style=\"color: #000000;\"><span style=\"font-size: small;\"><span style=\"color: #000000;\"><span style=\"font-size: small;\"><span style=\"color: #000000;\">Un estabilizador \u00f3ptico de imagen ayuda a minimizar la apariencia de movimiento de la c\u00e1mara en cinco paradas para permitir trabajar mejor en condiciones de poca luz y con velocidades de obturaci\u00f3n m\u00e1s lentas. Adem\u00e1s, al grabar video, Dynamic IS est\u00e1 disponible y es un tipo de estabilizaci\u00f3n m\u00e1s activo para adaptarse a la grabaci\u00f3n mientras camina o se mueve, y es especialmente \u00fatil en el extremo gran angular del rango de zoom. <\/span><\/span><\/span><\/span><\/span><\/li>\n<li><span style=\"color: #000000;\"><span style=\"font-size: small;\"><span style=\"color: #000000;\"><span style=\"font-size: small;\"><span style=\"color: #000000;\">El sistema Nano USM utiliza un USM de tipo anillo y un mecanismo STM para realizar un enfoque r\u00e1pido y preciso que tambi\u00e9n es suave y casi silencioso para adaptarse tanto a aplicaciones de fotograf\u00eda como de video. Este sistema de enfoque tambi\u00e9n ofrece un control de enfoque manual a tiempo completo cuando se trabaja en el modo AF de disparo \u00fanico. <\/span><\/span><\/span><\/span><\/span><\/li>\n<li><span style=\"color: #000000;\"><span style=\"font-size: small;\"><span style=\"color: #000000;\"><span style=\"font-size: small;\"><span style=\"color: #000000;\">El anillo de control configurable se puede utilizar para ajustar una variedad de configuraciones de exposici\u00f3n, incluida la apertura, ISO y compensaci\u00f3n de exposici\u00f3n.<\/span><\/span><\/span><\/span><\/span><\/li>\n<\/ul>\n<\/div>\n<p><span style=\"color: #000000;\"><span style=\"font-size: small;\"><span style=\"color: #000000;\">&nbsp;<\/span><\/span><\/span><\/p>\n<h2 class=\"western\" style=\"font-weight: normal;\"><span style=\"font-size: small;\"><span style=\"color: #000000;\"><span style=\"font-size: small;\"><span style=\"color: #000000;\"><span style=\"font-size: small;\"><span style=\"color: #000000;\">Canon RF 24-240mm f\/4-6.3 IS USM Ficha Tecnica<\/span><\/span><\/span><\/span><\/span><\/span><\/h2>\n<table style=\"width: 524px;\" border=\"0\" cellspacing=\"0\" cellpadding=\"2\">\n<colgroup>\n<col width=\"228\">\n<col width=\"289\"> <\/colgroup>\n<tbody>\n<tr>\n<td width=\"228\">\n<p style=\"border-top: none; border-bottom: 1px solid #e6e7e8; border-left: none; border-right: none; padding: 0cm 0cm 0.53cm 0cm;\"><span style=\"color: #000000;\"><span style=\"font-size: small;\"><span style=\"color: #000000;\"><span style=\"font-size: small;\"><span style=\"color: #000000;\">Distancia focal<\/span><\/span><\/span><\/span><\/span><\/p>\n<\/td>\n<td width=\"289\">\n<p style=\"border-top: none; border-bottom: 1px solid #e6e7e8; border-left: none; border-right: none; padding: 0cm 0cm 0.53cm 0cm;\"><span style=\"color: #000000;\"><span style=\"font-size: small;\"><span style=\"color: #000000;\"><span style=\"font-size: small;\"><span style=\"color: #000000;\">De 24 a 240 mm<\/span><\/span><\/span><\/span><\/span><\/p>\n<\/td>\n<\/tr>\n<tr>\n<td width=\"228\">\n<p style=\"border-top: none; border-bottom: 1px solid #e6e7e8; border-left: none; border-right: none; padding: 0cm 0cm 0.53cm 0cm;\"><span style=\"color: #000000;\"><span style=\"font-size: small;\"><span style=\"color: #000000;\"><span style=\"font-size: small;\"><span style=\"color: #000000;\">Apertura m\u00e1xima<\/span><\/span><\/span><\/span><\/span><\/p>\n<\/td>\n<td width=\"289\">\n<p style=\"border-top: none; border-bottom: 1px solid #e6e7e8; border-left: none; border-right: none; padding: 0cm 0cm 0.53cm 0cm;\"><span style=\"color: #000000;\"><span style=\"font-size: small;\"><span style=\"color: #000000;\"><span style=\"font-size: small;\"><span style=\"color: #000000;\">f\/4 a 6.3<\/span><\/span><\/span><\/span><\/span><\/p>\n<\/td>\n<\/tr>\n<tr>\n<td width=\"228\">\n<p style=\"border-top: none; border-bottom: 1px solid #e6e7e8; border-left: none; border-right: none; padding: 0cm 0cm 0.53cm 0cm;\"><span style=\"color: #000000;\"><span style=\"font-size: small;\"><span style=\"color: #000000;\"><span style=\"font-size: small;\"><span style=\"color: #000000;\">Montura de lente<\/span><\/span><\/span><\/span><\/span><\/p>\n<\/td>\n<td width=\"289\">\n<p style=\"border-top: none; border-bottom: 1px solid #e6e7e8; border-left: none; border-right: none; padding: 0cm 0cm 0.53cm 0cm;\"><span style=\"color: #000000;\"><span style=\"font-size: small;\"><span style=\"color: #000000;\"><span style=\"font-size: small;\"><span style=\"color: #000000;\">Canon RF<\/span><\/span><\/span><\/span><\/span><\/p>\n<\/td>\n<\/tr>\n<tr>\n<td width=\"228\">\n<p style=\"border-top: none; border-bottom: 1px solid #e6e7e8; border-left: none; border-right: none; padding: 0cm 0cm 0.53cm 0cm;\"><span style=\"color: #000000;\"><span style=\"font-size: small;\"><span style=\"color: #000000;\"><span style=\"font-size: small;\"><span style=\"color: #000000;\">Compatibilidad de formatos<\/span><\/span><\/span><\/span><\/span><\/p>\n<\/td>\n<td width=\"289\">\n<p style=\"border-top: none; border-bottom: 1px solid #e6e7e8; border-left: none; border-right: none; padding: 0cm 0cm 0.53cm 0cm;\"><span style=\"color: #000000;\"><span style=\"font-size: small;\"><span style=\"color: #000000;\"><span style=\"font-size: small;\"><span style=\"color: #000000;\">Fotograma completo<\/span><\/span><\/span><\/span><\/span><\/p>\n<\/td>\n<\/tr>\n<tr>\n<td width=\"228\">\n<p style=\"border-top: none; border-bottom: 1px solid #e6e7e8; border-left: none; border-right: none; padding: 0cm 0cm 0.53cm 0cm;\"><span style=\"color: #000000;\"><span style=\"font-size: small;\"><span style=\"color: #000000;\"><span style=\"font-size: small;\"><span style=\"color: #000000;\">Distancia m\u00ednima de enfoque<\/span><\/span><\/span><\/span><\/span><\/p>\n<\/td>\n<td width=\"289\">\n<p style=\"border-top: none; border-bottom: 1px solid #e6e7e8; border-left: none; border-right: none; padding: 0cm 0cm 0.53cm 0cm;\"><span style=\"color: #000000;\"><span style=\"font-size: small;\"><span style=\"color: #000000;\"><span style=\"font-size: small;\"><span style=\"color: #000000;\">50 cm<\/span><\/span><\/span><\/span><\/span><\/p>\n<\/td>\n<\/tr>\n<tr>\n<td width=\"228\">\n<p style=\"border-top: none; border-bottom: 1px solid #e6e7e8; border-left: none; border-right: none; padding: 0cm 0cm 0.53cm 0cm;\"><span style=\"color: #000000;\"><span style=\"font-size: small;\"><span style=\"color: #000000;\"><span style=\"font-size: small;\"><span style=\"color: #000000;\">Tipo de enfoque<\/span><\/span><\/span><\/span><\/span><\/p>\n<\/td>\n<td width=\"289\">\n<p style=\"border-top: none; border-bottom: 1px solid #e6e7e8; border-left: none; border-right: none; padding: 0cm 0cm 0.53cm 0cm;\"><span style=\"color: #000000;\"><span style=\"font-size: small;\"><span style=\"color: #000000;\"><span style=\"font-size: small;\"><span style=\"color: #000000;\">Enfoque autom\u00e1tico<\/span><\/span><\/span><\/span><\/span><\/p>\n<\/td>\n<\/tr>\n<tr>\n<td width=\"228\">\n<p style=\"border-top: none; border-bottom: 1px solid #e6e7e8; border-left: none; border-right: none; padding: 0cm 0cm 0.53cm 0cm;\"><span style=\"color: #000000;\"><span style=\"font-size: small;\"><span style=\"color: #000000;\"><span style=\"font-size: small;\"><span style=\"color: #000000;\">Estabilizaci\u00f3n de imagen<\/span><\/span><\/span><\/span><\/span><\/p>\n<\/td>\n<td width=\"289\">\n<p style=\"border-top: none; border-bottom: 1px solid #e6e7e8; border-left: none; border-right: none; padding: 0cm 0cm 0.53cm 0cm;\"><span style=\"color: #000000;\"><span style=\"font-size: small;\"><span style=\"color: #000000;\"><span style=\"font-size: small;\"><span style=\"color: #000000;\">S\u00ed<\/span><\/span><\/span><\/span><\/span><\/p>\n<\/td>\n<\/tr>\n<tr>\n<td width=\"228\">\n<p style=\"border-top: none; border-bottom: 1px solid #e6e7e8; border-left: none; border-right: none; padding: 0cm 0cm 0.53cm 0cm;\"><span style=\"color: #000000;\"><span style=\"font-size: small;\"><span style=\"color: #000000;\"><span style=\"font-size: small;\"><span style=\"color: #000000;\">Tama\u00f1o del filtro<\/span><\/span><\/span><\/span><\/span><\/p>\n<\/td>\n<td width=\"289\">\n<p style=\"border-top: none; border-bottom: 1px solid #e6e7e8; border-left: none; border-right: none; padding: 0cm 0cm 0.53cm 0cm;\"><span style=\"color: #000000;\"><span style=\"font-size: small;\"><span style=\"color: #000000;\"><span style=\"font-size: small;\"><span style=\"color: #000000;\">72 mm (Frontal)<\/span><\/span><\/span><\/span><\/span><\/p>\n<\/td>\n<\/tr>\n<tr>\n<td width=\"228\">\n<p style=\"border-top: none; border-bottom: 1px solid #e6e7e8; border-left: none; border-right: none; padding: 0cm 0cm 0.53cm 0cm;\"><span style=\"color: #000000;\"><span style=\"font-size: small;\"><span style=\"color: #000000;\"><span style=\"font-size: small;\"><span style=\"color: #000000;\">Dimensiones (\u00f8 x L)<\/span><\/span><\/span><\/span><\/span><\/p>\n<\/td>\n<td width=\"289\">\n<p style=\"border-top: none; border-bottom: 1px solid #e6e7e8; border-left: none; border-right: none; padding: 0cm 0cm 0.53cm 0cm;\"><span style=\"color: #000000;\"><span style=\"font-size: small;\"><span style=\"color: #000000;\"><span style=\"font-size: small;\"><span style=\"color: #000000;\">81,28 x 121,92 mil\u00edmetros<\/span><\/span><\/span><\/span><\/span><\/p>\n<\/td>\n<\/tr>\n<tr>\n<td width=\"228\">\n<p style=\"border-top: none; border-bottom: 1px solid #e6e7e8; border-left: none; border-right: none; padding: 0cm 0cm 0.53cm 0cm;\"><span style=\"color: #000000;\"><span style=\"font-size: small;\"><span style=\"color: #000000;\"><span style=\"font-size: small;\"><span style=\"color: #000000;\">Peso<\/span><\/span><\/span><\/span><\/span><\/p>\n<\/td>\n<td width=\"289\">\n<p style=\"border-top: none; border-bottom: 1px solid #e6e7e8; border-left: none; border-right: none; padding: 0cm 0cm 0.53cm 0cm;\"><span style=\"color: #000000;\"><span style=\"font-size: small;\"><span style=\"color: #000000;\"><span style=\"font-size: small;\"><span style=\"color: #000000;\">751,26 gramos<\/span><\/span><\/span><\/span><\/span><\/p>\n<\/td>\n<\/tr>\n<\/tbody>\n<\/table>\n<p><span style=\"font-size: small;\"><span style=\"color: #000000;\"><span style=\"font-size: small;\"><span style=\"color: #000000;\">En la caja:<\/span><\/span><\/span><\/span><\/p>\n<ul>\n<li><span style=\"color: #000000;\"><span style=\"font-size: small;\"><span style=\"color: #000000;\"><span style=\"font-size: small;\"><span style=\"color: #000000;\">Objetivo Canon RF 24-240mm f\/4-6.3 IS USM<\/span><\/span><\/span><\/span><\/span><\/li>\n<li><span style=\"color: #000000;\"><span style=\"font-size: small;\"><span style=\"color: #000000;\"><span style=\"font-size: small;\"><span style=\"color: #000000;\">Tapa de lente E-72 II 72mm<\/span><\/span><\/span><\/span><\/span><\/li>\n<li><span style=\"color: #000000;\"><span style=\"font-size: small;\"><span style=\"color: #000000;\"><span style=\"font-size: small;\"><span style=\"color: #000000;\">Tapa antipolvo de lente RF<\/span><\/span><\/span><\/span><\/span><\/li>\n<\/ul>\n<p style=\"margin-bottom: 0cm;\"><span style=\"color: #000000;\"><span style=\"font-size: small;\"><span style=\"color: #000000;\">&nbsp;<\/span><\/span><\/span><\/p>\n<\/div>\n","protected":false},"excerpt":{"rendered":"<p>Objetivo zoom 10x vers\u00e1til y port\u00e1til para el sistema EOS R, ideal para todo, desde paisajes y retratos gran angular<\/p>\n","protected":false},"featured_media":48131,"comment_status":"closed","ping_status":"closed","template":"","meta":{"_acf_changed":false},"product_brand":[2538],"product_cat":[1062],"product_tag":[],"class_list":{"0":"post-71622","1":"product","2":"type-product","3":"status-publish","4":"has-post-thumbnail","6":"product_brand-canon-es","7":"product_cat-mirrorless-objectivos","8":"pa_abertura-maxima-f-4-6-3-es","9":"pa_cor-negro","10":"pa_diametro-72mm-es","11":"pa_estabilizacao-de-imagem-si","12":"pa_montagem-da-objetiva-canon-rf-es","13":"pa_sensor-fotograma-completo","14":"pa_tipo-de-foco-enfoque-automatico","15":"pa_tipo-de-objetiva-superzoom","16":"pa_zoom-fixa-zoom-externo-es","18":"first","19":"onbackorder","20":"sale","21":"taxable","22":"shipping-taxable","23":"purchasable","24":"product-type-simple"},"bundled_by":[],"bundle_stock_status":"onbackorder","bundle_stock_quantity":null,"bundle_virtual":false,"bundle_layout":"","bundle_add_to_cart_form_location":"","bundle_editable_in_cart":false,"bundle_sold_individually_context":"","bundle_item_grouping":"","bundle_min_size":"","bundle_max_size":"","bundle_price":[],"bundled_items":[],"bundle_sell_ids":[],"acf":[],"_links":{"self":[{"href":"https:\/\/hi-techwonder.com\/es\/wp-json\/wp\/v2\/product\/71622","targetHints":{"allow":["GET"]}}],"collection":[{"href":"https:\/\/hi-techwonder.com\/es\/wp-json\/wp\/v2\/product"}],"about":[{"href":"https:\/\/hi-techwonder.com\/es\/wp-json\/wp\/v2\/types\/product"}],"replies":[{"embeddable":true,"href":"https:\/\/hi-techwonder.com\/es\/wp-json\/wp\/v2\/comments?post=71622"}],"wp:featuredmedia":[{"embeddable":true,"href":"https:\/\/hi-techwonder.com\/es\/wp-json\/wp\/v2\/media\/48131"}],"wp:attachment":[{"href":"https:\/\/hi-techwonder.com\/es\/wp-json\/wp\/v2\/media?parent=71622"}],"wp:term":[{"taxonomy":"product_brand","embeddable":true,"href":"https:\/\/hi-techwonder.com\/es\/wp-json\/wp\/v2\/product_brand?post=71622"},{"taxonomy":"product_cat","embeddable":true,"href":"https:\/\/hi-techwonder.com\/es\/wp-json\/wp\/v2\/product_cat?post=71622"},{"taxonomy":"product_tag","embeddable":true,"href":"https:\/\/hi-techwonder.com\/es\/wp-json\/wp\/v2\/product_tag?post=71622"}],"curies":[{"name":"wp","href":"https:\/\/api.w.org\/{rel}","templated":true}]}}