{"id":71623,"date":"2025-07-29T09:23:08","date_gmt":"2025-07-29T09:23:08","guid":{"rendered":"https:\/\/fv6qoy3ls0.wpdns.site\/produto\/canon-rf-16mm-f2-8-stm\/"},"modified":"2026-04-22T02:20:06","modified_gmt":"2026-04-22T01:20:06","slug":"canon-rf-16mm-f2-8-stm","status":"publish","type":"product","link":"https:\/\/hi-techwonder.com\/es\/producto\/canon-rf-16mm-f2-8-stm\/","title":{"rendered":"CANON RF 16mm F2.8 STM"},"content":{"rendered":"<p>Conozca el <strong>RF 16MM F2.8 STM<\/strong>. Es el objetivo m\u00e1s asequible de la serie EOS R para vlogs y mucho m\u00e1s. Para obtener im\u00e1genes ultra anchas, n\u00edtidas y claras, este objetivo fijo de fotograma completo de 16 mm, ligero y supercompacto, transformar\u00e1 tus im\u00e1genes y v\u00eddeos, inspirando la creatividad en cada oportunidad, desde paisajes hasta arquitectura e incluso astrofotograf\u00eda.<\/p>\n<p><strong>Vista ultra gran angular para capturar cada detalle<\/strong><\/p>\n<p>Con 16 mm, la distancia focal de fotograma completo del RF 16MM F2.8 STM es ultra gran angular, lo que ofrece un potencial de vlogging ideal y excelentes oportunidades creativas para los creadores de contenido que graban interiores y vistas amplias.<\/p>\n<p><strong>Motor STM suave y silencioso, perfecto para la grabaci\u00f3n de video<\/strong><\/p>\n<p>El motor de lente STM ofrece un enfoque refinado y silencioso y una excelente suavidad. Es r\u00e1pido para im\u00e1genes fijas y tambi\u00e9n proporciona ese impresionante aspecto cinematogr\u00e1fico en los videos.<\/p>\n<p><strong>Apertura circular r\u00e1pida de f\/2.8<\/strong><\/p>\n<p>El RF 16MM F2.8 STM tiene una apertura r\u00e1pida de f\/2.8 que garantiza un bokeh y reflejos suaves, ideal para paisajes en primer plano, as\u00ed como control de profundidad de campo cuando desea hacer vlogs.<\/p>\n<p><strong>Una lente incre\u00edblemente peque\u00f1a y liviana que va a cualquier parte<\/strong><\/p>\n<p>El RF 16MM F2.8 STM pesa solo 165 g y mide solo 40.1 mm1 de longitud, por lo que puede dejarlo en su c\u00e1mara todo el d\u00eda o guardarlo en su kit y sacarlo para momentos creativos espont\u00e1neos.<\/p>\n<p><strong>Excelente calidad de imagen<\/strong><\/p>\n<p>El RF 16MM F2.8 STM incluye nueve elementos de lente en siete grupos con una sola lente asf\u00e9rica PMo para una excelente reproducci\u00f3n del color e im\u00e1genes n\u00edtidas y contrastadas, ideal para arquitectura y viajes.<\/p>\n<p><strong>Ac\u00e9rcate a la acci\u00f3n con el modo de recorte<\/strong><\/p>\n<p>Al disparar en modo recorte, el RF 16mm F2.8 STM se convierte en un objetivo gran angular de 25,6 mm en la pr\u00e1ctica como segundo objetivo, lo que lo hace ideal para los creadores de contenido que buscan m\u00e1s opciones.<\/p>\n<h3 class=\"product-specification-detail__sub-title canon-section-title--small canon-mb-s\" style=\"box-sizing: inherit; margin: 0px 0px 40px; padding: 0px; font-size: 28px; line-height: 35px; color: #323232; font-family: 'Gotham SSm A', 'Gotham SSm B', Helvetica, sans-serif;\">Caracter\u00edsticas\/funcionalidades \u00f3pticas<\/h3>\n<ul class=\"product-specification-detail__list canon-mb-xm\" style=\"box-sizing: inherit; margin: 0px 0px 60px; padding: 0px; list-style: none; color: #323232; font-family: 'Gotham SSm A', 'Gotham SSm B', Helvetica, sans-serif; font-size: 14px;\">\n<li class=\"product-specification-detail__list-line canon-mb-xxs\" style=\"box-sizing: inherit; margin: 0px 0px 20px; padding: 20px 0px; border-bottom: 1px solid #eceded; display: flex; border-top: 1px solid #eceded;\">\n<div class=\"product-specification-detail__list-key canon-paragraph--big\" style=\"box-sizing: inherit; font-size: 16px; line-height: 24px; flex-basis: 40%;\">Distancia focal equivalente a una pel\u00edcula de 35 mm (mm)<\/div>\n<div class=\"product-specification-detail__value-wrapper\" style=\"box-sizing: inherit; flex-basis: 60%;\">\n<div class=\"product-specification-detail__list-value canon-paragraph--big\" style=\"box-sizing: inherit; font-size: 16px; line-height: 24px; padding-top: 6px; word-break: normal;\">16 mil\u00edmetros<\/div>\n<\/div>\n<\/li>\n<li class=\"product-specification-detail__list-line canon-mb-xxs\" style=\"box-sizing: inherit; margin: 0px 0px 20px; padding: 0px 0px 20px; border-bottom: 1px solid #eceded; display: flex;\">\n<div class=\"product-specification-detail__list-key canon-paragraph--big\" style=\"box-sizing: inherit; font-size: 16px; line-height: 24px; flex-basis: 40%;\">\u00c1ngulo de visi\u00f3n (horizontal, vertical, diagonal)<\/div>\n<div class=\"product-specification-detail__value-wrapper\" style=\"box-sizing: inherit; flex-basis: 60%;\">\n<div class=\"product-specification-detail__list-value canon-paragraph--big\" style=\"box-sizing: inherit; font-size: 16px; line-height: 24px; padding-top: 6px; word-break: normal;\">98\u00b0, 74\u00b010, 108\u00b010<\/div>\n<\/div>\n<\/li>\n<li class=\"product-specification-detail__list-line canon-mb-xxs\" style=\"box-sizing: inherit; margin: 0px 0px 20px; padding: 0px 0px 20px; border-bottom: 1px solid #eceded; display: flex;\">\n<div class=\"product-specification-detail__list-key canon-paragraph--big\" style=\"box-sizing: inherit; font-size: 16px; line-height: 24px; flex-basis: 40%;\">Construcci\u00f3n de lentes (elementos\/grupos)<\/div>\n<div class=\"product-specification-detail__value-wrapper\" style=\"box-sizing: inherit; flex-basis: 60%;\">\n<div class=\"product-specification-detail__list-value canon-paragraph--big\" style=\"box-sizing: inherit; font-size: 16px; line-height: 24px; padding-top: 6px; word-break: normal;\">9\/7<\/div>\n<\/div>\n<\/li>\n<li class=\"product-specification-detail__list-line canon-mb-xxs\" style=\"box-sizing: inherit; margin: 0px 0px 20px; padding: 0px 0px 20px; border-bottom: 1px solid #eceded; display: flex;\">\n<div class=\"product-specification-detail__list-key canon-paragraph--big\" style=\"box-sizing: inherit; font-size: 16px; line-height: 24px; flex-basis: 40%;\">N\u00famero de hojas de diafragma<\/div>\n<div class=\"product-specification-detail__value-wrapper\" style=\"box-sizing: inherit; flex-basis: 60%;\">\n<div class=\"product-specification-detail__list-value canon-paragraph--big\" style=\"box-sizing: inherit; font-size: 16px; line-height: 24px; padding-top: 6px; word-break: normal;\">7<\/div>\n<\/div>\n<\/li>\n<li class=\"product-specification-detail__list-line canon-mb-xxs\" style=\"box-sizing: inherit; margin: 0px 0px 20px; padding: 0px 0px 20px; border-bottom: 1px solid #eceded; display: flex;\">\n<div class=\"product-specification-detail__list-key canon-paragraph--big\" style=\"box-sizing: inherit; font-size: 16px; line-height: 24px; flex-basis: 40%;\">Apertura m\u00ednima<\/div>\n<div class=\"product-specification-detail__value-wrapper\" style=\"box-sizing: inherit; flex-basis: 60%;\">\n<div class=\"product-specification-detail__list-value canon-paragraph--big\" style=\"box-sizing: inherit; font-size: 16px; line-height: 24px; padding-top: 6px; word-break: normal;\">22<\/div>\n<\/div>\n<\/li>\n<li class=\"product-specification-detail__list-line canon-mb-xxs\" style=\"box-sizing: inherit; margin: 0px 0px 20px; padding: 0px 0px 20px; border-bottom: 1px solid #eceded; display: flex;\">\n<div class=\"product-specification-detail__list-key canon-paragraph--big\" style=\"box-sizing: inherit; font-size: 16px; line-height: 24px; flex-basis: 40%;\">Distancia m\u00ednima de enfoque (m)<\/div>\n<div class=\"product-specification-detail__value-wrapper\" style=\"box-sizing: inherit; flex-basis: 60%;\">\n<div class=\"product-specification-detail__list-value canon-paragraph--big\" style=\"box-sizing: inherit; font-size: 16px; line-height: 24px; padding-top: 6px; word-break: normal;\">0,13<\/div>\n<\/div>\n<\/li>\n<li class=\"product-specification-detail__list-line canon-mb-xxs\" style=\"box-sizing: inherit; margin: 0px 0px 20px; padding: 0px 0px 20px; border-bottom: 1px solid #eceded; display: flex;\">\n<div class=\"product-specification-detail__list-key canon-paragraph--big\" style=\"box-sizing: inherit; font-size: 16px; line-height: 24px; flex-basis: 40%;\">Aumento m\u00e1ximo (x)<\/div>\n<div class=\"product-specification-detail__value-wrapper\" style=\"box-sizing: inherit; flex-basis: 60%;\">\n<div class=\"product-specification-detail__list-value canon-paragraph--big\" style=\"box-sizing: inherit; font-size: 16px; line-height: 24px; padding-top: 6px; word-break: normal;\">0,26<\/div>\n<\/div>\n<\/li>\n<li class=\"product-specification-detail__list-line canon-mb-xxs\" style=\"box-sizing: inherit; margin: 0px 0px 20px; padding: 0px 0px 20px; border-bottom: 1px solid #eceded; display: flex;\">\n<div class=\"product-specification-detail__list-key canon-paragraph--big\" style=\"box-sizing: inherit; font-size: 16px; line-height: 24px; flex-basis: 40%;\">Informaci\u00f3n de distancia<\/div>\n<div class=\"product-specification-detail__value-wrapper\" style=\"box-sizing: inherit; flex-basis: 60%;\">\n<div class=\"product-specification-detail__list-value canon-paragraph--big\" style=\"box-sizing: inherit; font-size: 16px; line-height: 24px; padding-top: 6px; word-break: normal;\">S\u00ed<\/div>\n<\/div>\n<\/li>\n<li class=\"product-specification-detail__list-line canon-mb-xxs\" style=\"box-sizing: inherit; margin: 0px 0px 20px; padding: 0px 0px 20px; border-bottom: 1px solid #eceded; display: flex;\">\n<div class=\"product-specification-detail__list-key canon-paragraph--big\" style=\"box-sizing: inherit; font-size: 16px; line-height: 24px; flex-basis: 40%;\">Actuador AF<\/div>\n<div class=\"product-specification-detail__value-wrapper\" style=\"box-sizing: inherit; flex-basis: 60%;\">\n<div class=\"product-specification-detail__list-value canon-paragraph--big\" style=\"box-sizing: inherit; font-size: 16px; line-height: 24px; padding-top: 6px; word-break: normal;\">STM<\/div>\n<\/div>\n<\/li>\n<\/ul>\n<h3 class=\"product-specification-detail__sub-title canon-section-title--small canon-mb-s\" style=\"box-sizing: inherit; margin: 0px 0px 40px; padding: 0px; font-size: 28px; line-height: 35px; color: #323232; font-family: 'Gotham SSm A', 'Gotham SSm B', Helvetica, sans-serif;\">Accesorios<\/h3>\n<ul class=\"product-specification-detail__list canon-mb-xm\" style=\"box-sizing: inherit; margin: 0px 0px 60px; padding: 0px; list-style: none; color: #323232; font-family: 'Gotham SSm A', 'Gotham SSm B', Helvetica, sans-serif; font-size: 14px;\">\n<li class=\"product-specification-detail__list-line canon-mb-xxs\" style=\"box-sizing: inherit; margin: 0px 0px 20px; padding: 20px 0px; border-bottom: 1px solid #eceded; display: flex; border-top: 1px solid #eceded;\">\n<div class=\"product-specification-detail__list-key canon-paragraph--big\" style=\"box-sizing: inherit; font-size: 16px; line-height: 24px; flex-basis: 40%;\">Tapa del objetivo<\/div>\n<div class=\"product-specification-detail__value-wrapper\" style=\"box-sizing: inherit; flex-basis: 60%;\">\n<div class=\"product-specification-detail__list-value canon-paragraph--big\" style=\"box-sizing: inherit; font-size: 16px; line-height: 24px; padding-top: 6px; word-break: normal;\">EF-43<\/div>\n<\/div>\n<\/li>\n<li class=\"product-specification-detail__list-line canon-mb-xxs\" style=\"box-sizing: inherit; margin: 0px 0px 20px; padding: 0px 0px 20px; border-bottom: 1px solid #eceded; display: flex;\">\n<div class=\"product-specification-detail__list-key canon-paragraph--big\" style=\"box-sizing: inherit; font-size: 16px; line-height: 24px; flex-basis: 40%;\">Parasol<\/div>\n<div class=\"product-specification-detail__value-wrapper\" style=\"box-sizing: inherit; flex-basis: 60%;\">\n<div class=\"product-specification-detail__list-value canon-paragraph--big\" style=\"box-sizing: inherit; font-size: 16px; line-height: 24px; padding-top: 6px; word-break: normal;\">EW-65C<\/div>\n<\/div>\n<\/li>\n<li class=\"product-specification-detail__list-line canon-mb-xxs\" style=\"box-sizing: inherit; margin: 0px 0px 20px; padding: 0px 0px 20px; border-bottom: 1px solid #eceded; display: flex;\">\n<div class=\"product-specification-detail__list-key canon-paragraph--big\" style=\"box-sizing: inherit; font-size: 16px; line-height: 24px; flex-basis: 40%;\">Estuche\/bolsa para objetivos<\/div>\n<div class=\"product-specification-detail__value-wrapper\" style=\"box-sizing: inherit; flex-basis: 60%;\">\n<div class=\"product-specification-detail__list-value canon-paragraph--big\" style=\"box-sizing: inherit; font-size: 16px; line-height: 24px; padding-top: 6px; word-break: normal;\">LP1014<\/div>\n<\/div>\n<\/li>\n<li class=\"product-specification-detail__list-line canon-mb-xxs\" style=\"box-sizing: inherit; margin: 0px 0px 20px; padding: 0px 0px 20px; border-bottom: 1px solid #eceded; display: flex;\">\n<div class=\"product-specification-detail__list-key canon-paragraph--big\" style=\"box-sizing: inherit; font-size: 16px; line-height: 24px; flex-basis: 40%;\">Contraportada<\/div>\n<div class=\"product-specification-detail__value-wrapper\" style=\"box-sizing: inherit; flex-basis: 60%;\">\n<div class=\"product-specification-detail__list-value canon-paragraph--big\" style=\"box-sizing: inherit; font-size: 16px; line-height: 24px; padding-top: 6px; word-break: normal;\">Tapa antipolvo de lente RF<\/div>\n<\/div>\n<\/li>\n<li class=\"product-specification-detail__list-line canon-mb-xxs\" style=\"box-sizing: inherit; margin: 0px 0px 20px; padding: 0px 0px 20px; border-bottom: 1px solid #eceded; display: flex;\">\n<div class=\"product-specification-detail__list-key canon-paragraph--big\" style=\"box-sizing: inherit; font-size: 16px; line-height: 24px; flex-basis: 40%;\">Aumento con tubo de extensi\u00f3n EF12 II<\/div>\n<div class=\"product-specification-detail__value-wrapper\" style=\"box-sizing: inherit; flex-basis: 60%;\">\n<div class=\"product-specification-detail__list-value canon-paragraph--big\" style=\"box-sizing: inherit; font-size: 16px; line-height: 24px; padding-top: 6px; word-break: normal;\">No compatible<\/div>\n<\/div>\n<\/li>\n<li class=\"product-specification-detail__list-line canon-mb-xxs\" style=\"box-sizing: inherit; margin: 0px 0px 20px; padding: 0px 0px 20px; border-bottom: 1px solid #eceded; display: flex;\">\n<div class=\"product-specification-detail__list-key canon-paragraph--big\" style=\"box-sizing: inherit; font-size: 16px; line-height: 24px; flex-basis: 40%;\">Aumento con tubo de extensi\u00f3n EF25 II<\/div>\n<div class=\"product-specification-detail__value-wrapper\" style=\"box-sizing: inherit; flex-basis: 60%;\">\n<div class=\"product-specification-detail__list-value canon-paragraph--big\" style=\"box-sizing: inherit; font-size: 16px; line-height: 24px; padding-top: 6px; word-break: normal;\">No compatible<\/div>\n<\/div>\n<\/li>\n<li class=\"product-specification-detail__list-line canon-mb-xxs\" style=\"box-sizing: inherit; margin: 0px 0px 20px; padding: 0px 0px 20px; border-bottom: 1px solid #eceded; display: flex;\">\n<div class=\"product-specification-detail__list-key canon-paragraph--big\" style=\"box-sizing: inherit; font-size: 16px; line-height: 24px; flex-basis: 40%;\">Compatibilidad con extensores<\/div>\n<div class=\"product-specification-detail__value-wrapper\" style=\"box-sizing: inherit; flex-basis: 60%;\">\n<div class=\"product-specification-detail__list-value canon-paragraph--big\" style=\"box-sizing: inherit; font-size: 16px; line-height: 24px; padding-top: 6px; word-break: normal;\">No compatible<\/div>\n<\/div>\n<\/li>\n<\/ul>\n<h3 class=\"product-specification-detail__sub-title canon-section-title--small canon-mb-s\" style=\"box-sizing: inherit; margin: 0px 0px 40px; padding: 0px; font-size: 28px; line-height: 35px; color: #323232; font-family: 'Gotham SSm A', 'Gotham SSm B', Helvetica, sans-serif;\">Caracter\u00edsticas f\u00edsicas<\/h3>\n<ul class=\"product-specification-detail__list canon-mb-xm\" style=\"box-sizing: inherit; margin: 0px 0px 60px; padding: 0px; list-style: none; color: #323232; font-family: 'Gotham SSm A', 'Gotham SSm B', Helvetica, sans-serif; font-size: 14px;\">\n<li class=\"product-specification-detail__list-line canon-mb-xxs\" style=\"box-sizing: inherit; margin: 0px 0px 20px; padding: 20px 0px; border-bottom: 1px solid #eceded; display: flex; border-top: 1px solid #eceded;\">\n<div class=\"product-specification-detail__list-key canon-paragraph--big\" style=\"box-sizing: inherit; font-size: 16px; line-height: 24px; flex-basis: 40%;\">Di\u00e1metro del filtro (mm)<\/div>\n<div class=\"product-specification-detail__value-wrapper\" style=\"box-sizing: inherit; flex-basis: 60%;\">\n<div class=\"product-specification-detail__list-value canon-paragraph--big\" style=\"box-sizing: inherit; font-size: 16px; line-height: 24px; padding-top: 6px; word-break: normal;\">43<\/div>\n<\/div>\n<\/li>\n<li class=\"product-specification-detail__list-line canon-mb-xxs\" style=\"box-sizing: inherit; margin: 0px 0px 20px; padding: 0px 0px 20px; border-bottom: 1px solid #eceded; display: flex;\">\n<div class=\"product-specification-detail__list-key canon-paragraph--big\" style=\"box-sizing: inherit; font-size: 16px; line-height: 24px; flex-basis: 40%;\">M\u00e1ximo. Di\u00e1metro x Longitud (mm)<\/div>\n<div class=\"product-specification-detail__value-wrapper\" style=\"box-sizing: inherit; flex-basis: 60%;\">\n<div class=\"product-specification-detail__list-value canon-paragraph--big\" style=\"box-sizing: inherit; font-size: 16px; line-height: 24px; padding-top: 6px; word-break: normal;\">69,2 x 40,1<\/div>\n<\/div>\n<\/li>\n<li class=\"product-specification-detail__list-line canon-mb-xxs\" style=\"box-sizing: inherit; margin: 0px 0px 20px; padding: 0px 0px 20px; border-bottom: 1px solid #eceded; display: flex;\">\n<div class=\"product-specification-detail__list-key canon-paragraph--big\" style=\"box-sizing: inherit; font-size: 16px; line-height: 24px; flex-basis: 40%;\">Peso (g)<\/div>\n<div class=\"product-specification-detail__value-wrapper\" style=\"box-sizing: inherit; flex-basis: 60%;\">\n<div class=\"product-specification-detail__list-value canon-paragraph--big\" style=\"box-sizing: inherit; font-size: 16px; line-height: 24px; padding-top: 6px; word-break: normal;\">165<\/div>\n<\/div>\n<\/li>\n<\/ul>\n<p><strong>Qu\u00e9 hay en la caja:<\/strong><\/p>\n<ul>\n<li>RF 16MM F2.8 STM<\/li>\n<li>Tapa de lente EF-43<\/li>\n<li>Tapa antipolvo de lente RF<\/li>\n<\/ul>\n","protected":false},"excerpt":{"rendered":"<p>Conozca el RF 16MM F2.8 STM. Es el objetivo m\u00e1s asequible de la serie EOS R para vlogs y mucho<\/p>\n","protected":false},"featured_media":48201,"comment_status":"closed","ping_status":"closed","template":"","meta":{"_acf_changed":false},"product_brand":[2538],"product_cat":[1062],"product_tag":[],"class_list":{"0":"post-71623","1":"product","2":"type-product","3":"status-publish","4":"has-post-thumbnail","6":"product_brand-canon-es","7":"product_cat-mirrorless-objectivos","8":"pa_abertura-maxima-f-2-8-es","9":"pa_cor-negro","10":"pa_diametro-43mm-es","11":"pa_estabilizacao-de-imagem-no","12":"pa_montagem-da-objetiva-canon-rf-es","13":"pa_sensor-fotograma-completo","14":"pa_tipo-de-foco-enfoque-automatico","15":"pa_tipo-de-objetiva-gran-angular","16":"pa_zoom-fixa-fijo","18":"first","19":"onbackorder","20":"sale","21":"taxable","22":"shipping-taxable","23":"purchasable","24":"product-type-simple"},"bundled_by":[],"bundle_stock_status":"onbackorder","bundle_stock_quantity":null,"bundle_virtual":false,"bundle_layout":"","bundle_add_to_cart_form_location":"","bundle_editable_in_cart":false,"bundle_sold_individually_context":"","bundle_item_grouping":"","bundle_min_size":"","bundle_max_size":"","bundle_price":[],"bundled_items":[],"bundle_sell_ids":[],"acf":[],"_links":{"self":[{"href":"https:\/\/hi-techwonder.com\/es\/wp-json\/wp\/v2\/product\/71623","targetHints":{"allow":["GET"]}}],"collection":[{"href":"https:\/\/hi-techwonder.com\/es\/wp-json\/wp\/v2\/product"}],"about":[{"href":"https:\/\/hi-techwonder.com\/es\/wp-json\/wp\/v2\/types\/product"}],"replies":[{"embeddable":true,"href":"https:\/\/hi-techwonder.com\/es\/wp-json\/wp\/v2\/comments?post=71623"}],"wp:featuredmedia":[{"embeddable":true,"href":"https:\/\/hi-techwonder.com\/es\/wp-json\/wp\/v2\/media\/48201"}],"wp:attachment":[{"href":"https:\/\/hi-techwonder.com\/es\/wp-json\/wp\/v2\/media?parent=71623"}],"wp:term":[{"taxonomy":"product_brand","embeddable":true,"href":"https:\/\/hi-techwonder.com\/es\/wp-json\/wp\/v2\/product_brand?post=71623"},{"taxonomy":"product_cat","embeddable":true,"href":"https:\/\/hi-techwonder.com\/es\/wp-json\/wp\/v2\/product_cat?post=71623"},{"taxonomy":"product_tag","embeddable":true,"href":"https:\/\/hi-techwonder.com\/es\/wp-json\/wp\/v2\/product_tag?post=71623"}],"curies":[{"name":"wp","href":"https:\/\/api.w.org\/{rel}","templated":true}]}}