{"id":71625,"date":"2025-07-29T09:22:39","date_gmt":"2025-07-29T09:22:39","guid":{"rendered":"https:\/\/fv6qoy3ls0.wpdns.site\/produto\/canon-rf-15-35mm-f-2-8l-is-usm\/"},"modified":"2026-04-21T11:04:08","modified_gmt":"2026-04-21T10:04:08","slug":"canon-rf-15-35mm-f-2-8l-is-usm","status":"publish","type":"product","link":"https:\/\/hi-techwonder.com\/es\/producto\/canon-rf-15-35mm-f-2-8l-is-usm\/","title":{"rendered":"CANON RF 15-35mm f\/2.8L IS USM"},"content":{"rendered":"<p>El objetivo zoom ultra gran angular m\u00e1s r\u00e1pido de Canon forma parte de un intento de objetivo profesional y ofrece un rendimiento superior gracias al motor Nano USM, la estabilizaci\u00f3n de imagen de 5 pasos y los 3 elementos asf\u00e9ricos y 2 elementos UD que ofrecen una claridad excepcional.<\/p>\n<p><strong>R\u00e1pido y ancho<\/strong><br \/>\nCaptura nuevos proyectos creativos gracias a este objetivo zoom f\/2.8 r\u00e1pido y n\u00edtido con una distancia focal din\u00e1mica de 15-35 mm y estabilizaci\u00f3n de imagen avanzada de 5 pasos.<\/p>\n<p><strong>Calidad \u00f3ptica excepcional<\/strong><br \/>\nEleva la calidad de tus fotos gracias a los tres elementos asf\u00e9ricos y los dos elementos UD del objetivo, los revestimientos \u00f3pticos avanzados y las tomas de apertura de 9 hojas.<\/p>\n<p><strong>Reactivo y preciso<\/strong><br \/>\nDisfruta de un enfoque r\u00e1pido y preciso gracias al motor Nano USM, que garantiza un enfoque autom\u00e1tico instant\u00e1neo y silencioso con una suavidad excepcional.<\/p>\n<div style=\"left: 0px; width: 100%; height: 0px; position: relative; padding-bottom: 56.25%; max-width: 650px;\" data-ephox-embed-iri=\"https:\/\/www.youtube.com\/watch?v=Im2t1OevCCg\"><iframe style=\"border: 0; top: 0; left: 0; width: 100%; height: 100%; position: absolute;\" src=\"https:\/\/www.youtube.com\/embed\/Im2t1OevCCg?rel=0\" scrolling=\"no\" allowfullscreen=\"allowfullscreen\"><\/iframe><\/div>\n<p><strong>Caracter\u00edsticas principales:<\/strong><\/p>\n<ul>\n<li>Lente de montura RF \/ formato de fotograma completo<\/li>\n<li>Rango de apertura: f\/2.8 a f\/22<\/li>\n<li>Tres elementos asf\u00e9ricos<\/li>\n<li>Dos elementos de dispersi\u00f3n ultrabaja<\/li>\n<li>Recubrimientos de esfera de aire y fl\u00faor<\/li>\n<li>Sistema Nano USM AF<\/li>\n<li>Estabilizador \u00f3ptico de imagen<\/li>\n<li>Anillo de control personalizable<\/li>\n<li>Diafragma redondeado de 9 hojas<\/li>\n<\/ul>\n<p>Cubriendo un rango de distancia focal gran angular vers\u00e1til, el RF 15-35mm f\/2.8L IS USM de Canon tambi\u00e9n se caracteriza por su apertura m\u00e1xima constante de f\/2.8 brillante. Este dise\u00f1o brillante le permite trabajar en condiciones de luz disponibles y tambi\u00e9n le brinda un mayor control sobre la profundidad de campo. El amplio rango de distancia focal es adecuado para trabajar en una variedad de situaciones, desde paisajes hasta tomas documentales, y este zoom se complementa con un dise\u00f1o \u00f3ptico avanzado que reduce en gran medida las franjas y la distorsi\u00f3n del color para una alta claridad y nitidez. Tambi\u00e9n se ha aplicado un recubrimiento Air-Sphere para reducir los destellos y las im\u00e1genes fantasma para mejorar el contraste y la fidelidad del color cuando se trabaja en condiciones de mucha luz.<\/p>\n<p>Complementando las capacidades de imagen hay un sistema de enfoque Nano USM adecuado, que ofrece un rendimiento de enfoque autom\u00e1tico r\u00e1pido y casi silencioso con anulaci\u00f3n de enfoque manual a tiempo completo. Un estabilizador de imagen tambi\u00e9n compensa hasta cinco paradas de movimiento de la c\u00e1mara para ayudar a producir fotos m\u00e1s n\u00edtidas en condiciones de iluminaci\u00f3n dif\u00edciles. Tambi\u00e9n se integra un anillo de control \u00fanico en el dise\u00f1o de la lente para un control intuitivo sobre la configuraci\u00f3n de exposici\u00f3n de la lente. Adem\u00e1s, este 15-35 mm es resistente a la intemperie y cuenta con un revestimiento de fl\u00faor para proteger los elementos delanteros y traseros.<\/p>\n<ul>\n<li>El objetivo zoom gran angular est\u00e1 dise\u00f1ado para su uso con c\u00e1maras mirrorless con montura RF de fotograma completo de Canon.<\/li>\n<li>La apertura m\u00e1xima constante de f\/2.8 mantiene una iluminaci\u00f3n constante en todo el rango del zoom y se adapta para trabajar en condiciones de luz disponibles.<\/li>\n<li>Dos elementos UD (dispersi\u00f3n ultrabaja) ayudan a minimizar las aberraciones crom\u00e1ticas y las franjas de color para proporcionar una mayor claridad y precisi\u00f3n del color.<\/li>\n<li>Se utilizan tres elementos asf\u00e9ricos para corregir aberraciones y distorsiones esf\u00e9ricas para una mayor nitidez y una representaci\u00f3n precisa.<\/li>\n<li>Se ha aplicado un recubrimiento Air-Sphere (ASC) a los elementos de la lente para reducir el resplandor de la luz de fondo y las im\u00e1genes fantasma para mantener la transmisi\u00f3n de luz y el alto contraste en condiciones de iluminaci\u00f3n intensa.<\/li>\n<li>Un estabilizador \u00f3ptico de imagen ayuda a minimizar la apariencia de movimiento de la c\u00e1mara en cinco pasos para permitir un mejor trabajo en condiciones de poca luz y a velocidades de obturaci\u00f3n m\u00e1s lentas.<\/li>\n<li>El sistema Nano USM utiliza un mecanismo USM de tipo anillo y un mecanismo STM para lograr un enfoque r\u00e1pido y preciso que tambi\u00e9n es suave y casi silencioso para adaptarse tanto a aplicaciones de fotograf\u00eda como de video. Este sistema de enfoque tambi\u00e9n ofrece control de enfoque manual a tiempo completo cuando se trabaja en modo AF de disparo \u00fanico.<\/li>\n<li>El anillo de control configurable se puede utilizar para ajustar una variedad de configuraciones de exposici\u00f3n, incluida la apertura, ISO y compensaci\u00f3n de exposici\u00f3n.<\/li>\n<li>La capa protectora de fl\u00faor se ha aplicado al elemento delantero y trasero para resistir las huellas dactilares y las manchas y facilitar significativamente la limpieza de estos elementos.<\/li>\n<li>Como miembro de la prestigiosa serie L, este objetivo cuenta con un dise\u00f1o resistente a la intemperie que protege contra el polvo y la humedad para permitir su uso en condiciones adversas.<\/li>\n<li>El diafragma redondeado de nueve hojas contribuye a una agradable calidad de bokeh.<\/li>\n<\/ul>\n<h2><strong>Canon RF 15-35mm F\/2.8L IS<\/strong><\/h2>\n<table border=\"0\" width=\"377\" cellspacing=\"0\" cellpadding=\"2\">\n<colgroup>\n<col width=\"168\" \/>\n<col width=\"201\" \/><\/colgroup>\n<tbody>\n<tr>\n<td width=\"168\">\n<p align=\"LEFT\"><strong>Distancia focal<\/strong><\/p>\n<\/td>\n<td width=\"201\">De 15 a 35 mm<\/td>\n<\/tr>\n<tr>\n<td width=\"168\">\n<p align=\"LEFT\"><strong>M\u00e1xima apertura<\/strong><\/p>\n<\/td>\n<td width=\"201\">f\/2.8<\/td>\n<\/tr>\n<tr>\n<td width=\"168\">\n<p align=\"LEFT\"><strong>Apertura m\u00ednima<\/strong><\/p>\n<\/td>\n<td width=\"201\">f\/22<\/td>\n<\/tr>\n<tr>\n<td width=\"168\">\n<p align=\"LEFT\"><strong>Montura de lente<\/strong><\/p>\n<\/td>\n<td width=\"201\">Canon RF<\/td>\n<\/tr>\n<tr>\n<td width=\"168\">\n<p align=\"LEFT\"><strong>Compatibilidad de formatos<\/strong><\/p>\n<\/td>\n<td width=\"201\">Imagen completa<\/td>\n<\/tr>\n<tr>\n<td width=\"168\">\n<p align=\"LEFT\"><strong>\u00c1ngulo<\/strong><\/p>\n<\/td>\n<td width=\"201\">De 110\u00b0 30&#8242; a 63\u00b0<\/td>\n<\/tr>\n<tr>\n<td width=\"168\">\n<p align=\"LEFT\"><strong>Aumento m\u00e1ximo<\/strong><\/p>\n<\/td>\n<td width=\"201\">0,21 veces<\/td>\n<\/tr>\n<tr>\n<td width=\"168\">\n<p align=\"LEFT\"><strong>Distancia m\u00ednima de enfoque<\/strong><\/p>\n<\/td>\n<td width=\"201\">28 cm<\/td>\n<\/tr>\n<tr>\n<td width=\"168\">\n<p align=\"LEFT\"><strong>Dise\u00f1o \u00f3ptico<\/strong><\/p>\n<\/td>\n<td width=\"201\">16 elementos en 12 grupos<\/td>\n<\/tr>\n<tr>\n<td width=\"168\">\n<p align=\"LEFT\"><strong>Hojas de diafragma<\/strong><\/p>\n<\/td>\n<td width=\"201\">9, redondeado<\/td>\n<\/tr>\n<tr>\n<td width=\"168\">\n<p align=\"LEFT\"><strong>Tipo de enfoque<\/strong><\/p>\n<\/td>\n<td width=\"201\">Autom\u00e1tico<\/td>\n<\/tr>\n<tr>\n<td width=\"168\">\n<p align=\"LEFT\"><strong>Estabilizaci\u00f3n de imagen<\/strong><\/p>\n<\/td>\n<td width=\"201\">S\u00ed<\/td>\n<\/tr>\n<tr>\n<td width=\"168\">\n<p align=\"LEFT\"><strong>Tama\u00f1o del filtro<\/strong><\/p>\n<\/td>\n<td width=\"201\">82 mm (delantero)<\/td>\n<\/tr>\n<tr>\n<td width=\"168\">\n<p align=\"LEFT\"><strong>Dimensiones (\u00f8 x L)<\/strong><\/p>\n<\/td>\n<td width=\"201\">88,5 x 126,8 mil\u00edmetros<\/td>\n<\/tr>\n<tr>\n<td width=\"168\">\n<p align=\"LEFT\"><strong>Peso<\/strong><\/p>\n<\/td>\n<td width=\"201\">840 gramos<\/td>\n<\/tr>\n<\/tbody>\n<\/table>\n<p>&nbsp;<\/p>\n","protected":false},"excerpt":{"rendered":"<p>El objetivo zoom ultra gran angular m\u00e1s r\u00e1pido de Canon forma parte de un intento de objetivo profesional y ofrece<\/p>\n","protected":false},"featured_media":48137,"comment_status":"closed","ping_status":"closed","template":"","meta":{"_acf_changed":false},"product_brand":[2538],"product_cat":[1062],"product_tag":[],"class_list":{"0":"post-71625","1":"product","2":"type-product","3":"status-publish","4":"has-post-thumbnail","6":"product_brand-canon-es","7":"product_cat-mirrorless-objectivos","8":"pa_abertura-maxima-f-2-8-es","9":"pa_cor-negro","10":"pa_diametro-82mm-es","11":"pa_estabilizacao-de-imagem-si","12":"pa_montagem-da-objetiva-canon-rf-es","13":"pa_sensor-fotograma-completo","14":"pa_tipo-de-foco-enfoque-automatico","15":"pa_tipo-de-objetiva-gran-angular","16":"pa_zoom-fixa-zoom-externo-es","18":"first","19":"instock","20":"sale","21":"taxable","22":"shipping-taxable","23":"purchasable","24":"product-type-simple"},"bundled_by":[],"bundle_stock_status":"instock","bundle_stock_quantity":1,"bundle_virtual":false,"bundle_layout":"","bundle_add_to_cart_form_location":"","bundle_editable_in_cart":false,"bundle_sold_individually_context":"","bundle_item_grouping":"","bundle_min_size":"","bundle_max_size":"","bundle_price":[],"bundled_items":[],"bundle_sell_ids":[],"acf":[],"_links":{"self":[{"href":"https:\/\/hi-techwonder.com\/es\/wp-json\/wp\/v2\/product\/71625","targetHints":{"allow":["GET"]}}],"collection":[{"href":"https:\/\/hi-techwonder.com\/es\/wp-json\/wp\/v2\/product"}],"about":[{"href":"https:\/\/hi-techwonder.com\/es\/wp-json\/wp\/v2\/types\/product"}],"replies":[{"embeddable":true,"href":"https:\/\/hi-techwonder.com\/es\/wp-json\/wp\/v2\/comments?post=71625"}],"wp:featuredmedia":[{"embeddable":true,"href":"https:\/\/hi-techwonder.com\/es\/wp-json\/wp\/v2\/media\/48137"}],"wp:attachment":[{"href":"https:\/\/hi-techwonder.com\/es\/wp-json\/wp\/v2\/media?parent=71625"}],"wp:term":[{"taxonomy":"product_brand","embeddable":true,"href":"https:\/\/hi-techwonder.com\/es\/wp-json\/wp\/v2\/product_brand?post=71625"},{"taxonomy":"product_cat","embeddable":true,"href":"https:\/\/hi-techwonder.com\/es\/wp-json\/wp\/v2\/product_cat?post=71625"},{"taxonomy":"product_tag","embeddable":true,"href":"https:\/\/hi-techwonder.com\/es\/wp-json\/wp\/v2\/product_tag?post=71625"}],"curies":[{"name":"wp","href":"https:\/\/api.w.org\/{rel}","templated":true}]}}