{"id":71627,"date":"2025-07-29T09:24:00","date_gmt":"2025-07-29T09:24:00","guid":{"rendered":"https:\/\/fv6qoy3ls0.wpdns.site\/produto\/canon-rf-24-105mm-f2-8l-is-usm-z\/"},"modified":"2026-05-04T14:25:55","modified_gmt":"2026-05-04T13:25:55","slug":"canon-rf-24-105mm-f2-8l-is-usm-z","status":"publish","type":"product","link":"https:\/\/hi-techwonder.com\/es\/producto\/canon-rf-24-105mm-f2-8l-is-usm-z\/","title":{"rendered":"CANON RF 24-105mm F2.8L IS USM Z"},"content":{"rendered":"<h3>CANON RF 24-105mm F2.8L IS USM Z<\/h3>\n<p><strong>Funciones<\/strong><br \/>\n\u2022 Zoom vers\u00e1til de 24-105 mm con apertura constante de f\/2.8<br \/>\n\u2022 Estabilizaci\u00f3n \u00f3ptica de imagen de 5,5 pasos, con hasta 8 pasos con IS coordinado (IBIS + OIS)<br \/>\n\u2022 Enfoque autom\u00e1tico r\u00e1pido, silencioso y preciso con motores duales Nano USM<br \/>\n\u2022 Los recubrimientos Super Spectra, ASC y fluorita garantizan im\u00e1genes n\u00edtidas y minimizan los reflejos<br \/>\n\u2022 Cuatro elementos UD y tres elementos asf\u00e9ricos para reducir la aberraci\u00f3n crom\u00e1tica y esf\u00e9rica<br \/>\n\u2022 Anillo de iris de acci\u00f3n suave para ajuste manual durante la grabaci\u00f3n de video, con bloqueo para modo autom\u00e1tico en im\u00e1genes fijas<br \/>\n\u2022 Apertura circular de 11 hojas para un bokeh impresionante y reflejos de alta calidad<br \/>\n\u2022 Botones de funci\u00f3n personalizables y anillo de control para una configuraci\u00f3n intuitiva de la c\u00e1mara<br \/>\n\u2022 Compatible con adaptadores de zoom motorizado PZ-E2 y PZ-E2B para un zoom suave con control remoto<\/p>\n<p><img decoding=\"async\" style=\"width: 25%;\" src=\"https:\/\/i1.adis.ws\/i\/canon\/rf-24-105mm-f2.8l-is-usm-z-benefit-block-media-3_55554e94b1844bad988428cfa472647c?%24block-media-16by9-dt%24\" alt=\"\"><\/p>\n<p><strong>Contenido del paquete<\/strong><br \/>\n\u2022 1x Canon RF 24-105mm F2.8L IS USM Z<br \/>\n\u2022 1x Cubierta frontal E-82 II<br \/>\n\u2022 1x Parasol EW-88E<br \/>\n\u2022 1x bolsa de transporte LZ1326B<br \/>\n\u2022 1x Tapa trasera para lente RF<\/p>\n<p><img decoding=\"async\" style=\"width: 25%;\" src=\"https:\/\/i1.adis.ws\/i\/canon\/rf-24-105mm-f2.8l-is-usm-z-quality-block-media-1_1d2844b916cb481dbed1e088050dfacb?%24block-media-16by9-dt%24\" alt=\"\"><\/p>\n<p><strong>Descripci\u00f3n<\/strong><br \/>\nEl RF 24-105mm F2.8L IS USM Z de Canon es un objetivo zoom est\u00e1ndar dise\u00f1ado para la era h\u00edbrida, que ofrece una excelente calidad tanto para fotograf\u00edas como para v\u00eddeos. Con una apertura constante de f\/2.8 y un rango de zoom de 24 a 105 mm, este objetivo es ideal para eventos, bodas, documentales y retratos, ya que proporciona un control preciso de la profundidad de campo y el bokeh. La estabilizaci\u00f3n \u00f3ptica integrada de 5,5 pasos y el IS coordinado de 8 puntos permiten tomas claras y estables, incluso en condiciones de poca luz. El sistema de enfoque dual Nano USM garantiza un rendimiento r\u00e1pido y silencioso, mientras que la \u00f3ptica de alta calidad minimiza las aberraciones y ofrece im\u00e1genes n\u00edtidas y detalladas.<\/p>\n<p><img decoding=\"async\" style=\"width: 25%;\" src=\"https:\/\/i1.adis.ws\/i\/canon\/rf-24-105mm-f2.8l-is-usm-z-quality-block-media-3_b8c6d11db90f4fa9ae88e8bfb025091c?%24block-media-16by9-dt%24\" alt=\"\"><\/p>\n<p><strong>Especificaciones t\u00e9cnicas<\/strong><\/p>\n<ul>\n<li><strong>Tama\u00f1o de imagen<\/strong>: Fotograma completo<\/li>\n<li><strong>\u00c1ngulo de visi\u00f3n<\/strong>:\n<ul>\n<li>Horizontal: 74\u00b0 \u2013 19\u00b0 20&#8242;<\/li>\n<li>Vertical: 53\u00b0 \u2013 13\u00b0<\/li>\n<li>Diagonal: 84\u00b0 \u2013 23\u00b0 20&#8242;<\/li>\n<\/ul>\n<\/li>\n<li><strong>Construcci\u00f3n de lentes (elementos\/grupos):<\/strong> 23 elementos en 18 grupos<\/li>\n<li><strong>\u00d3ptica especial<\/strong>: 4 elementos UD, 2 elementos asf\u00e9ricos GMo, 1 r\u00e9plica de elemento asf\u00e9rico<\/li>\n<li><strong>Funciones especiales<\/strong>: Anillo de iris (ideal para video)<\/li>\n<li><strong>N\u00famero de hojas de diafragma<\/strong>: 11<\/li>\n<li><strong>Apertura m\u00ednima<\/strong>: f\/22<\/li>\n<li><strong>Distancia m\u00ednima de enfoque<\/strong>:\n<ul>\n<li>De 0,45 m a 24 mm<\/li>\n<li>De 0,45 m a 105 mm<\/li>\n<\/ul>\n<\/li>\n<li><strong>Aumento m\u00e1ximo<\/strong>:\n<ul>\n<li>De 0,08x a 24 mm<\/li>\n<li>De 0,29x a 105 mm<\/li>\n<\/ul>\n<\/li>\n<li><strong>Anillo de control<\/strong>: S\u00ed<\/li>\n<li><strong>Estabilizador de imagen<\/strong>:\n<ul>\n<li>OIS: 5,5 puntos<\/li>\n<li>IBIS x OIS coordinado: hasta 8,0 puntos<\/li>\n<\/ul>\n<\/li>\n<li><strong>Actuador AF<\/strong>: Dual Nano USM<\/li>\n<li><strong>Recubrimientos<\/strong>: ASC, Super Spectra y Fluorita (elemento frontal)<\/li>\n<li><strong>Caracter\u00edsticas f\u00edsicas<\/strong>:\n<ul>\n<li>Resistencia al polvo y la humedad: S\u00ed<\/li>\n<\/ul>\n<\/li>\n<li><strong>Di\u00e1metro del filtro<\/strong>: 82 mm<\/li>\n<li><strong>Dimensiones (Di\u00e1metro x Largo M\u00e1x.):<\/strong> 88,5 x 199 mm<\/li>\n<li><strong>Peso<\/strong>: 1430 g<\/li>\n<\/ul>\n","protected":false},"excerpt":{"rendered":"<p>CANON RF 24-105mm F2.8L IS USM Z Funciones \u2022 Zoom vers\u00e1til de 24-105 mm con apertura constante de f\/2.8 \u2022<\/p>\n","protected":false},"featured_media":48474,"comment_status":"closed","ping_status":"closed","template":"","meta":{"_acf_changed":false},"product_brand":[2538],"product_cat":[1062],"product_tag":[],"class_list":{"0":"post-71627","1":"product","2":"type-product","3":"status-publish","4":"has-post-thumbnail","6":"product_brand-canon-es","7":"product_cat-mirrorless-objectivos","8":"pa_abertura-maxima-f-2-8-es","9":"pa_cor-negro","10":"pa_diametro-82mm-es","11":"pa_estabilizacao-de-imagem-si","12":"pa_montagem-da-objetiva-canon-rf-es","13":"pa_sensor-fotograma-completo","14":"pa_tipo-de-foco-enfoque-automatico","15":"pa_tipo-de-objetiva-estandar","16":"pa_zoom-fixa-zoom-interno-es","17":"custom-price-on-request","19":"first","20":"onbackorder","21":"taxable","22":"shipping-taxable","23":"product-type-simple"},"bundled_by":[],"bundle_stock_status":"onbackorder","bundle_stock_quantity":null,"bundle_virtual":false,"bundle_layout":"","bundle_add_to_cart_form_location":"","bundle_editable_in_cart":false,"bundle_sold_individually_context":"","bundle_item_grouping":"","bundle_min_size":"","bundle_max_size":"","bundle_price":[],"bundled_items":[],"bundle_sell_ids":[],"acf":[],"_links":{"self":[{"href":"https:\/\/hi-techwonder.com\/es\/wp-json\/wp\/v2\/product\/71627","targetHints":{"allow":["GET"]}}],"collection":[{"href":"https:\/\/hi-techwonder.com\/es\/wp-json\/wp\/v2\/product"}],"about":[{"href":"https:\/\/hi-techwonder.com\/es\/wp-json\/wp\/v2\/types\/product"}],"replies":[{"embeddable":true,"href":"https:\/\/hi-techwonder.com\/es\/wp-json\/wp\/v2\/comments?post=71627"}],"wp:featuredmedia":[{"embeddable":true,"href":"https:\/\/hi-techwonder.com\/es\/wp-json\/wp\/v2\/media\/48474"}],"wp:attachment":[{"href":"https:\/\/hi-techwonder.com\/es\/wp-json\/wp\/v2\/media?parent=71627"}],"wp:term":[{"taxonomy":"product_brand","embeddable":true,"href":"https:\/\/hi-techwonder.com\/es\/wp-json\/wp\/v2\/product_brand?post=71627"},{"taxonomy":"product_cat","embeddable":true,"href":"https:\/\/hi-techwonder.com\/es\/wp-json\/wp\/v2\/product_cat?post=71627"},{"taxonomy":"product_tag","embeddable":true,"href":"https:\/\/hi-techwonder.com\/es\/wp-json\/wp\/v2\/product_tag?post=71627"}],"curies":[{"name":"wp","href":"https:\/\/api.w.org\/{rel}","templated":true}]}}