{"id":71629,"date":"2025-07-28T23:34:13","date_gmt":"2025-07-28T23:34:13","guid":{"rendered":"https:\/\/fv6qoy3ls0.wpdns.site\/produto\/cubo-de-luz-led-regulable-caruba-70x70x70cm\/"},"modified":"2026-01-31T03:47:13","modified_gmt":"2026-01-31T03:47:13","slug":"caruba-cubo-de-luz-led-regulable-caruba-70x70x70cm","status":"publish","type":"product","link":"https:\/\/hi-techwonder.com\/es\/producto\/caruba-cubo-de-luz-led-regulable-caruba-70x70x70cm\/","title":{"rendered":"Cubo de luz LED regulable CARUBA 70x70x70cm"},"content":{"rendered":"<p>El cubo de luz LED Caruba est\u00e1 dise\u00f1ado para crear fotos profesionales de productos con una m\u00e1quina o incluso con un tel\u00e9fono inteligente.<br \/>Es un cubo plegable y port\u00e1til que es lo suficientemente espacioso como para colocar una amplia gama de productos.<br \/>Los LED le permiten regular la intensidad hasta un brillo intenso y constante incluso para su uso en situaciones con poca luz.<br \/>Muy f\u00e1cil de montar y desmontar, as\u00ed como tambi\u00e9n puedes transportarlo f\u00e1cilmente a cualquier lugar.<br \/>Equipado con 4 fondos que puedes colocar f\u00e1cilmente en tu cubo (blanco, negro, gris y melocot\u00f3n) y con un pa\u00f1o difusor que a\u00f1adir\u00e1 un efecto profesional al resultado final.<br \/>Dispone de dos aberturas, una en la parte delantera y otra en la parte superior que se pueden cerrar siempre que sea necesario.<br \/>Su interior permite una distribuci\u00f3n uniforme de la luz sin crear sombras no deseadas.<\/p>\n<p><strong>Contenido de la caja:<\/strong><\/p>\n<ul>\n<li>1x Cubo de luz<\/li>\n<li>1x Iluminaci\u00f3n LED<\/li>\n<li>1x Pa\u00f1o difusor<\/li>\n<li>4x Fondos<\/li>\n<\/ul>\n","protected":false},"excerpt":{"rendered":"<p>El cubo de luz LED Caruba est\u00e1 dise\u00f1ado para crear fotos profesionales de productos con una m\u00e1quina o incluso con<\/p>\n","protected":false},"featured_media":24107,"comment_status":"closed","ping_status":"open","template":"","meta":{"_acf_changed":false},"product_brand":[2546],"product_cat":[940],"product_tag":[],"class_list":{"0":"post-71629","1":"product","2":"type-product","3":"status-publish","4":"has-post-thumbnail","6":"product_brand-caruba-es","7":"product_cat-cicloramas-cajas-de-luz","9":"first","10":"onbackorder","11":"taxable","12":"shipping-taxable","13":"purchasable","14":"product-type-simple"},"bundled_by":[],"bundle_stock_status":"onbackorder","bundle_stock_quantity":null,"bundle_virtual":false,"bundle_layout":"","bundle_add_to_cart_form_location":"","bundle_editable_in_cart":false,"bundle_sold_individually_context":"","bundle_item_grouping":"","bundle_min_size":"","bundle_max_size":"","bundle_price":[],"bundled_items":[],"bundle_sell_ids":[],"acf":[],"_links":{"self":[{"href":"https:\/\/hi-techwonder.com\/es\/wp-json\/wp\/v2\/product\/71629","targetHints":{"allow":["GET"]}}],"collection":[{"href":"https:\/\/hi-techwonder.com\/es\/wp-json\/wp\/v2\/product"}],"about":[{"href":"https:\/\/hi-techwonder.com\/es\/wp-json\/wp\/v2\/types\/product"}],"replies":[{"embeddable":true,"href":"https:\/\/hi-techwonder.com\/es\/wp-json\/wp\/v2\/comments?post=71629"}],"wp:featuredmedia":[{"embeddable":true,"href":"https:\/\/hi-techwonder.com\/es\/wp-json\/wp\/v2\/media\/24107"}],"wp:attachment":[{"href":"https:\/\/hi-techwonder.com\/es\/wp-json\/wp\/v2\/media?parent=71629"}],"wp:term":[{"taxonomy":"product_brand","embeddable":true,"href":"https:\/\/hi-techwonder.com\/es\/wp-json\/wp\/v2\/product_brand?post=71629"},{"taxonomy":"product_cat","embeddable":true,"href":"https:\/\/hi-techwonder.com\/es\/wp-json\/wp\/v2\/product_cat?post=71629"},{"taxonomy":"product_tag","embeddable":true,"href":"https:\/\/hi-techwonder.com\/es\/wp-json\/wp\/v2\/product_tag?post=71629"}],"curies":[{"name":"wp","href":"https:\/\/api.w.org\/{rel}","templated":true}]}}