{"id":71633,"date":"2025-07-28T23:40:10","date_gmt":"2025-07-28T23:40:10","guid":{"rendered":"https:\/\/fv6qoy3ls0.wpdns.site\/produto\/desbobinadores-caruba-con-cadena-abrazadera-de-fijacion\/"},"modified":"2026-03-20T17:44:55","modified_gmt":"2026-03-20T17:44:55","slug":"caruba-desbobinadores-caruba-con-cadena-abrazadera-de-fijacion","status":"publish","type":"product","link":"https:\/\/hi-techwonder.com\/es\/producto\/caruba-desbobinadores-caruba-con-cadena-abrazadera-de-fijacion\/","title":{"rendered":"Desbobinadores CARUBA con cadena + abrazadera de fijaci\u00f3n"},"content":{"rendered":"<h3 data-start=\"0\" data-end=\"70\"><strong data-start=\"4\" data-end=\"70\">Desbobinadores de metal Caruba con cadena + abrazadera de fijaci\u00f3n<\/strong><\/h3>\n<hr data-start=\"72\" data-end=\"75\">\n<h3 data-start=\"77\" data-end=\"100\"><strong data-start=\"81\" data-end=\"100\">Funciones<\/strong><\/h3>\n<ul data-start=\"102\" data-end=\"982\">\n<li data-start=\"102\" data-end=\"269\">\n<p data-start=\"104\" data-end=\"269\"><strong data-start=\"104\" data-end=\"149\">Sistema de fijaci\u00f3n para fondos de estudio<\/strong><br data-start=\"149\" data-end=\"152\">Le permite suspender y desenrollar un rollo de fondo (papel, vinilo o tela) en el estudio o en ubicaciones similares.<\/p>\n<\/li>\n<li data-start=\"271\" data-end=\"411\">\n<p data-start=\"273\" data-end=\"411\"><strong data-start=\"273\" data-end=\"296\">Construcci\u00f3n met\u00e1lica<\/strong><br data-start=\"296\" data-end=\"299\">Soportes robustos para garantizar estabilidad y larga durabilidad, incluso en un uso diario intensivo.<\/p>\n<\/li>\n<li data-start=\"413\" data-end=\"613\">\n<p data-start=\"415\" data-end=\"613\"><strong data-start=\"415\" data-end=\"449\">Cadena de ajuste de altura<\/strong><br data-start=\"449\" data-end=\"452\">La cadena incluida simplifica el proceso de desenrollado o enrollado del rodillo inferior, evitando la necesidad de manipular el rodillo directamente a alturas elevadas.<\/p>\n<\/li>\n<li data-start=\"615\" data-end=\"788\">\n<p data-start=\"617\" data-end=\"788\"><strong data-start=\"617\" data-end=\"638\">Abrazadera<\/strong><br data-start=\"638\" data-end=\"641\">Mantiene el rodillo firmemente en la posici\u00f3n deseada, evitando el desenrollado accidental o la holgura, mejorando el control sobre la altura y el estado del fondo.<\/p>\n<\/li>\n<li data-start=\"790\" data-end=\"982\">\n<p data-start=\"792\" data-end=\"982\"><strong data-start=\"792\" data-end=\"837\">Compatible con montaje de abrazadera<\/strong><br data-start=\"837\" data-end=\"840\">Se puede instalar en varias configuraciones, dependiendo del espacio disponible. Proporciona un uso organizado y ahorra espacio en el estudio. <\/p>\n<\/li>\n<\/ul>\n<hr data-start=\"984\" data-end=\"987\">\n<h3 data-start=\"989\" data-end=\"1018\"><strong data-start=\"993\" data-end=\"1018\">Contenido del paquete<\/strong><\/h3>\n<ul data-start=\"1020\" data-end=\"1206\">\n<li data-start=\"1020\" data-end=\"1063\"><strong data-start=\"1022\" data-end=\"1030\">2Un.<\/strong>  Desbobinadores de metal Caruba<\/li>\n<li data-start=\"1064\" data-end=\"1117\"><strong data-start=\"1066\" data-end=\"1074\">1Un.<\/strong>  Cadena para desenrollar\/enrollar la parte inferior<\/li>\n<li data-start=\"1118\" data-end=\"1148\"><strong data-start=\"1120\" data-end=\"1128\">1Un.<\/strong>  Abrazadera<\/li>\n<li data-start=\"1149\" data-end=\"1206\"><strong data-start=\"1151\" data-end=\"1177\">Juego de accesorios<\/strong> (por ejemplo, elementos de montaje)<\/li>\n<\/ul>\n<hr data-start=\"1303\" data-end=\"1306\">\n<h3 data-start=\"1308\" data-end=\"1335\"><strong data-start=\"1312\" data-end=\"1335\">Descripci\u00f3n detallada<\/strong><\/h3>\n<p data-start=\"1337\" data-end=\"1716\">Los <strong data-start=\"1340\" data-end=\"1406\">desbobinadores met\u00e1licos Caruba con cadena + abrazadera de fijaci\u00f3n<\/strong> est\u00e1n dise\u00f1ados para aquellos que desean administrar los fondos del estudio de una manera pr\u00e1ctica y profesional. Cada desbobinador encaja en una de las partes superiores del rollo inferior, lo que permite girarlo hacia arriba o hacia abajo a trav\u00e9s de la cadena lateral, lo que facilita los cambios r\u00e1pidos de escenario sin subir escaleras ni mover el marco manualmente. <\/p>\n<p data-start=\"1718\" data-end=\"2018\">La robustez del metal proporciona resistencia y confiabilidad, mientras que la abrazadera de sujeci\u00f3n evita que el fondo se caiga o se suelte involuntariamente. El sistema es adecuado tanto para uno como para varios rollos (si tiene m\u00e1s unidades), creando una soluci\u00f3n que se adapta al flujo de trabajo de cada estudio. <\/p>\n<hr data-start=\"2020\" data-end=\"2023\">\n<h3 data-start=\"2025\" data-end=\"2056\"><strong data-start=\"2029\" data-end=\"2056\">Especificaciones t\u00e9cnicas<\/strong><\/h3>\n<ul data-start=\"2058\" data-end=\"2449\">\n<li data-start=\"2058\" data-end=\"2086\"><strong data-start=\"2060\" data-end=\"2077\">Marca\/Modelo:<\/strong> Caruba<\/li>\n<li data-start=\"2087\" data-end=\"2165\"><strong data-start=\"2089\" data-end=\"2102\">Material:<\/strong> Metal (soportes) + cadena (material resistente al desgaste)<\/li>\n<li data-start=\"2166\" data-end=\"2240\"><strong data-start=\"2168\" data-end=\"2188\">Tipo de accesorio:<\/strong> Montaje con abrazadera (seg\u00fan sea necesario)<\/li>\n<li data-start=\"2241\" data-end=\"2306\"><strong data-start=\"2243\" data-end=\"2256\">Actual:<\/strong> Capaz de ajustar el fondo a diferentes alturas<\/li>\n<li data-start=\"2307\" data-end=\"2449\"><strong data-start=\"2309\" data-end=\"2337\">Compatibilidad de rollos:<\/strong> Adecuado para la mayor\u00eda de los rollos inferiores (papel, vinilo, tela), ancho variable seg\u00fan el di\u00e1metro del tubo<\/li>\n<\/ul>\n<h3 data-start=\"2456\" data-end=\"2488\"><strong data-start=\"2460\" data-end=\"2486\">Informaci\u00f3n adicional<\/strong><\/h3>\n<p data-start=\"2489\" data-end=\"2628\" data-is-last-node=\"\" data-is-only-node=\"\">Nota: Im\u00e1genes ilustrativas. Equipo adicional no incluido. Consulte el contenido y las especificaciones del paquete para obtener m\u00e1s detalles.  <\/p>\n","protected":false},"excerpt":{"rendered":"<p>Desbobinadores de metal Caruba con cadena + abrazadera de fijaci\u00f3n Funciones Sistema de fijaci\u00f3n para fondos de estudioLe permite suspender<\/p>\n","protected":false},"featured_media":25857,"comment_status":"closed","ping_status":"open","template":"","meta":{"_acf_changed":false},"product_brand":[2546],"product_cat":[962],"product_tag":[],"class_list":{"0":"post-71633","1":"product","2":"type-product","3":"status-publish","4":"has-post-thumbnail","6":"product_brand-caruba-es","7":"product_cat-para-fondos","9":"first","10":"instock","11":"taxable","12":"shipping-taxable","13":"purchasable","14":"product-type-simple"},"bundled_by":["92002"],"bundle_stock_status":"instock","bundle_stock_quantity":3,"bundle_virtual":false,"bundle_layout":"","bundle_add_to_cart_form_location":"","bundle_editable_in_cart":false,"bundle_sold_individually_context":"","bundle_item_grouping":"","bundle_min_size":"","bundle_max_size":"","bundle_price":[],"bundled_items":[],"bundle_sell_ids":[],"acf":[],"_links":{"self":[{"href":"https:\/\/hi-techwonder.com\/es\/wp-json\/wp\/v2\/product\/71633","targetHints":{"allow":["GET"]}}],"collection":[{"href":"https:\/\/hi-techwonder.com\/es\/wp-json\/wp\/v2\/product"}],"about":[{"href":"https:\/\/hi-techwonder.com\/es\/wp-json\/wp\/v2\/types\/product"}],"replies":[{"embeddable":true,"href":"https:\/\/hi-techwonder.com\/es\/wp-json\/wp\/v2\/comments?post=71633"}],"wp:featuredmedia":[{"embeddable":true,"href":"https:\/\/hi-techwonder.com\/es\/wp-json\/wp\/v2\/media\/25857"}],"wp:attachment":[{"href":"https:\/\/hi-techwonder.com\/es\/wp-json\/wp\/v2\/media?parent=71633"}],"wp:term":[{"taxonomy":"product_brand","embeddable":true,"href":"https:\/\/hi-techwonder.com\/es\/wp-json\/wp\/v2\/product_brand?post=71633"},{"taxonomy":"product_cat","embeddable":true,"href":"https:\/\/hi-techwonder.com\/es\/wp-json\/wp\/v2\/product_cat?post=71633"},{"taxonomy":"product_tag","embeddable":true,"href":"https:\/\/hi-techwonder.com\/es\/wp-json\/wp\/v2\/product_tag?post=71633"}],"curies":[{"name":"wp","href":"https:\/\/api.w.org\/{rel}","templated":true}]}}