{"id":71634,"date":"2025-07-28T23:34:21","date_gmt":"2025-07-28T23:34:21","guid":{"rendered":"https:\/\/fv6qoy3ls0.wpdns.site\/produto\/cubo-de-luz-led-regulable-caruba-bicolor-70x70x70cm\/"},"modified":"2026-01-31T03:47:10","modified_gmt":"2026-01-31T03:47:10","slug":"caruba-cubo-de-luz-led-regulable-caruba-bicolor-70x70x70cm","status":"publish","type":"product","link":"https:\/\/hi-techwonder.com\/es\/producto\/caruba-cubo-de-luz-led-regulable-caruba-bicolor-70x70x70cm\/","title":{"rendered":"Cubo de luz LED regulable CARUBA (Bicolor) 70x70x70cm"},"content":{"rendered":"<p><strong>Cubo de luz LED regulable CARUBA (Bicolor) <\/strong><strong>70x70x70cm<\/strong><\/p>\n<p><strong>Contenido del paquete:<\/strong><\/p>\n<ul>\n<li>1 x Cubo de luz 70x70x70cm<\/li>\n<li>1 x iluminaci\u00f3n LED bicolor regulable<\/li>\n<li>1 x Pa\u00f1o difusor<\/li>\n<li>4 x Fondos (Blanco, Negro, Gris y Melocot\u00f3n)<\/li>\n<\/ul>\n<p>El cubo de luz LED Caruba est\u00e1 dise\u00f1ado para crear fotos profesionales de productos con una m\u00e1quina o incluso con un tel\u00e9fono inteligente. Muy f\u00e1cil de montar y desmontar, as\u00ed como tambi\u00e9n puedes transportarlo f\u00e1cilmente a cualquier lugar. <\/p>\n<p>Es un cubo plegable y port\u00e1til que es lo suficientemente espacioso como para colocar una amplia gama de productos. Los LED le permiten regular la intensidad hasta un brillo intenso y constante incluso para su uso en situaciones con poca luz. Le permite configurar la temperatura de color entre 3300 y 5600 Kelvins.  <\/p>\n<p>Equipado con 4 fondos que puedes colocar f\u00e1cilmente en tu cubo (blanco, negro, gris y melocot\u00f3n) y con un pa\u00f1o difusor que a\u00f1adir\u00e1 un efecto profesional al resultado final.<\/p>\n<p>Dispone de dos aberturas, una en la parte delantera y otra en la parte superior que se pueden cerrar siempre que sea necesario. Su interior permite una distribuci\u00f3n uniforme de la luz sin crear sombras no deseadas. <\/p>\n<p><strong>Caracter\u00edsticas t\u00e9cnicas:<\/strong><\/p>\n<table border=\"0\" width=\"642\" cellspacing=\"0\" cellpadding=\"2\">\n<colgroup>\n<col width=\"299\">\n<col width=\"335\"> <\/colgroup>\n<tbody>\n<tr>\n<td width=\"299\">Marca:<\/td>\n<td width=\"335\">Caruba<\/td>\n<\/tr>\n<tr>\n<td width=\"299\">Temperatura:<\/td>\n<td width=\"335\">De 3300K a 5600K<\/td>\n<\/tr>\n<tr>\n<td width=\"299\">Color exterior:<\/td>\n<td width=\"335\">Negro<\/td>\n<\/tr>\n<tr>\n<td width=\"299\">Color interior:<\/td>\n<td width=\"335\">Plateado<\/td>\n<\/tr>\n<tr>\n<td width=\"299\">4 Fondos:<\/td>\n<td width=\"335\">Blanco, negro, gris y melocot\u00f3n<\/td>\n<\/tr>\n<tr>\n<td width=\"299\">Dimensiones:<\/td>\n<td width=\"335\">70 x 70 x 70 cm<\/td>\n<\/tr>\n<\/tbody>\n<\/table>\n","protected":false},"excerpt":{"rendered":"<p>Cubo de luz LED regulable CARUBA (Bicolor) 70x70x70cm Contenido del paquete: 1 x Cubo de luz 70x70x70cm 1 x iluminaci\u00f3n<\/p>\n","protected":false},"featured_media":24148,"comment_status":"closed","ping_status":"open","template":"","meta":{"_acf_changed":false},"product_brand":[2546],"product_cat":[940],"product_tag":[],"class_list":{"0":"post-71634","1":"product","2":"type-product","3":"status-publish","4":"has-post-thumbnail","6":"product_brand-caruba-es","7":"product_cat-cicloramas-cajas-de-luz","9":"first","10":"onbackorder","11":"taxable","12":"shipping-taxable","13":"purchasable","14":"product-type-simple"},"bundled_by":[],"bundle_stock_status":"onbackorder","bundle_stock_quantity":null,"bundle_virtual":false,"bundle_layout":"","bundle_add_to_cart_form_location":"","bundle_editable_in_cart":false,"bundle_sold_individually_context":"","bundle_item_grouping":"","bundle_min_size":"","bundle_max_size":"","bundle_price":[],"bundled_items":[],"bundle_sell_ids":[],"acf":[],"_links":{"self":[{"href":"https:\/\/hi-techwonder.com\/es\/wp-json\/wp\/v2\/product\/71634","targetHints":{"allow":["GET"]}}],"collection":[{"href":"https:\/\/hi-techwonder.com\/es\/wp-json\/wp\/v2\/product"}],"about":[{"href":"https:\/\/hi-techwonder.com\/es\/wp-json\/wp\/v2\/types\/product"}],"replies":[{"embeddable":true,"href":"https:\/\/hi-techwonder.com\/es\/wp-json\/wp\/v2\/comments?post=71634"}],"wp:featuredmedia":[{"embeddable":true,"href":"https:\/\/hi-techwonder.com\/es\/wp-json\/wp\/v2\/media\/24148"}],"wp:attachment":[{"href":"https:\/\/hi-techwonder.com\/es\/wp-json\/wp\/v2\/media?parent=71634"}],"wp:term":[{"taxonomy":"product_brand","embeddable":true,"href":"https:\/\/hi-techwonder.com\/es\/wp-json\/wp\/v2\/product_brand?post=71634"},{"taxonomy":"product_cat","embeddable":true,"href":"https:\/\/hi-techwonder.com\/es\/wp-json\/wp\/v2\/product_cat?post=71634"},{"taxonomy":"product_tag","embeddable":true,"href":"https:\/\/hi-techwonder.com\/es\/wp-json\/wp\/v2\/product_tag?post=71634"}],"curies":[{"name":"wp","href":"https:\/\/api.w.org\/{rel}","templated":true}]}}