{"id":71635,"date":"2025-07-28T23:34:21","date_gmt":"2025-07-28T23:34:21","guid":{"rendered":"https:\/\/fv6qoy3ls0.wpdns.site\/produto\/caruba-cube-led-light-60x60x60cm\/"},"modified":"2025-09-04T07:48:25","modified_gmt":"2025-09-04T07:48:25","slug":"caruba-cube-led-light-60x60x60cm","status":"publish","type":"product","link":"https:\/\/hi-techwonder.com\/es\/producto\/caruba-cube-led-light-60x60x60cm\/","title":{"rendered":"CARUBA Cube Led Light 60X60X60cm"},"content":{"rendered":"<p>Este cubo de luz es ideal para fotos que necesitan ser recortadas y editadas.<br \/>Tambi\u00e9n es adecuado para fotograf\u00eda digital y anal\u00f3gica y permite una iluminaci\u00f3n suave y sin sombras.<br \/>Puedes montarlo muy r\u00e1pidamente y sus fondos se aplican a trav\u00e9s de un velcro.<br \/>La transformaci\u00f3n del bolso de estudio se realiza en un instante, abriendo el bolso por la parte posterior y doblando por los lados. La posici\u00f3n de las paredes se puede fijar con el velcro. <\/p>\n<p><strong>Contenido de la caja:<\/strong><\/p>\n<ul>\n<li>1x Cubo de luz \/ Bolsa  <\/li>\n<li>2x iluminadores LED<\/li>\n<li>1x Mini tr\u00edpode<\/li>\n<li>5x Fondos de tela (blanco, rojo, negro, azul y verde)<\/li>\n<\/ul>\n<p><strong>Dimensiones:<\/strong> 60x60x60cm<\/p>\n","protected":false},"excerpt":{"rendered":"<p>Este cubo de luz es ideal para fotos que necesitan ser recortadas y editadas.Tambi\u00e9n es adecuado para fotograf\u00eda digital y<\/p>\n","protected":false},"featured_media":24133,"comment_status":"closed","ping_status":"open","template":"","meta":{"_acf_changed":false},"product_brand":[2546],"product_cat":[940],"product_tag":[],"class_list":{"0":"post-71635","1":"product","2":"type-product","3":"status-publish","4":"has-post-thumbnail","6":"product_brand-caruba-es","7":"product_cat-cicloramas-cajas-de-luz","9":"first","10":"onbackorder","11":"taxable","12":"shipping-taxable","13":"purchasable","14":"product-type-simple"},"bundled_by":[],"bundle_stock_status":"onbackorder","bundle_stock_quantity":null,"bundle_virtual":false,"bundle_layout":"","bundle_add_to_cart_form_location":"","bundle_editable_in_cart":false,"bundle_sold_individually_context":"","bundle_item_grouping":"","bundle_min_size":"","bundle_max_size":"","bundle_price":[],"bundled_items":[],"bundle_sell_ids":[],"acf":[],"_links":{"self":[{"href":"https:\/\/hi-techwonder.com\/es\/wp-json\/wp\/v2\/product\/71635","targetHints":{"allow":["GET"]}}],"collection":[{"href":"https:\/\/hi-techwonder.com\/es\/wp-json\/wp\/v2\/product"}],"about":[{"href":"https:\/\/hi-techwonder.com\/es\/wp-json\/wp\/v2\/types\/product"}],"replies":[{"embeddable":true,"href":"https:\/\/hi-techwonder.com\/es\/wp-json\/wp\/v2\/comments?post=71635"}],"wp:featuredmedia":[{"embeddable":true,"href":"https:\/\/hi-techwonder.com\/es\/wp-json\/wp\/v2\/media\/24133"}],"wp:attachment":[{"href":"https:\/\/hi-techwonder.com\/es\/wp-json\/wp\/v2\/media?parent=71635"}],"wp:term":[{"taxonomy":"product_brand","embeddable":true,"href":"https:\/\/hi-techwonder.com\/es\/wp-json\/wp\/v2\/product_brand?post=71635"},{"taxonomy":"product_cat","embeddable":true,"href":"https:\/\/hi-techwonder.com\/es\/wp-json\/wp\/v2\/product_cat?post=71635"},{"taxonomy":"product_tag","embeddable":true,"href":"https:\/\/hi-techwonder.com\/es\/wp-json\/wp\/v2\/product_tag?post=71635"}],"curies":[{"name":"wp","href":"https:\/\/api.w.org\/{rel}","templated":true}]}}