{"id":71640,"date":"2025-07-28T23:34:59","date_gmt":"2025-07-28T23:34:59","guid":{"rendered":"https:\/\/fv6qoy3ls0.wpdns.site\/produto\/caruba-tela-negra-bottom-3x6m\/"},"modified":"2025-12-19T15:58:02","modified_gmt":"2025-12-19T15:58:02","slug":"caruba-tela-negra-bottom-3x6m","status":"publish","type":"product","link":"https:\/\/hi-techwonder.com\/es\/producto\/caruba-tela-negra-bottom-3x6m\/","title":{"rendered":"CARUBA Tela Negra Bottom 3x6m"},"content":{"rendered":"<p><strong>CARUBA Fondo de tela negra 3x6m<\/strong><\/p>\n<p> <\/p>\n<p>El fondo Caruba negro de 3&#215;6 m est\u00e1 hecho de tela de algod\u00f3n de excelente calidad. Debido a su color uniforme, este fondo es ideal tanto para fotograf\u00eda como para video. <\/p>\n<p>Contiene un dobladillo cosido con la dimensi\u00f3n de 8 cm para que se pueda colocar la barra de soporte telesc\u00f3pica.<\/p>\n<p><strong>Contenido del paquete:<\/strong><\/p>\n<ul>\n<li>1 x Fondo de tela negra<\/li>\n<\/ul>\n<p>Nota: Este art\u00edculo no incluye el corchete de fondo.<\/p>\n<p><strong>Caracter\u00edsticas t\u00e9cnicas:<\/strong><\/p>\n<table style=\"height: 105px;\" border=\"0\" width=\"100%\" cellspacing=\"0\" cellpadding=\"2\">\n<tbody>\n<tr style=\"height: 21px;\">\n<td style=\"height: 21px;\" width=\"41%\"><span style=\"color: #666666;\">Color:<\/span><\/td>\n<td style=\"height: 21px;\" width=\"59%\"><span style=\"color: #666666;\">Negro<\/span><\/td>\n<\/tr>\n<tr style=\"height: 21px;\">\n<td style=\"height: 21px;\" width=\"41%\"><span style=\"color: #666666;\">Ancho:<\/span><\/td>\n<td style=\"height: 21px;\" width=\"59%\"><span style=\"color: #666666;\">300 cm (3 m)<\/span><\/td>\n<\/tr>\n<tr style=\"height: 21px;\">\n<td style=\"height: 21px;\" width=\"41%\"><span style=\"color: #666666;\">Altura:<\/span><\/td>\n<td style=\"height: 21px;\" width=\"59%\"><span style=\"color: #666666;\">600 cm (6 m)<\/span><\/td>\n<\/tr>\n<tr style=\"height: 21px;\">\n<td style=\"height: 21px;\" width=\"41%\"><span style=\"color: #666666;\">Funda de barra telesc\u00f3pica:<\/span><\/td>\n<td style=\"height: 21px;\" width=\"59%\"><span style=\"color: #666666;\">8 cm<\/span><\/td>\n<\/tr>\n<tr style=\"height: 21px;\">\n<td style=\"height: 21px;\" width=\"41%\"><span style=\"color: #666666;\">Material:<\/span><\/td>\n<td style=\"height: 21px;\" width=\"59%\"><span style=\"color: #666666;\">Tela de algod\u00f3n<\/span><\/td>\n<\/tr>\n<\/tbody>\n<\/table>\n<p> <\/p>\n","protected":false},"excerpt":{"rendered":"<p>CARUBA Fondo de tela negra 3x6m El fondo Caruba negro de 3&#215;6 m est\u00e1 hecho de tela de algod\u00f3n de<\/p>\n","protected":false},"featured_media":24356,"comment_status":"closed","ping_status":"open","template":"","meta":{"_acf_changed":false},"product_brand":[2546],"product_cat":[952],"product_tag":[],"class_list":{"0":"post-71640","1":"product","2":"type-product","3":"status-publish","4":"has-post-thumbnail","6":"product_brand-caruba-es","7":"product_cat-tela","9":"first","10":"instock","11":"taxable","12":"shipping-taxable","13":"purchasable","14":"product-type-simple"},"bundled_by":[],"bundle_stock_status":"instock","bundle_stock_quantity":1,"bundle_virtual":false,"bundle_layout":"","bundle_add_to_cart_form_location":"","bundle_editable_in_cart":false,"bundle_sold_individually_context":"","bundle_item_grouping":"","bundle_min_size":"","bundle_max_size":"","bundle_price":[],"bundled_items":[],"bundle_sell_ids":[],"acf":[],"_links":{"self":[{"href":"https:\/\/hi-techwonder.com\/es\/wp-json\/wp\/v2\/product\/71640","targetHints":{"allow":["GET"]}}],"collection":[{"href":"https:\/\/hi-techwonder.com\/es\/wp-json\/wp\/v2\/product"}],"about":[{"href":"https:\/\/hi-techwonder.com\/es\/wp-json\/wp\/v2\/types\/product"}],"replies":[{"embeddable":true,"href":"https:\/\/hi-techwonder.com\/es\/wp-json\/wp\/v2\/comments?post=71640"}],"wp:featuredmedia":[{"embeddable":true,"href":"https:\/\/hi-techwonder.com\/es\/wp-json\/wp\/v2\/media\/24356"}],"wp:attachment":[{"href":"https:\/\/hi-techwonder.com\/es\/wp-json\/wp\/v2\/media?parent=71640"}],"wp:term":[{"taxonomy":"product_brand","embeddable":true,"href":"https:\/\/hi-techwonder.com\/es\/wp-json\/wp\/v2\/product_brand?post=71640"},{"taxonomy":"product_cat","embeddable":true,"href":"https:\/\/hi-techwonder.com\/es\/wp-json\/wp\/v2\/product_cat?post=71640"},{"taxonomy":"product_tag","embeddable":true,"href":"https:\/\/hi-techwonder.com\/es\/wp-json\/wp\/v2\/product_tag?post=71640"}],"curies":[{"name":"wp","href":"https:\/\/api.w.org\/{rel}","templated":true}]}}