{"id":71641,"date":"2025-07-29T09:55:45","date_gmt":"2025-07-29T09:55:45","guid":{"rendered":"https:\/\/fv6qoy3ls0.wpdns.site\/produto\/adaptador-de-zapata-caruba-ha-5-con-conexion-de-sincronizacion\/"},"modified":"2026-01-31T01:56:07","modified_gmt":"2026-01-31T01:56:07","slug":"caruba-adaptador-de-zapata-caruba-ha-5-con-conexion-de-sincronizacion","status":"publish","type":"product","link":"https:\/\/hi-techwonder.com\/es\/producto\/caruba-adaptador-de-zapata-caruba-ha-5-con-conexion-de-sincronizacion\/","title":{"rendered":"Adaptador de zapata CARUBA HA-5 con conexi\u00f3n de sincronizaci\u00f3n"},"content":{"rendered":"<p>Adaptador de zapata para c\u00e1maras sin conexi\u00f3n sincronista.<\/p>\n<p>Enchufe de PC para la conexi\u00f3n a un Flash externo.<br \/>Fijaci\u00f3n en el zapato.<\/p>\n<p>Compatible con todas las c\u00e1maras r\u00e9flex de zapata excepto Minolta\/Sony.<\/p>\n<p><strong>Contenido de la caja:<\/strong><\/p>\n<ul>\n<li>1x adaptador de zapata con conexi\u00f3n de sincronismo<\/li>\n<\/ul>\n","protected":false},"excerpt":{"rendered":"<p>Adaptador de zapata para c\u00e1maras sin conexi\u00f3n sincronista. Enchufe de PC para la conexi\u00f3n a un Flash externo.Fijaci\u00f3n en el<\/p>\n","protected":false},"featured_media":56047,"comment_status":"closed","ping_status":"open","template":"","meta":{"_acf_changed":false},"product_brand":[2546],"product_cat":[987],"product_tag":[],"class_list":{"0":"post-71641","1":"product","2":"type-product","3":"status-publish","4":"has-post-thumbnail","6":"product_brand-caruba-es","7":"product_cat-accesorios-flashes-de-estudio","9":"first","10":"onbackorder","11":"taxable","12":"shipping-taxable","13":"purchasable","14":"product-type-simple"},"bundled_by":[],"bundle_stock_status":"onbackorder","bundle_stock_quantity":0,"bundle_virtual":false,"bundle_layout":"","bundle_add_to_cart_form_location":"","bundle_editable_in_cart":false,"bundle_sold_individually_context":"","bundle_item_grouping":"","bundle_min_size":"","bundle_max_size":"","bundle_price":[],"bundled_items":[],"bundle_sell_ids":[],"acf":[],"_links":{"self":[{"href":"https:\/\/hi-techwonder.com\/es\/wp-json\/wp\/v2\/product\/71641","targetHints":{"allow":["GET"]}}],"collection":[{"href":"https:\/\/hi-techwonder.com\/es\/wp-json\/wp\/v2\/product"}],"about":[{"href":"https:\/\/hi-techwonder.com\/es\/wp-json\/wp\/v2\/types\/product"}],"replies":[{"embeddable":true,"href":"https:\/\/hi-techwonder.com\/es\/wp-json\/wp\/v2\/comments?post=71641"}],"wp:featuredmedia":[{"embeddable":true,"href":"https:\/\/hi-techwonder.com\/es\/wp-json\/wp\/v2\/media\/56047"}],"wp:attachment":[{"href":"https:\/\/hi-techwonder.com\/es\/wp-json\/wp\/v2\/media?parent=71641"}],"wp:term":[{"taxonomy":"product_brand","embeddable":true,"href":"https:\/\/hi-techwonder.com\/es\/wp-json\/wp\/v2\/product_brand?post=71641"},{"taxonomy":"product_cat","embeddable":true,"href":"https:\/\/hi-techwonder.com\/es\/wp-json\/wp\/v2\/product_cat?post=71641"},{"taxonomy":"product_tag","embeddable":true,"href":"https:\/\/hi-techwonder.com\/es\/wp-json\/wp\/v2\/product_tag?post=71641"}],"curies":[{"name":"wp","href":"https:\/\/api.w.org\/{rel}","templated":true}]}}