{"id":71646,"date":"2025-07-28T23:35:03","date_gmt":"2025-07-28T23:35:03","guid":{"rendered":"https:\/\/fv6qoy3ls0.wpdns.site\/produto\/caruba-fondo-de-tela-gris-2x3m\/"},"modified":"2026-04-15T17:53:32","modified_gmt":"2026-04-15T16:53:32","slug":"caruba-fondo-de-tela-gris-2x3m","status":"publish","type":"product","link":"https:\/\/hi-techwonder.com\/es\/producto\/caruba-fondo-de-tela-gris-2x3m\/","title":{"rendered":"CARUBA Fondo de tela gris 2x3m"},"content":{"rendered":"<p><span style=\"font-size: 12pt;\"><strong>CARUBA Fondo de tela gris <\/strong><strong>2<\/strong><strong>x3m<\/strong><\/span><\/p>\n<p> <\/p>\n<p>El fondo gris Caruba de 2x3m est\u00e1 hecho de tela de algod\u00f3n de excelente calidad. Debido a su color uniforme, este fondo es ideal tanto para fotograf\u00eda como para video. <\/p>\n<p>Contiene un dobladillo cosido con la dimensi\u00f3n de 8 cm para que se pueda colocar la barra de soporte telesc\u00f3pica.<\/p>\n<p><strong>Contenido del paquete:<\/strong><\/p>\n<ul>\n<li>1 x fondo de tela gris<\/li>\n<\/ul>\n<p>Nota: Este art\u00edculo no incluye el corchete de fondo.<\/p>\n<p><strong>Caracter\u00edsticas t\u00e9cnicas:<\/strong><\/p>\n<table style=\"height: 105px;\" border=\"0\" width=\"100%\" cellspacing=\"0\" cellpadding=\"2\">\n<tbody>\n<tr style=\"height: 21px;\">\n<td style=\"height: 21px;\" width=\"41%\"><span style=\"color: #666666;\">Color:<\/span><\/td>\n<td style=\"height: 21px;\" width=\"59%\"><span style=\"color: #666666;\">Gris<\/span><\/td>\n<\/tr>\n<tr style=\"height: 21px;\">\n<td style=\"height: 21px;\" width=\"41%\"><span style=\"color: #666666;\">Ancho:<\/span><\/td>\n<td style=\"height: 21px;\" width=\"59%\"><span style=\"color: #666666;\">200 cm (2 m)<\/span><\/td>\n<\/tr>\n<tr style=\"height: 21px;\">\n<td style=\"height: 21px;\" width=\"41%\"><span style=\"color: #666666;\">Altura:<\/span><\/td>\n<td style=\"height: 21px;\" width=\"59%\"><span style=\"color: #666666;\">300 cm (3 m)<\/span><\/td>\n<\/tr>\n<tr style=\"height: 21px;\">\n<td style=\"height: 21px;\" width=\"41%\"><span style=\"color: #666666;\">Funda de barra telesc\u00f3pica:<\/span><\/td>\n<td style=\"height: 21px;\" width=\"59%\"><span style=\"color: #666666;\">8 cm<\/span><\/td>\n<\/tr>\n<tr style=\"height: 21px;\">\n<td style=\"height: 21px;\" width=\"41%\"><span style=\"color: #666666;\">Material:<\/span><\/td>\n<td style=\"height: 21px;\" width=\"59%\"><span style=\"color: #666666;\">Tela de algod\u00f3n<\/span><\/td>\n<\/tr>\n<\/tbody>\n<\/table>\n<p> <\/p>\n","protected":false},"excerpt":{"rendered":"<p>CARUBA Fondo de tela gris 2x3m El fondo gris Caruba de 2x3m est\u00e1 hecho de tela de algod\u00f3n de excelente<\/p>\n","protected":false},"featured_media":24362,"comment_status":"closed","ping_status":"open","template":"","meta":{"_acf_changed":false},"product_brand":[2546],"product_cat":[952],"product_tag":[],"class_list":{"0":"post-71646","1":"product","2":"type-product","3":"status-publish","4":"has-post-thumbnail","6":"product_brand-caruba-es","7":"product_cat-tela","9":"first","10":"instock","11":"taxable","12":"shipping-taxable","13":"purchasable","14":"product-type-simple"},"bundled_by":[],"bundle_stock_status":"instock","bundle_stock_quantity":2,"bundle_virtual":false,"bundle_layout":"","bundle_add_to_cart_form_location":"","bundle_editable_in_cart":false,"bundle_sold_individually_context":"","bundle_item_grouping":"","bundle_min_size":"","bundle_max_size":"","bundle_price":[],"bundled_items":[],"bundle_sell_ids":[],"acf":[],"_links":{"self":[{"href":"https:\/\/hi-techwonder.com\/es\/wp-json\/wp\/v2\/product\/71646","targetHints":{"allow":["GET"]}}],"collection":[{"href":"https:\/\/hi-techwonder.com\/es\/wp-json\/wp\/v2\/product"}],"about":[{"href":"https:\/\/hi-techwonder.com\/es\/wp-json\/wp\/v2\/types\/product"}],"replies":[{"embeddable":true,"href":"https:\/\/hi-techwonder.com\/es\/wp-json\/wp\/v2\/comments?post=71646"}],"wp:featuredmedia":[{"embeddable":true,"href":"https:\/\/hi-techwonder.com\/es\/wp-json\/wp\/v2\/media\/24362"}],"wp:attachment":[{"href":"https:\/\/hi-techwonder.com\/es\/wp-json\/wp\/v2\/media?parent=71646"}],"wp:term":[{"taxonomy":"product_brand","embeddable":true,"href":"https:\/\/hi-techwonder.com\/es\/wp-json\/wp\/v2\/product_brand?post=71646"},{"taxonomy":"product_cat","embeddable":true,"href":"https:\/\/hi-techwonder.com\/es\/wp-json\/wp\/v2\/product_cat?post=71646"},{"taxonomy":"product_tag","embeddable":true,"href":"https:\/\/hi-techwonder.com\/es\/wp-json\/wp\/v2\/product_tag?post=71646"}],"curies":[{"name":"wp","href":"https:\/\/api.w.org\/{rel}","templated":true}]}}