{"id":71647,"date":"2025-07-28T23:34:59","date_gmt":"2025-07-28T23:34:59","guid":{"rendered":"https:\/\/fv6qoy3ls0.wpdns.site\/produto\/caruba-chromakey-fondo-de-tela-verde-3x6m\/"},"modified":"2026-03-17T17:45:40","modified_gmt":"2026-03-17T17:45:40","slug":"caruba-chromakey-fondo-de-tela-verde-3x6m","status":"publish","type":"product","link":"https:\/\/hi-techwonder.com\/es\/producto\/caruba-chromakey-fondo-de-tela-verde-3x6m\/","title":{"rendered":"CARUBA Chromakey Fondo de tela verde 3x6m"},"content":{"rendered":"<p><strong>Fondo de tela CARUBA Green Chromakey 3x6m<\/strong><\/p>\n<p> <\/p>\n<p>El fondo Chromakey de Caruba Verde de 3x 6m est\u00e1 hecho de tela de algod\u00f3n de excelente calidad. Debido a su tono, este fondo es extremadamente adecuado para fines crom\u00e1ticos, tanto en fotograf\u00eda como en video. <\/p>\n<p>Contiene un dobladillo cosido con la dimensi\u00f3n de 8 cm para que se pueda colocar la barra telesc\u00f3pica del soporte.<\/p>\n<p><strong>Contenido del paquete:<\/strong><\/p>\n<ul>\n<li>1 x fondo de tela verde Chromakey&nbsp;<\/li>\n<\/ul>\n<p>Nota: Este art\u00edculo no incluye el corchete de fondo.<\/p>\n<p><strong>Caracter\u00edsticas t\u00e9cnicas:<\/strong><\/p>\n<table border=\"0\" width=\"100%\" cellspacing=\"0\" cellpadding=\"2\">\n<tbody>\n<tr>\n<td width=\"41%\"><span style=\"color: #666666;\">Color:<\/span><\/td>\n<td width=\"59%\"><span style=\"color: #666666;\">Verde crom\u00e1tico <\/span><\/td>\n<\/tr>\n<tr>\n<td width=\"41%\"><span style=\"color: #666666;\">Ancho:<\/span><\/td>\n<td width=\"59%\"><span style=\"color: #666666;\">300 cm (3 m)<\/span><\/td>\n<\/tr>\n<tr>\n<td width=\"41%\"><span style=\"color: #666666;\">Altura:<\/span><\/td>\n<td width=\"59%\"><span style=\"color: #666666;\">600 cm (6 m)<\/span><\/td>\n<\/tr>\n<tr>\n<td width=\"41%\"><span style=\"color: #666666;\">Funda de barra telesc\u00f3pica:<\/span><\/td>\n<td width=\"59%\"><span style=\"color: #666666;\">8 cm<\/span><\/td>\n<\/tr>\n<tr>\n<td width=\"41%\"><span style=\"color: #666666;\">Material:<\/span><\/td>\n<td width=\"59%\"><span style=\"color: #666666;\">Tela de algod\u00f3n<\/span><\/td>\n<\/tr>\n<\/tbody>\n<\/table>\n<p> <\/p>\n","protected":false},"excerpt":{"rendered":"<p>Fondo de tela CARUBA Green Chromakey 3x6m El fondo Chromakey de Caruba Verde de 3x 6m est\u00e1 hecho de tela<\/p>\n","protected":false},"featured_media":24350,"comment_status":"closed","ping_status":"open","template":"","meta":{"_acf_changed":false},"product_brand":[2546],"product_cat":[952],"product_tag":[],"class_list":{"0":"post-71647","1":"product","2":"type-product","3":"status-publish","4":"has-post-thumbnail","6":"product_brand-caruba-es","7":"product_cat-tela","9":"first","10":"instock","11":"taxable","12":"shipping-taxable","13":"purchasable","14":"product-type-simple"},"bundled_by":[],"bundle_stock_status":"instock","bundle_stock_quantity":1,"bundle_virtual":false,"bundle_layout":"","bundle_add_to_cart_form_location":"","bundle_editable_in_cart":false,"bundle_sold_individually_context":"","bundle_item_grouping":"","bundle_min_size":"","bundle_max_size":"","bundle_price":[],"bundled_items":[],"bundle_sell_ids":[],"acf":[],"_links":{"self":[{"href":"https:\/\/hi-techwonder.com\/es\/wp-json\/wp\/v2\/product\/71647","targetHints":{"allow":["GET"]}}],"collection":[{"href":"https:\/\/hi-techwonder.com\/es\/wp-json\/wp\/v2\/product"}],"about":[{"href":"https:\/\/hi-techwonder.com\/es\/wp-json\/wp\/v2\/types\/product"}],"replies":[{"embeddable":true,"href":"https:\/\/hi-techwonder.com\/es\/wp-json\/wp\/v2\/comments?post=71647"}],"wp:featuredmedia":[{"embeddable":true,"href":"https:\/\/hi-techwonder.com\/es\/wp-json\/wp\/v2\/media\/24350"}],"wp:attachment":[{"href":"https:\/\/hi-techwonder.com\/es\/wp-json\/wp\/v2\/media?parent=71647"}],"wp:term":[{"taxonomy":"product_brand","embeddable":true,"href":"https:\/\/hi-techwonder.com\/es\/wp-json\/wp\/v2\/product_brand?post=71647"},{"taxonomy":"product_cat","embeddable":true,"href":"https:\/\/hi-techwonder.com\/es\/wp-json\/wp\/v2\/product_cat?post=71647"},{"taxonomy":"product_tag","embeddable":true,"href":"https:\/\/hi-techwonder.com\/es\/wp-json\/wp\/v2\/product_tag?post=71647"}],"curies":[{"name":"wp","href":"https:\/\/api.w.org\/{rel}","templated":true}]}}