{"id":71651,"date":"2025-07-29T08:52:41","date_gmt":"2025-07-29T08:52:41","guid":{"rendered":"https:\/\/fv6qoy3ls0.wpdns.site\/produto\/disparador-inalambrico-caruba-similar-al-rc-6-para-canon\/"},"modified":"2026-01-31T02:54:33","modified_gmt":"2026-01-31T02:54:33","slug":"caruba-disparador-inalambrico-caruba-similar-al-rc-6-para-canon","status":"publish","type":"product","link":"https:\/\/hi-techwonder.com\/es\/producto\/caruba-disparador-inalambrico-caruba-similar-al-rc-6-para-canon\/","title":{"rendered":"Disparador inal\u00e1mbrico CARUBA similar al RC-6 para Canon"},"content":{"rendered":"<p><strong>Disparador infrarrojo inal\u00e1mbrico Caruba similar a RC-6 para Canon<\/strong><br \/>Se recomienda utilizarlo en situaciones en las que sea dif\u00edcil acercarse o minimizar las vibraciones en primeros planos o tomas de larga exposici\u00f3n.<br \/>Este mando a distancia inal\u00e1mbrico, con un alcance de 5 metros, funciona por infrarrojos para que no pueda haber obstrucci\u00f3n entre el mando a distancia y el receptor de la c\u00e1mara.<br \/>Puede elegir entre disparo instant\u00e1neo o retraso de dos segundos.<\/p>\n<p>&nbsp;<\/p>\n<p><strong>Compatibilidad de c\u00e1maras:<\/strong><\/p>\n<ul>\n<li>Canon EOS 100D  <\/li>\n<li>Canon EOS 450D  <\/li>\n<li>Canon EOS 500D  <\/li>\n<li>Canon EOS 550D  <\/li>\n<li>Canon EOS 5D Mark II  <\/li>\n<li>Canon EOS 5D Mark III  <\/li>\n<li>Canon EOS 5DS  <\/li>\n<li>Canon EOS 5DS R  <\/li>\n<li>Canon EOS 600D  <\/li>\n<li>Canon EOS 60D  <\/li>\n<li>Canon EOS 60Da Astro  <\/li>\n<li>Canon EOS 650D  <\/li>\n<li>Canon EOS 6D  <\/li>\n<li>Canon EOS 700D  <\/li>\n<li>Canon EOS 70D  <\/li>\n<li>Canon EOS 750D  <\/li>\n<li>Canon EOS 760D  <\/li>\n<li>Canon EOS 7D  <\/li>\n<li>Canon EOS 7D Mark II  <\/li>\n<li>Sistema de c\u00e1mara Canon EOS M3  <\/li>\n<li>Mando a distancia Canon RC-6  <\/li>\n<li>Videoc\u00e1mara Canon XC10<\/li>\n<\/ul>\n<p>&nbsp;<br \/><strong>Contenido de la caja:<\/strong><\/p>\n<ul>\n<li>1 x Disparador infrarrojo inal\u00e1mbrico Caruba para Canon<\/li>\n<li>1 x Bater\u00eda CR2025<\/li>\n<\/ul>\n","protected":false},"excerpt":{"rendered":"<p>Disparador infrarrojo inal\u00e1mbrico Caruba similar a RC-6 para CanonSe recomienda utilizarlo en situaciones en las que sea dif\u00edcil acercarse o<\/p>\n","protected":false},"featured_media":42088,"comment_status":"closed","ping_status":"open","template":"","meta":{"_acf_changed":false},"product_brand":[2546],"product_cat":[919],"product_tag":[],"class_list":{"0":"post-71651","1":"product","2":"type-product","3":"status-publish","4":"has-post-thumbnail","6":"product_brand-caruba-es","7":"product_cat-disparadores-es","9":"first","10":"instock","11":"taxable","12":"shipping-taxable","13":"purchasable","14":"product-type-simple"},"bundled_by":[],"bundle_stock_status":"instock","bundle_stock_quantity":1,"bundle_virtual":false,"bundle_layout":"","bundle_add_to_cart_form_location":"","bundle_editable_in_cart":false,"bundle_sold_individually_context":"","bundle_item_grouping":"","bundle_min_size":"","bundle_max_size":"","bundle_price":[],"bundled_items":[],"bundle_sell_ids":[],"acf":[],"_links":{"self":[{"href":"https:\/\/hi-techwonder.com\/es\/wp-json\/wp\/v2\/product\/71651","targetHints":{"allow":["GET"]}}],"collection":[{"href":"https:\/\/hi-techwonder.com\/es\/wp-json\/wp\/v2\/product"}],"about":[{"href":"https:\/\/hi-techwonder.com\/es\/wp-json\/wp\/v2\/types\/product"}],"replies":[{"embeddable":true,"href":"https:\/\/hi-techwonder.com\/es\/wp-json\/wp\/v2\/comments?post=71651"}],"wp:featuredmedia":[{"embeddable":true,"href":"https:\/\/hi-techwonder.com\/es\/wp-json\/wp\/v2\/media\/42088"}],"wp:attachment":[{"href":"https:\/\/hi-techwonder.com\/es\/wp-json\/wp\/v2\/media?parent=71651"}],"wp:term":[{"taxonomy":"product_brand","embeddable":true,"href":"https:\/\/hi-techwonder.com\/es\/wp-json\/wp\/v2\/product_brand?post=71651"},{"taxonomy":"product_cat","embeddable":true,"href":"https:\/\/hi-techwonder.com\/es\/wp-json\/wp\/v2\/product_cat?post=71651"},{"taxonomy":"product_tag","embeddable":true,"href":"https:\/\/hi-techwonder.com\/es\/wp-json\/wp\/v2\/product_tag?post=71651"}],"curies":[{"name":"wp","href":"https:\/\/api.w.org\/{rel}","templated":true}]}}