{"id":71652,"date":"2025-07-29T10:26:45","date_gmt":"2025-07-29T10:26:45","guid":{"rendered":"https:\/\/fv6qoy3ls0.wpdns.site\/produto\/caruba-flb-5-base-de-zapata-de-liberacion-rapida-arca-swiss-120\/"},"modified":"2025-11-04T10:25:55","modified_gmt":"2025-11-04T10:25:55","slug":"caruba-flb-5-base-de-zapata-de-liberacion-rapida-arca-swiss-120","status":"publish","type":"product","link":"https:\/\/hi-techwonder.com\/es\/producto\/caruba-flb-5-base-de-zapata-de-liberacion-rapida-arca-swiss-120\/","title":{"rendered":"CARUBA FLB-5 Base de zapata de liberaci\u00f3n r\u00e1pida Arca-Swiss 120"},"content":{"rendered":"<p><strong>Base de zapata de liberaci\u00f3n r\u00e1pida universal CARUBA Arca-Swiss 120<\/strong><\/p>\n<p>Herramienta universal para fotograf\u00eda y v\u00eddeo:<\/p>\n<p>Esta base de zapata de liberaci\u00f3n r\u00e1pida de 120 mm, compatible con Arca Swiss, es una ayuda muy pr\u00e1ctica. La base se puede montar r\u00e1pida y f\u00e1cilmente en cualquier tr\u00edpode y soporte con un tornillo de rosca de 1\/4&#8243; o 3\/8&#8243;. <\/p>\n","protected":false},"excerpt":{"rendered":"<p>Base de zapata de liberaci\u00f3n r\u00e1pida universal CARUBA Arca-Swiss 120 Herramienta universal para fotograf\u00eda y v\u00eddeo: Esta base de zapata<\/p>\n","protected":false},"featured_media":63405,"comment_status":"closed","ping_status":"open","template":"","meta":{"_acf_changed":false},"product_brand":[2546],"product_cat":[1087],"product_tag":[],"class_list":{"0":"post-71652","1":"product","2":"type-product","3":"status-publish","4":"has-post-thumbnail","6":"product_brand-caruba-es","7":"product_cat-zapatas-y-tornillos","9":"first","10":"instock","11":"taxable","12":"shipping-taxable","13":"purchasable","14":"product-type-simple"},"bundled_by":[],"bundle_stock_status":"instock","bundle_stock_quantity":1,"bundle_virtual":false,"bundle_layout":"","bundle_add_to_cart_form_location":"","bundle_editable_in_cart":false,"bundle_sold_individually_context":"","bundle_item_grouping":"","bundle_min_size":"","bundle_max_size":"","bundle_price":[],"bundled_items":[],"bundle_sell_ids":[],"acf":[],"_links":{"self":[{"href":"https:\/\/hi-techwonder.com\/es\/wp-json\/wp\/v2\/product\/71652","targetHints":{"allow":["GET"]}}],"collection":[{"href":"https:\/\/hi-techwonder.com\/es\/wp-json\/wp\/v2\/product"}],"about":[{"href":"https:\/\/hi-techwonder.com\/es\/wp-json\/wp\/v2\/types\/product"}],"replies":[{"embeddable":true,"href":"https:\/\/hi-techwonder.com\/es\/wp-json\/wp\/v2\/comments?post=71652"}],"wp:featuredmedia":[{"embeddable":true,"href":"https:\/\/hi-techwonder.com\/es\/wp-json\/wp\/v2\/media\/63405"}],"wp:attachment":[{"href":"https:\/\/hi-techwonder.com\/es\/wp-json\/wp\/v2\/media?parent=71652"}],"wp:term":[{"taxonomy":"product_brand","embeddable":true,"href":"https:\/\/hi-techwonder.com\/es\/wp-json\/wp\/v2\/product_brand?post=71652"},{"taxonomy":"product_cat","embeddable":true,"href":"https:\/\/hi-techwonder.com\/es\/wp-json\/wp\/v2\/product_cat?post=71652"},{"taxonomy":"product_tag","embeddable":true,"href":"https:\/\/hi-techwonder.com\/es\/wp-json\/wp\/v2\/product_tag?post=71652"}],"curies":[{"name":"wp","href":"https:\/\/api.w.org\/{rel}","templated":true}]}}