{"id":71653,"date":"2025-07-29T08:52:41","date_gmt":"2025-07-29T08:52:41","guid":{"rendered":"https:\/\/fv6qoy3ls0.wpdns.site\/produto\/disparador-inalambrico-caruba-similar-a-ml-l3-para-nikon\/"},"modified":"2026-01-31T02:54:37","modified_gmt":"2026-01-31T02:54:37","slug":"caruba-disparador-inalambrico-caruba-similar-a-ml-l3-para-nikon","status":"publish","type":"product","link":"https:\/\/hi-techwonder.com\/es\/producto\/caruba-disparador-inalambrico-caruba-similar-a-ml-l3-para-nikon\/","title":{"rendered":"Disparador inal\u00e1mbrico CARUBA similar a ML-L3 para Nikon"},"content":{"rendered":"<p><strong>Disparador infrarrojo inal\u00e1mbrico Caruba similar a ML-L3 para Nikon<\/strong><br \/>Se recomienda utilizarlo en situaciones en las que sea dif\u00edcil acercarse o minimizar las vibraciones en primeros planos o tomas de larga exposici\u00f3n.<br \/>Este mando a distancia inal\u00e1mbrico, con un alcance de 5 metros, funciona por infrarrojos para que no pueda haber obstrucci\u00f3n entre el mando a distancia y el receptor de la c\u00e1mara.<br \/>Puede elegir entre disparo instant\u00e1neo o retraso de dos segundos.<br \/><strong><br \/>Compatibilidad de c\u00e1maras:<\/strong><\/p>\n<ul>\n<li>D50<\/li>\n<li>C\u00e1mara de sistema Nikon 1 J2<\/li>\n<li>C\u00e1mara de sistema Nikon 1 V3<\/li>\n<li>Nikon Coolpix P6000<\/li>\n<li>Nikon Coolpix P7000<\/li>\n<li>Nikon Coolpix P7100<\/li>\n<li>C\u00e1mara compacta Nikon Coolpix P7100<\/li>\n<li>C\u00e1mara compacta Nikon Coolpix P7700<\/li>\n<li>C\u00e1mara compacta Nikon Coolpix P7800<\/li>\n<li>C\u00e1mara compacta Nikon Coolpix P900<\/li>\n<li>Nikon D1X<\/li>\n<li>Nikon D3000<\/li>\n<li>Nikon D3200<\/li>\n<li>Nikon D40<\/li>\n<li>Nikon D40 + 18-55 + SB400 + EL9 + 2G<\/li>\n<li>Nikon D40+18-55II<\/li>\n<li>Nikon D40x<\/li>\n<li>El kit Nikon D40x cumpli\u00f3 con Nikkor 18-55mm II<\/li>\n<li>Nikon D50<\/li>\n<li>Nikon D50+18-55<\/li>\n<li>Nikon D50+18-55 &amp; 55-200<\/li>\n<li>Nikon D5000<\/li>\n<li>Nikon D5100<\/li>\n<li>Nikon D5200<\/li>\n<li>Nikon D5300<\/li>\n<li>Nikon D60<\/li>\n<li>Nikon D600<\/li>\n<li>Nikon D610<\/li>\n<li>Nikon D70<\/li>\n<li>Nikon D70 (11150)<\/li>\n<li>Nikon D7000<\/li>\n<li>Nikon D70s<\/li>\n<li>Nikon D70s+18-70<\/li>\n<li>Nikon D7100<\/li>\n<li>Nikon D7200<\/li>\n<li>Nikon D750<\/li>\n<li>Nikon D80<\/li>\n<li>Nikon D80 zonder doos<\/li>\n<li>Nikon D80+18-135<\/li>\n<li>Nikon D80+18-200 VR<\/li>\n<li>NIKON D80+18-200VR+MBD80+EL3E<\/li>\n<li>Nikon D80+18-70<\/li>\n<li>Nikon D90<\/li>\n<li>Nikon I AM A D3200 pakket<\/li>\n<li>Linterna de sincronizaci\u00f3n de alta velocidad Voeloon 331EX E-TTL II Canon<\/li>\n<li>Linterna de sincronizaci\u00f3n de alta velocidad Voeloon 331EX I-TTL Nikon<\/li>\n<\/ul>\n<p><strong><br \/>Contenido de la caja:<\/strong><\/p>\n<ul>\n<li>1 x Disparador infrarrojo inal\u00e1mbrico Caruba para Nikon<\/li>\n<li>1 x Bater\u00eda CR2025<\/li>\n<\/ul>\n","protected":false},"excerpt":{"rendered":"<p>Disparador infrarrojo inal\u00e1mbrico Caruba similar a ML-L3 para NikonSe recomienda utilizarlo en situaciones en las que sea dif\u00edcil acercarse o<\/p>\n","protected":false},"featured_media":42097,"comment_status":"closed","ping_status":"open","template":"","meta":{"_acf_changed":false},"product_brand":[2546],"product_cat":[919],"product_tag":[],"class_list":{"0":"post-71653","1":"product","2":"type-product","3":"status-publish","4":"has-post-thumbnail","6":"product_brand-caruba-es","7":"product_cat-disparadores-es","9":"first","10":"pre-order","11":"taxable","12":"shipping-taxable","13":"purchasable","14":"product-type-simple"},"bundled_by":[],"bundle_stock_status":"pre-order","bundle_stock_quantity":0,"bundle_virtual":false,"bundle_layout":"","bundle_add_to_cart_form_location":"","bundle_editable_in_cart":false,"bundle_sold_individually_context":"","bundle_item_grouping":"","bundle_min_size":"","bundle_max_size":"","bundle_price":[],"bundled_items":[],"bundle_sell_ids":[],"acf":[],"_links":{"self":[{"href":"https:\/\/hi-techwonder.com\/es\/wp-json\/wp\/v2\/product\/71653","targetHints":{"allow":["GET"]}}],"collection":[{"href":"https:\/\/hi-techwonder.com\/es\/wp-json\/wp\/v2\/product"}],"about":[{"href":"https:\/\/hi-techwonder.com\/es\/wp-json\/wp\/v2\/types\/product"}],"replies":[{"embeddable":true,"href":"https:\/\/hi-techwonder.com\/es\/wp-json\/wp\/v2\/comments?post=71653"}],"wp:featuredmedia":[{"embeddable":true,"href":"https:\/\/hi-techwonder.com\/es\/wp-json\/wp\/v2\/media\/42097"}],"wp:attachment":[{"href":"https:\/\/hi-techwonder.com\/es\/wp-json\/wp\/v2\/media?parent=71653"}],"wp:term":[{"taxonomy":"product_brand","embeddable":true,"href":"https:\/\/hi-techwonder.com\/es\/wp-json\/wp\/v2\/product_brand?post=71653"},{"taxonomy":"product_cat","embeddable":true,"href":"https:\/\/hi-techwonder.com\/es\/wp-json\/wp\/v2\/product_cat?post=71653"},{"taxonomy":"product_tag","embeddable":true,"href":"https:\/\/hi-techwonder.com\/es\/wp-json\/wp\/v2\/product_tag?post=71653"}],"curies":[{"name":"wp","href":"https:\/\/api.w.org\/{rel}","templated":true}]}}