{"id":71656,"date":"2025-07-28T23:41:21","date_gmt":"2025-07-28T23:41:21","guid":{"rendered":"https:\/\/fv6qoy3ls0.wpdns.site\/produto\/caruba-fa4-s-brazo-flexible-grifo-grifo\/"},"modified":"2025-09-24T16:50:40","modified_gmt":"2025-09-24T16:50:40","slug":"caruba-fa4-s-brazo-flexible-grifo-grifo","status":"publish","type":"product","link":"https:\/\/hi-techwonder.com\/es\/producto\/caruba-fa4-s-brazo-flexible-grifo-grifo\/","title":{"rendered":"CARUBA FA4-S Brazo flexible (Grifo &#8211; Grifo)"},"content":{"rendered":"<p><strong>Caruba Accesorios Brazo flexible \/ FA4-S (Tija &gt; de sill\u00edn)<\/strong><\/p>\n<p>El brazo flexible accesorio Caruba \/ FS4-S es un brazo flexible fuerte con una conexi\u00f3n de tija de sill\u00edn de 1\/4&#8243; en ambos extremos. El brazo flexible de 50 cm de largo se dobla y gira a su gusto para colocar sus accesorios en los \u00e1ngulos m\u00e1s dif\u00edciles. La tija de sill\u00edn de 1\/4&#8243; te permite acoplar todo tipo de accesorios, como tr\u00edpodes y empu\u00f1aduras.<\/p>\n<p><strong>Funciones<\/strong><\/p>\n<ul>\n<li>Brazo fuerte y flexible<\/li>\n<li>50 cm de longitud del brazo<\/li>\n<li>Tija de sill\u00edn roscada de 1\/4&#8243; en ambos extremos<\/li>\n<\/ul>\n","protected":false},"excerpt":{"rendered":"<p>Caruba Accesorios Brazo flexible \/ FA4-S (Tija &gt; de sill\u00edn) El brazo flexible accesorio Caruba \/ FS4-S es un brazo<\/p>\n","protected":false},"featured_media":26224,"comment_status":"closed","ping_status":"open","template":"","meta":{"_acf_changed":false},"product_brand":[2546],"product_cat":[960],"product_tag":[],"class_list":{"0":"post-71656","1":"product","2":"type-product","3":"status-publish","4":"has-post-thumbnail","6":"product_brand-caruba-es","7":"product_cat-espigotes-pinzas","9":"first","10":"instock","11":"taxable","12":"shipping-taxable","13":"purchasable","14":"product-type-simple"},"bundled_by":[],"bundle_stock_status":"instock","bundle_stock_quantity":3,"bundle_virtual":false,"bundle_layout":"","bundle_add_to_cart_form_location":"","bundle_editable_in_cart":false,"bundle_sold_individually_context":"","bundle_item_grouping":"","bundle_min_size":"","bundle_max_size":"","bundle_price":[],"bundled_items":[],"bundle_sell_ids":[],"acf":[],"_links":{"self":[{"href":"https:\/\/hi-techwonder.com\/es\/wp-json\/wp\/v2\/product\/71656","targetHints":{"allow":["GET"]}}],"collection":[{"href":"https:\/\/hi-techwonder.com\/es\/wp-json\/wp\/v2\/product"}],"about":[{"href":"https:\/\/hi-techwonder.com\/es\/wp-json\/wp\/v2\/types\/product"}],"replies":[{"embeddable":true,"href":"https:\/\/hi-techwonder.com\/es\/wp-json\/wp\/v2\/comments?post=71656"}],"wp:featuredmedia":[{"embeddable":true,"href":"https:\/\/hi-techwonder.com\/es\/wp-json\/wp\/v2\/media\/26224"}],"wp:attachment":[{"href":"https:\/\/hi-techwonder.com\/es\/wp-json\/wp\/v2\/media?parent=71656"}],"wp:term":[{"taxonomy":"product_brand","embeddable":true,"href":"https:\/\/hi-techwonder.com\/es\/wp-json\/wp\/v2\/product_brand?post=71656"},{"taxonomy":"product_cat","embeddable":true,"href":"https:\/\/hi-techwonder.com\/es\/wp-json\/wp\/v2\/product_cat?post=71656"},{"taxonomy":"product_tag","embeddable":true,"href":"https:\/\/hi-techwonder.com\/es\/wp-json\/wp\/v2\/product_tag?post=71656"}],"curies":[{"name":"wp","href":"https:\/\/api.w.org\/{rel}","templated":true}]}}