{"id":71659,"date":"2025-07-28T23:47:48","date_gmt":"2025-07-28T23:47:48","guid":{"rendered":"https:\/\/fv6qoy3ls0.wpdns.site\/produto\/lector-de-tarjetas-caruba-cfexpress-tipo-a-usb-3-1\/"},"modified":"2026-04-15T18:16:27","modified_gmt":"2026-04-15T17:16:27","slug":"caruba-lector-de-tarjetas-caruba-cfexpress-tipo-a-usb-3-1","status":"publish","type":"product","link":"https:\/\/hi-techwonder.com\/es\/producto\/caruba-lector-de-tarjetas-caruba-cfexpress-tipo-a-usb-3-1\/","title":{"rendered":"Lector de tarjetas CARUBA CFexpress Tipo A USB 3.1"},"content":{"rendered":"<p><\/p>\n<p><b>Lector de tarjetas CARUBA CFexpress Tipo A USB 3.1<\/b><\/p>\n<p>Transferencia de datos extremadamente r\u00e1pida.<\/p>\n<p>El lector de tarjetas USB 3.1 Caruba CFexpress Tipo A le permite transferir r\u00e1pidamente archivos desde una tarjeta CFexpress Tipo A a su computadora.<\/p>\n<p><\/p>\n<p><b>Funciones:<\/b><\/p>\n<ul>\n<li>Adecuado para tarjetas CFexpress Tipo A<\/li>\n<li>Adecuado para Windows, MAC y dispositivos m\u00f3viles<\/li>\n<li>Plug and play<\/li>\n<li>Este lector de tarjetas est\u00e1 equipado con un indicador LED y se puede conectar a una PC, computadora port\u00e1til o tel\u00e9fono inteligente.&nbsp;<\/li>\n<li>Transfiera archivos a la velocidad del rayo con una velocidad de transferencia de datos de hasta 10 Gb\/s<\/li>\n<li>Plug and play<\/li>\n<li>Longitud del cable con conectores: 21 cm<\/li>\n<\/ul>\n<p>No compatible con tarjetas CFExpress Tipo B<\/p>\n<p><b><br \/><\/b><\/p>\n<p><b>En la caja:<\/b><\/p>\n<p>1 x Lector de tarjetas USB 3.1 Caruba CFexpress Type-A<\/p>\n<p>1 x Cable USB-C a USB-C<\/p>\n<p>1 x Cable USB-C a USB-A<\/p>\n<p>1 manual de instrucciones<\/p>\n","protected":false},"excerpt":{"rendered":"<p>Lector de tarjetas CARUBA CFexpress Tipo A USB 3.1 Transferencia de datos extremadamente r\u00e1pida. El lector de tarjetas USB 3.1<\/p>\n","protected":false},"featured_media":27871,"comment_status":"closed","ping_status":"closed","template":"","meta":{"_acf_changed":false},"product_brand":[2546],"product_cat":[1030],"product_tag":[],"class_list":{"0":"post-71659","1":"product","2":"type-product","3":"status-publish","4":"has-post-thumbnail","6":"product_brand-caruba-es","7":"product_cat-lectores-de-tarjetas","8":"pa_cartoes-memoria-compativeis-cfexpress-type-a-es","10":"first","11":"instock","12":"taxable","13":"shipping-taxable","14":"purchasable","15":"product-type-simple"},"bundled_by":[],"bundle_stock_status":"instock","bundle_stock_quantity":1,"bundle_virtual":false,"bundle_layout":"","bundle_add_to_cart_form_location":"","bundle_editable_in_cart":false,"bundle_sold_individually_context":"","bundle_item_grouping":"","bundle_min_size":"","bundle_max_size":"","bundle_price":[],"bundled_items":[],"bundle_sell_ids":[],"acf":[],"_links":{"self":[{"href":"https:\/\/hi-techwonder.com\/es\/wp-json\/wp\/v2\/product\/71659","targetHints":{"allow":["GET"]}}],"collection":[{"href":"https:\/\/hi-techwonder.com\/es\/wp-json\/wp\/v2\/product"}],"about":[{"href":"https:\/\/hi-techwonder.com\/es\/wp-json\/wp\/v2\/types\/product"}],"replies":[{"embeddable":true,"href":"https:\/\/hi-techwonder.com\/es\/wp-json\/wp\/v2\/comments?post=71659"}],"wp:featuredmedia":[{"embeddable":true,"href":"https:\/\/hi-techwonder.com\/es\/wp-json\/wp\/v2\/media\/27871"}],"wp:attachment":[{"href":"https:\/\/hi-techwonder.com\/es\/wp-json\/wp\/v2\/media?parent=71659"}],"wp:term":[{"taxonomy":"product_brand","embeddable":true,"href":"https:\/\/hi-techwonder.com\/es\/wp-json\/wp\/v2\/product_brand?post=71659"},{"taxonomy":"product_cat","embeddable":true,"href":"https:\/\/hi-techwonder.com\/es\/wp-json\/wp\/v2\/product_cat?post=71659"},{"taxonomy":"product_tag","embeddable":true,"href":"https:\/\/hi-techwonder.com\/es\/wp-json\/wp\/v2\/product_tag?post=71659"}],"curies":[{"name":"wp","href":"https:\/\/api.w.org\/{rel}","templated":true}]}}