{"id":71662,"date":"2025-07-28T23:55:31","date_gmt":"2025-07-28T23:55:31","guid":{"rendered":"https:\/\/fv6qoy3ls0.wpdns.site\/produto\/soporte-en-l-caruba-con-soporte-para-2-zapatos\/"},"modified":"2026-01-31T03:21:55","modified_gmt":"2026-01-31T03:21:55","slug":"caruba-soporte-en-l-caruba-con-soporte-para-2-zapatos","status":"publish","type":"product","link":"https:\/\/hi-techwonder.com\/es\/producto\/caruba-soporte-en-l-caruba-con-soporte-para-2-zapatos\/","title":{"rendered":"Soporte en L CARUBA con soporte para 2 zapatos"},"content":{"rendered":"<h3><strong>Soporte en L CARUBA con soporte para 2 zapatos<\/strong><\/h3>\n<p>La montura L de Caruba con 2 monturas de zapata ofrece una forma conveniente de flashear horizontal y verticalmente. Esta montura L tiene 2 zapatas, una para disparar con la c\u00e1mara en la posici\u00f3n horizontal est\u00e1ndar y otra para disparar en posici\u00f3n vertical. <\/p>\n<p>Los soportes de flash est\u00e1n dise\u00f1ados para extender la distancia entre el cabezal del flash y la lente para minimizar la aparici\u00f3n de ojos rojos y reducir las sombras del flash detr\u00e1s del sujeto. Con el soporte en L CARUBA con soporte de 2 zapatas, el flash se coloca ligeramente descentrado, lo que agrega m\u00e1s dimensi\u00f3n a los rostros en la fotograf\u00eda de retratos. <\/p>\n","protected":false},"excerpt":{"rendered":"<p>Soporte en L CARUBA con soporte para 2 zapatos La montura L de Caruba con 2 monturas de zapata ofrece<\/p>\n","protected":false},"featured_media":30214,"comment_status":"closed","ping_status":"open","template":"","meta":{"_acf_changed":false},"product_brand":[2546],"product_cat":[891],"product_tag":[],"class_list":{"0":"post-71662","1":"product","2":"type-product","3":"status-publish","4":"has-post-thumbnail","6":"product_brand-caruba-es","7":"product_cat-soportes-pertigas","9":"first","10":"instock","11":"taxable","12":"shipping-taxable","13":"purchasable","14":"product-type-simple"},"bundled_by":[],"bundle_stock_status":"instock","bundle_stock_quantity":1,"bundle_virtual":false,"bundle_layout":"","bundle_add_to_cart_form_location":"","bundle_editable_in_cart":false,"bundle_sold_individually_context":"","bundle_item_grouping":"","bundle_min_size":"","bundle_max_size":"","bundle_price":[],"bundled_items":[],"bundle_sell_ids":[],"acf":[],"_links":{"self":[{"href":"https:\/\/hi-techwonder.com\/es\/wp-json\/wp\/v2\/product\/71662","targetHints":{"allow":["GET"]}}],"collection":[{"href":"https:\/\/hi-techwonder.com\/es\/wp-json\/wp\/v2\/product"}],"about":[{"href":"https:\/\/hi-techwonder.com\/es\/wp-json\/wp\/v2\/types\/product"}],"replies":[{"embeddable":true,"href":"https:\/\/hi-techwonder.com\/es\/wp-json\/wp\/v2\/comments?post=71662"}],"wp:featuredmedia":[{"embeddable":true,"href":"https:\/\/hi-techwonder.com\/es\/wp-json\/wp\/v2\/media\/30214"}],"wp:attachment":[{"href":"https:\/\/hi-techwonder.com\/es\/wp-json\/wp\/v2\/media?parent=71662"}],"wp:term":[{"taxonomy":"product_brand","embeddable":true,"href":"https:\/\/hi-techwonder.com\/es\/wp-json\/wp\/v2\/product_brand?post=71662"},{"taxonomy":"product_cat","embeddable":true,"href":"https:\/\/hi-techwonder.com\/es\/wp-json\/wp\/v2\/product_cat?post=71662"},{"taxonomy":"product_tag","embeddable":true,"href":"https:\/\/hi-techwonder.com\/es\/wp-json\/wp\/v2\/product_tag?post=71662"}],"curies":[{"name":"wp","href":"https:\/\/api.w.org\/{rel}","templated":true}]}}