{"id":71663,"date":"2025-07-29T10:52:21","date_gmt":"2025-07-29T10:52:21","guid":{"rendered":"https:\/\/fv6qoy3ls0.wpdns.site\/produto\/brazo-magico-caruba-xl\/"},"modified":"2026-01-31T01:22:19","modified_gmt":"2026-01-31T01:22:19","slug":"caruba-brazo-magico-caruba-xl","status":"publish","type":"product","link":"https:\/\/hi-techwonder.com\/es\/producto\/caruba-brazo-magico-caruba-xl\/","title":{"rendered":"Brazo m\u00e1gico CARUBA XL"},"content":{"rendered":"<p><strong>Brazo m\u00e1gico CARUBA XL<\/strong><\/p>\n<p>El Caruba Magic Arm XL es un brazo flexible y vers\u00e1til que se puede utilizar para colocar su c\u00e1mara o accesorios de manera precisa y estable. El brazo est\u00e1 hecho de aluminio de alta calidad, lo que lo hace fuerte y duradero, con una capacidad de carga m\u00e1xima de 2 kilogramos. <\/p>\n<p>El Magic Arm XL se puede utilizar de diferentes maneras. Tiene m\u00faltiples puntos de pivote y se puede ajustar f\u00e1cilmente para ajustar el \u00e1ngulo y la posici\u00f3n de su c\u00e1mara o accesorio. <\/p>\n<p><strong>Funciones<\/strong><\/p>\n<p>Peso: 413g<\/p>\n<p>Capacidad de carga: 2kg<\/p>\n<p>Material: Aluminio<\/p>\n<p>Altura de elevaci\u00f3n: 20-80 cm<\/p>\n<p><strong>En la caja<\/strong><\/p>\n<p>1x Brazo m\u00e1gico de Caruba XL<\/p>\n","protected":false},"excerpt":{"rendered":"<p>Brazo m\u00e1gico CARUBA XL El Caruba Magic Arm XL es un brazo flexible y vers\u00e1til que se puede utilizar para<\/p>\n","protected":false},"featured_media":68685,"comment_status":"closed","ping_status":"open","template":"","meta":{"_acf_changed":false},"product_brand":[2546],"product_cat":[1099],"product_tag":[],"class_list":{"0":"post-71663","1":"product","2":"type-product","3":"status-publish","4":"has-post-thumbnail","6":"product_brand-caruba-es","7":"product_cat-brazos-es","9":"first","10":"instock","11":"taxable","12":"shipping-taxable","13":"purchasable","14":"product-type-simple"},"bundled_by":[],"bundle_stock_status":"instock","bundle_stock_quantity":1,"bundle_virtual":false,"bundle_layout":"","bundle_add_to_cart_form_location":"","bundle_editable_in_cart":false,"bundle_sold_individually_context":"","bundle_item_grouping":"","bundle_min_size":"","bundle_max_size":"","bundle_price":[],"bundled_items":[],"bundle_sell_ids":[],"acf":[],"_links":{"self":[{"href":"https:\/\/hi-techwonder.com\/es\/wp-json\/wp\/v2\/product\/71663","targetHints":{"allow":["GET"]}}],"collection":[{"href":"https:\/\/hi-techwonder.com\/es\/wp-json\/wp\/v2\/product"}],"about":[{"href":"https:\/\/hi-techwonder.com\/es\/wp-json\/wp\/v2\/types\/product"}],"replies":[{"embeddable":true,"href":"https:\/\/hi-techwonder.com\/es\/wp-json\/wp\/v2\/comments?post=71663"}],"wp:featuredmedia":[{"embeddable":true,"href":"https:\/\/hi-techwonder.com\/es\/wp-json\/wp\/v2\/media\/68685"}],"wp:attachment":[{"href":"https:\/\/hi-techwonder.com\/es\/wp-json\/wp\/v2\/media?parent=71663"}],"wp:term":[{"taxonomy":"product_brand","embeddable":true,"href":"https:\/\/hi-techwonder.com\/es\/wp-json\/wp\/v2\/product_brand?post=71663"},{"taxonomy":"product_cat","embeddable":true,"href":"https:\/\/hi-techwonder.com\/es\/wp-json\/wp\/v2\/product_cat?post=71663"},{"taxonomy":"product_tag","embeddable":true,"href":"https:\/\/hi-techwonder.com\/es\/wp-json\/wp\/v2\/product_tag?post=71663"}],"curies":[{"name":"wp","href":"https:\/\/api.w.org\/{rel}","templated":true}]}}