{"id":71666,"date":"2025-07-28T23:47:48","date_gmt":"2025-07-28T23:47:48","guid":{"rendered":"https:\/\/fv6qoy3ls0.wpdns.site\/produto\/lector-de-tarjetas-caruba-cfexpress-tipo-b-usb-3-1\/"},"modified":"2026-05-06T11:54:00","modified_gmt":"2026-05-06T10:54:00","slug":"caruba-lector-de-tarjetas-caruba-cfexpress-tipo-b-usb-3-1","status":"publish","type":"product","link":"https:\/\/hi-techwonder.com\/es\/producto\/caruba-lector-de-tarjetas-caruba-cfexpress-tipo-b-usb-3-1\/","title":{"rendered":"Lector de tarjetas CARUBA CFexpress Tipo B USB 3.1"},"content":{"rendered":"<p><strong>&nbsp;Lector de tarjetas CFexpress Tipo B USB 3.1<\/strong><\/p>\n<p>El lector de tarjetas Caruba CFexpress Type B USB 3.1 es un lector de tarjetas de memoria compacto y liviano que le permite transferir archivos desde su tarjeta CFexpress Type B a su computadora a alta velocidad.<\/p>\n<p>El lector de tarjetas de memoria utiliza una interfaz USB 3.1 y USB tipo C. La carcasa met\u00e1lica no solo es duradera, sino que tambi\u00e9n act\u00faa como disipador de calor para la protecci\u00f3n contra el sobrecalentamiento. <\/p>\n<p><strong>Funciones:<\/strong><\/p>\n<ul>\n<li>CFexpress B<\/li>\n<li>USB-C y USB-A<\/li>\n<li>Indicador de estado LED<\/li>\n<li>Plug &amp; Play.<\/li>\n<\/ul>\n<p><strong>Contenido del paquete:<\/strong><\/p>\n<p>1x Lector de tarjetas Caruba CFexpress Tipo B USB 3.1<\/p>\n<p>1 x Cable USB 3.1<\/p>\n<p>1x Cable USB-C<\/p>\n","protected":false},"excerpt":{"rendered":"<p>&nbsp;Lector de tarjetas CFexpress Tipo B USB 3.1 El lector de tarjetas Caruba CFexpress Type B USB 3.1 es un<\/p>\n","protected":false},"featured_media":27864,"comment_status":"closed","ping_status":"closed","template":"","meta":{"_acf_changed":false},"product_brand":[2546],"product_cat":[1030],"product_tag":[],"class_list":{"0":"post-71666","1":"product","2":"type-product","3":"status-publish","4":"has-post-thumbnail","6":"product_brand-caruba-es","7":"product_cat-lectores-de-tarjetas","8":"pa_cartoes-memoria-compativeis-cfexpress-type-b-es","10":"first","11":"instock","12":"taxable","13":"shipping-taxable","14":"purchasable","15":"product-type-simple"},"bundled_by":[],"bundle_stock_status":"instock","bundle_stock_quantity":3,"bundle_virtual":false,"bundle_layout":"","bundle_add_to_cart_form_location":"","bundle_editable_in_cart":false,"bundle_sold_individually_context":"","bundle_item_grouping":"","bundle_min_size":"","bundle_max_size":"","bundle_price":[],"bundled_items":[],"bundle_sell_ids":[],"acf":[],"_links":{"self":[{"href":"https:\/\/hi-techwonder.com\/es\/wp-json\/wp\/v2\/product\/71666","targetHints":{"allow":["GET"]}}],"collection":[{"href":"https:\/\/hi-techwonder.com\/es\/wp-json\/wp\/v2\/product"}],"about":[{"href":"https:\/\/hi-techwonder.com\/es\/wp-json\/wp\/v2\/types\/product"}],"replies":[{"embeddable":true,"href":"https:\/\/hi-techwonder.com\/es\/wp-json\/wp\/v2\/comments?post=71666"}],"wp:featuredmedia":[{"embeddable":true,"href":"https:\/\/hi-techwonder.com\/es\/wp-json\/wp\/v2\/media\/27864"}],"wp:attachment":[{"href":"https:\/\/hi-techwonder.com\/es\/wp-json\/wp\/v2\/media?parent=71666"}],"wp:term":[{"taxonomy":"product_brand","embeddable":true,"href":"https:\/\/hi-techwonder.com\/es\/wp-json\/wp\/v2\/product_brand?post=71666"},{"taxonomy":"product_cat","embeddable":true,"href":"https:\/\/hi-techwonder.com\/es\/wp-json\/wp\/v2\/product_cat?post=71666"},{"taxonomy":"product_tag","embeddable":true,"href":"https:\/\/hi-techwonder.com\/es\/wp-json\/wp\/v2\/product_tag?post=71666"}],"curies":[{"name":"wp","href":"https:\/\/api.w.org\/{rel}","templated":true}]}}