{"id":71667,"date":"2025-07-28T23:41:08","date_gmt":"2025-07-28T23:41:08","guid":{"rendered":"https:\/\/fv6qoy3ls0.wpdns.site\/produto\/kit-de-muelles-caruba-pack-2\/"},"modified":"2026-01-31T03:38:18","modified_gmt":"2026-01-31T03:38:18","slug":"caruba-kit-de-muelles-caruba-pack-2","status":"publish","type":"product","link":"https:\/\/hi-techwonder.com\/es\/producto\/caruba-kit-de-muelles-caruba-pack-2\/","title":{"rendered":"Kit de muelles CARUBA (pack 2)"},"content":{"rendered":"<p>Este vers\u00e1til resorte de metal es imprescindible en cualquier estudio.<\/p>\n<p>Est\u00e1 recubierto de goma para evitar da\u00f1os a lo que desea colocar.<\/p>\n<p><strong>Contenido de la caja:<\/strong><\/p>\n<ul>\n<li>2x Resorte<\/li>\n<\/ul>\n","protected":false},"excerpt":{"rendered":"<p>Este vers\u00e1til resorte de metal es imprescindible en cualquier estudio. Est\u00e1 recubierto de goma para evitar da\u00f1os a lo que<\/p>\n","protected":false},"featured_media":26188,"comment_status":"closed","ping_status":"open","template":"","meta":{"_acf_changed":false},"product_brand":[2546],"product_cat":[960],"product_tag":[],"class_list":{"0":"post-71667","1":"product","2":"type-product","3":"status-publish","4":"has-post-thumbnail","6":"product_brand-caruba-es","7":"product_cat-espigotes-pinzas","9":"first","10":"instock","11":"taxable","12":"shipping-taxable","13":"purchasable","14":"product-type-simple"},"bundled_by":[],"bundle_stock_status":"instock","bundle_stock_quantity":2,"bundle_virtual":false,"bundle_layout":"","bundle_add_to_cart_form_location":"","bundle_editable_in_cart":false,"bundle_sold_individually_context":"","bundle_item_grouping":"","bundle_min_size":"","bundle_max_size":"","bundle_price":[],"bundled_items":[],"bundle_sell_ids":[],"acf":[],"_links":{"self":[{"href":"https:\/\/hi-techwonder.com\/es\/wp-json\/wp\/v2\/product\/71667","targetHints":{"allow":["GET"]}}],"collection":[{"href":"https:\/\/hi-techwonder.com\/es\/wp-json\/wp\/v2\/product"}],"about":[{"href":"https:\/\/hi-techwonder.com\/es\/wp-json\/wp\/v2\/types\/product"}],"replies":[{"embeddable":true,"href":"https:\/\/hi-techwonder.com\/es\/wp-json\/wp\/v2\/comments?post=71667"}],"wp:featuredmedia":[{"embeddable":true,"href":"https:\/\/hi-techwonder.com\/es\/wp-json\/wp\/v2\/media\/26188"}],"wp:attachment":[{"href":"https:\/\/hi-techwonder.com\/es\/wp-json\/wp\/v2\/media?parent=71667"}],"wp:term":[{"taxonomy":"product_brand","embeddable":true,"href":"https:\/\/hi-techwonder.com\/es\/wp-json\/wp\/v2\/product_brand?post=71667"},{"taxonomy":"product_cat","embeddable":true,"href":"https:\/\/hi-techwonder.com\/es\/wp-json\/wp\/v2\/product_cat?post=71667"},{"taxonomy":"product_tag","embeddable":true,"href":"https:\/\/hi-techwonder.com\/es\/wp-json\/wp\/v2\/product_tag?post=71667"}],"curies":[{"name":"wp","href":"https:\/\/api.w.org\/{rel}","templated":true}]}}