{"id":71669,"date":"2025-07-29T10:12:22","date_gmt":"2025-07-29T10:12:22","guid":{"rendered":"https:\/\/fv6qoy3ls0.wpdns.site\/produto\/caruba-kit-all-in-1-daylight-softbox\/"},"modified":"2026-02-16T15:01:43","modified_gmt":"2026-02-16T15:01:43","slug":"caruba-kit-all-in-1-daylight-softbox","status":"publish","type":"product","link":"https:\/\/hi-techwonder.com\/es\/producto\/caruba-kit-all-in-1-daylight-softbox\/","title":{"rendered":"CARUBA Kit ALL-IN-1 Daylight Softbox"},"content":{"rendered":"<p>Cuenta con dos tr\u00edpodes con una altura m\u00e1xima de 2,20m y una softbox de 50x70cm ideal para fotograf\u00eda de retrato y producto.<br \/>Es perfecto para video y fotograf\u00eda.<\/p>\n<p><strong>Contenido de la caja:<\/strong><\/p>\n<ul>\n<li>2x Soporte para 4 bombillas (bombillas no incluidas);<\/li>\n<li>2x Caja de luz 50x70cm<\/li>\n<li>2x Tr\u00edpode de estudio  <\/li>\n<li>2x Difusor frontal<\/li>\n<li>1x cable de alimentaci\u00f3n<\/li>\n<\/ul>\n<p><strong>Especificaciones t\u00e9cnicas:<\/strong><\/p>\n<ul>\n<li><strong>Soportes: <\/strong>Casquillo para bombillas E27 25W<\/li>\n<li><strong>Fuente de alimentaci\u00f3n: <\/strong>CA 220-240V \/ 50-60Hz<\/li>\n<li><strong>Material: <\/strong>Aluminio, metal<\/li>\n<\/ul>\n<p><strong>&nbsp;<\/strong><\/p>\n<div id=\"_mcePaste\" style=\"position: absolute; left: -10000px; top: 176px; width: 1px; height: 1px; overflow: hidden;\">\n<table style=\"width: 700px;\" border=\"0\" cellspacing=\"0\" cellpadding=\"2\">\n<colgroup>\n<col width=\"244\">\n<col width=\"448\"> <\/colgroup>\n<tbody>\n<tr>\n<td width=\"244\">\n<p><span style=\"font-size: small;\">Potencia de la l\u00e1mpara (W):<\/span><\/p>\n<\/td>\n<td width=\"448\">\n<p><span style=\"font-size: small;\">8x25W &#8211; Equivalente a una potencia convencional de 200W<\/span><\/p>\n<\/td>\n<\/tr>\n<tr>\n<td width=\"244\">\n<p><span style=\"font-size: small;\">Salida de luz (a 2 m):<\/span><\/p>\n<\/td>\n<td width=\"448\">\n<p><span style=\"font-size: small;\">&#8211;<\/span><\/p>\n<\/td>\n<\/tr>\n<tr>\n<td width=\"244\">\n<p><span style=\"font-size: small;\">Buje:<\/span><\/p>\n<\/td>\n<td width=\"448\">\n<p><span style=\"font-size: small;\">E27<\/span><\/p>\n<\/td>\n<\/tr>\n<tr>\n<td width=\"244\">\n<p><span style=\"font-size: small;\">Temperatura de color (K):<\/span><\/p>\n<\/td>\n<td width=\"448\">\n<p><span style=\"font-size: small;\">5800<\/span><\/p>\n<\/td>\n<\/tr>\n<tr>\n<td width=\"244\">\n<p><span style=\"font-size: small;\">Fuente de alimentaci\u00f3n:<\/span><\/p>\n<\/td>\n<td width=\"448\">\n<p><span style=\"font-size: small;\">CA 220-240V \/ 50-60Hz<\/span><\/p>\n<\/td>\n<\/tr>\n<tr>\n<td width=\"244\">\n<p><span style=\"font-size: small;\">Longitud del cable:<\/span><\/p>\n<\/td>\n<td width=\"448\">\n<p><span style=\"font-size: small;\">&#8211;<\/span><\/p>\n<\/td>\n<\/tr>\n<tr>\n<td width=\"244\">\n<p><span style=\"font-size: small;\">Material:<\/span><\/p>\n<\/td>\n<td width=\"448\">\n<p><span style=\"font-size: small;\">Aluminio, metal<\/span><\/p>\n<\/td>\n<\/tr>\n<tr>\n<td width=\"244\">\n<p><span style=\"font-size: small;\">Peso (kg):<\/span><\/p>\n<\/td>\n<td width=\"448\">\n<p><span style=\"font-size: small;\">&#8211;<\/span><\/p>\n<\/td>\n<\/tr>\n<\/tbody>\n<\/table>\n<\/div>\n","protected":false},"excerpt":{"rendered":"<p>Cuenta con dos tr\u00edpodes con una altura m\u00e1xima de 2,20m y una softbox de 50x70cm ideal para fotograf\u00eda de retrato<\/p>\n","protected":false},"featured_media":60082,"comment_status":"closed","ping_status":"open","template":"","meta":{"_acf_changed":false},"product_brand":[2546],"product_cat":[995],"product_tag":[],"class_list":{"0":"post-71669","1":"product","2":"type-product","3":"status-publish","4":"has-post-thumbnail","6":"product_brand-caruba-es","7":"product_cat-fluorescente-es","9":"first","10":"instock","11":"taxable","12":"shipping-taxable","13":"purchasable","14":"product-type-simple"},"bundled_by":[],"bundle_stock_status":"instock","bundle_stock_quantity":1,"bundle_virtual":false,"bundle_layout":"","bundle_add_to_cart_form_location":"","bundle_editable_in_cart":false,"bundle_sold_individually_context":"","bundle_item_grouping":"","bundle_min_size":"","bundle_max_size":"","bundle_price":[],"bundled_items":[],"bundle_sell_ids":[],"acf":[],"_links":{"self":[{"href":"https:\/\/hi-techwonder.com\/es\/wp-json\/wp\/v2\/product\/71669","targetHints":{"allow":["GET"]}}],"collection":[{"href":"https:\/\/hi-techwonder.com\/es\/wp-json\/wp\/v2\/product"}],"about":[{"href":"https:\/\/hi-techwonder.com\/es\/wp-json\/wp\/v2\/types\/product"}],"replies":[{"embeddable":true,"href":"https:\/\/hi-techwonder.com\/es\/wp-json\/wp\/v2\/comments?post=71669"}],"wp:featuredmedia":[{"embeddable":true,"href":"https:\/\/hi-techwonder.com\/es\/wp-json\/wp\/v2\/media\/60082"}],"wp:attachment":[{"href":"https:\/\/hi-techwonder.com\/es\/wp-json\/wp\/v2\/media?parent=71669"}],"wp:term":[{"taxonomy":"product_brand","embeddable":true,"href":"https:\/\/hi-techwonder.com\/es\/wp-json\/wp\/v2\/product_brand?post=71669"},{"taxonomy":"product_cat","embeddable":true,"href":"https:\/\/hi-techwonder.com\/es\/wp-json\/wp\/v2\/product_cat?post=71669"},{"taxonomy":"product_tag","embeddable":true,"href":"https:\/\/hi-techwonder.com\/es\/wp-json\/wp\/v2\/product_tag?post=71669"}],"curies":[{"name":"wp","href":"https:\/\/api.w.org\/{rel}","templated":true}]}}