{"id":71676,"date":"2025-07-29T00:16:41","date_gmt":"2025-07-29T00:16:41","guid":{"rendered":"https:\/\/fv6qoy3ls0.wpdns.site\/produto\/caruba-inserto-toploader-l-negro\/"},"modified":"2025-09-25T15:52:19","modified_gmt":"2025-09-25T15:52:19","slug":"caruba-inserto-toploader-l-negro","status":"publish","type":"product","link":"https:\/\/hi-techwonder.com\/es\/producto\/caruba-inserto-toploader-l-negro\/","title":{"rendered":"CARUBA Inserto Toploader L Negro"},"content":{"rendered":"<p>El Caruba Insert Toploader L es una bolsa interior para colocar dentro de un bolso o mochila. Tiene espacio para una c\u00e1mara sin espejo o DSLR con 3 a 4 lentes y accesorios. Una mochila, maleta o bolso normal generalmente ofrece espacio de almacenamiento m\u00e1s que suficiente, pero el almacenamiento no siempre es ideal para su equipo fotogr\u00e1fico. \u00a1El Caruba Insert Toploader es la soluci\u00f3n!   <\/p>\n<p><strong>Tabiques desmontables<br \/><\/strong>La bolsa de inserci\u00f3n est\u00e1 equipada con divisores extra\u00edbles para que pueda organizar la bolsa como desee. Los m\u00faltiples bolsillos laterales brindan espacio para peque\u00f1os accesorios y el forro suave brinda una protecci\u00f3n \u00f3ptima para su equipo. <\/p>\n<p><strong>Espacio de almacenamiento seguro<\/strong><br \/>Los bolsillos de malla el\u00e1stica en los laterales son ideales para accesorios como la cartera. El anillo en D en la parte delantera le permite colgar llaves u otros accesorios. <\/p>\n<p><strong>Caracter\u00edsticas<\/strong><\/p>\n<ul>\n<li>Guarde su c\u00e1mara en su bolsa normal con este inserto<\/li>\n<li>Divisores extra\u00edbles para una disposici\u00f3n libre<\/li>\n<li>Confeccionado en tejido de nailon repelente al agua<\/li>\n<li>Varios pr\u00e1cticos compartimentos de malla y portaequipajes por todas partes<\/li>\n<li>Con anillo en D para tu llavero\n<\/li>\n<li>Material: Nylon<\/li>\n<li>Peso: 200gr<\/li>\n<li>Dimensiones totales (largo x ancho x alto): 27 x 21 x 13 cm<\/li>\n<li>Atenuaciones utilizables. (largo x ancho x alto): 24 x 20 x 10 cm <\/li>\n<\/ul>\n","protected":false},"excerpt":{"rendered":"<p>El Caruba Insert Toploader L es una bolsa interior para colocar dentro de un bolso o mochila. Tiene espacio para<\/p>\n","protected":false},"featured_media":37009,"comment_status":"closed","ping_status":"open","template":"","meta":{"_acf_changed":false},"product_brand":[2546],"product_cat":[908],"product_tag":[],"class_list":{"0":"post-71676","1":"product","2":"type-product","3":"status-publish","4":"has-post-thumbnail","6":"product_brand-caruba-es","7":"product_cat-organizadores-es","9":"first","10":"instock","11":"taxable","12":"shipping-taxable","13":"purchasable","14":"product-type-simple"},"bundled_by":[],"bundle_stock_status":"instock","bundle_stock_quantity":1,"bundle_virtual":false,"bundle_layout":"","bundle_add_to_cart_form_location":"","bundle_editable_in_cart":false,"bundle_sold_individually_context":"","bundle_item_grouping":"","bundle_min_size":"","bundle_max_size":"","bundle_price":[],"bundled_items":[],"bundle_sell_ids":[],"acf":[],"_links":{"self":[{"href":"https:\/\/hi-techwonder.com\/es\/wp-json\/wp\/v2\/product\/71676","targetHints":{"allow":["GET"]}}],"collection":[{"href":"https:\/\/hi-techwonder.com\/es\/wp-json\/wp\/v2\/product"}],"about":[{"href":"https:\/\/hi-techwonder.com\/es\/wp-json\/wp\/v2\/types\/product"}],"replies":[{"embeddable":true,"href":"https:\/\/hi-techwonder.com\/es\/wp-json\/wp\/v2\/comments?post=71676"}],"wp:featuredmedia":[{"embeddable":true,"href":"https:\/\/hi-techwonder.com\/es\/wp-json\/wp\/v2\/media\/37009"}],"wp:attachment":[{"href":"https:\/\/hi-techwonder.com\/es\/wp-json\/wp\/v2\/media?parent=71676"}],"wp:term":[{"taxonomy":"product_brand","embeddable":true,"href":"https:\/\/hi-techwonder.com\/es\/wp-json\/wp\/v2\/product_brand?post=71676"},{"taxonomy":"product_cat","embeddable":true,"href":"https:\/\/hi-techwonder.com\/es\/wp-json\/wp\/v2\/product_cat?post=71676"},{"taxonomy":"product_tag","embeddable":true,"href":"https:\/\/hi-techwonder.com\/es\/wp-json\/wp\/v2\/product_tag?post=71676"}],"curies":[{"name":"wp","href":"https:\/\/api.w.org\/{rel}","templated":true}]}}