{"id":71682,"date":"2025-07-29T10:19:22","date_gmt":"2025-07-29T10:19:22","guid":{"rendered":"https:\/\/fv6qoy3ls0.wpdns.site\/produto\/caruba-sarten-reflectante-297cm-con-nido-de-abeja-para-bowens\/"},"modified":"2025-07-29T10:19:22","modified_gmt":"2025-07-29T10:19:22","slug":"caruba-sarten-reflectante-297cm-con-nido-de-abeja-para-bowens","status":"publish","type":"product","link":"https:\/\/hi-techwonder.com\/es\/producto\/caruba-sarten-reflectante-297cm-con-nido-de-abeja-para-bowens\/","title":{"rendered":"CARUBA Sart\u00e9n reflectante 29,7cm con nido de abeja para Bowens"},"content":{"rendered":"<p>Este reflector est\u00e1ndar crea una luz m\u00e1s brillante y dura.<\/p>\n<p><strong>Funciones:<\/strong><\/p>\n<ul style=\"box-sizing: border-box; margin-bottom: 1rem; margin-top: 0px; color: #777777; font-family: Roboto, sans-serif; font-size: 15px; background-color: #ffffff;\">\n<li style=\"box-sizing: border-box;\">Asamblea de Bowens<\/li>\n<li style=\"box-sizing: border-box;\">Di\u00e1metro: 29 cm<\/li>\n<li style=\"box-sizing: border-box;\">Altura: 35,5 cm<\/li>\n<\/ul>\n<p><strong style=\"-webkit-tap-highlight-color: rgba(0, 0, 0, 0); box-sizing: border-box; letter-spacing: 0.007px; background-color: #ffffff;\">Contenido de la caja:&nbsp;<\/strong><\/p>\n<ul style=\"box-sizing: border-box; margin-bottom: 1rem; margin-top: 0px; color: #777777; font-family: Roboto, sans-serif; font-size: 15px; background-color: #ffffff;\">\n<li style=\"box-sizing: border-box;\">1x Bandeja reflectante<\/li>\n<li style=\"box-sizing: border-box;\">1x Parrilla: 30\u00ba<\/li>\n<li style=\"box-sizing: border-box;\">1x Parrilla de 15\u00ba<\/li>\n<li style=\"box-sizing: border-box;\">1x Difusor<\/li>\n<\/ul>\n","protected":false},"excerpt":{"rendered":"<p>Este reflector est\u00e1ndar crea una luz m\u00e1s brillante y dura. Funciones: Asamblea de Bowens Di\u00e1metro: 29 cm Altura: 35,5 cm<\/p>\n","protected":false},"featured_media":61662,"comment_status":"closed","ping_status":"open","template":"","meta":{"_acf_changed":false},"product_brand":[2546],"product_cat":[1002],"product_tag":[],"class_list":{"0":"post-71682","1":"product","2":"type-product","3":"status-publish","4":"has-post-thumbnail","6":"product_brand-caruba-es","7":"product_cat-beauty-dish-es","9":"first","10":"onbackorder","11":"taxable","12":"shipping-taxable","13":"purchasable","14":"product-type-simple"},"bundled_by":[],"bundle_stock_status":"onbackorder","bundle_stock_quantity":0,"bundle_virtual":false,"bundle_layout":"","bundle_add_to_cart_form_location":"","bundle_editable_in_cart":false,"bundle_sold_individually_context":"","bundle_item_grouping":"","bundle_min_size":"","bundle_max_size":"","bundle_price":[],"bundled_items":[],"bundle_sell_ids":[],"acf":[],"_links":{"self":[{"href":"https:\/\/hi-techwonder.com\/es\/wp-json\/wp\/v2\/product\/71682","targetHints":{"allow":["GET"]}}],"collection":[{"href":"https:\/\/hi-techwonder.com\/es\/wp-json\/wp\/v2\/product"}],"about":[{"href":"https:\/\/hi-techwonder.com\/es\/wp-json\/wp\/v2\/types\/product"}],"replies":[{"embeddable":true,"href":"https:\/\/hi-techwonder.com\/es\/wp-json\/wp\/v2\/comments?post=71682"}],"wp:featuredmedia":[{"embeddable":true,"href":"https:\/\/hi-techwonder.com\/es\/wp-json\/wp\/v2\/media\/61662"}],"wp:attachment":[{"href":"https:\/\/hi-techwonder.com\/es\/wp-json\/wp\/v2\/media?parent=71682"}],"wp:term":[{"taxonomy":"product_brand","embeddable":true,"href":"https:\/\/hi-techwonder.com\/es\/wp-json\/wp\/v2\/product_brand?post=71682"},{"taxonomy":"product_cat","embeddable":true,"href":"https:\/\/hi-techwonder.com\/es\/wp-json\/wp\/v2\/product_cat?post=71682"},{"taxonomy":"product_tag","embeddable":true,"href":"https:\/\/hi-techwonder.com\/es\/wp-json\/wp\/v2\/product_tag?post=71682"}],"curies":[{"name":"wp","href":"https:\/\/api.w.org\/{rel}","templated":true}]}}