{"id":71685,"date":"2025-07-28T23:56:42","date_gmt":"2025-07-28T23:56:42","guid":{"rendered":"https:\/\/fv6qoy3ls0.wpdns.site\/produto\/caruba-nws-1r-munequera-negro-rojo\/"},"modified":"2025-12-22T12:04:41","modified_gmt":"2025-12-22T12:04:41","slug":"caruba-nws-1r-munequera-negro-rojo","status":"publish","type":"product","link":"https:\/\/hi-techwonder.com\/es\/producto\/caruba-nws-1r-munequera-negro-rojo\/","title":{"rendered":"CARUBA NWS-1R Mu\u00f1equera (negro + rojo)"},"content":{"rendered":"<p>La correa de mu\u00f1eca de neopreno Caruba te ayuda a sujetar tu c\u00e1mara de forma segura y c\u00f3moda.<\/p>\n<p><strong>Caracter\u00edsticas<\/strong>:<\/p>\n<ul>\n<li>Correa para disparar con una sola mano<\/li>\n<li>Material: Neopreno y pl\u00e1stico<\/li>\n<li>Con clip para liberar y conectar r\u00e1pidamente la c\u00e1mara<\/li>\n<\/ul>\n","protected":false},"excerpt":{"rendered":"<p>La correa de mu\u00f1eca de neopreno Caruba te ayuda a sujetar tu c\u00e1mara de forma segura y c\u00f3moda. Caracter\u00edsticas: Correa<\/p>\n","protected":false},"featured_media":30550,"comment_status":"closed","ping_status":"closed","template":"","meta":{"_acf_changed":false},"product_brand":[2546],"product_cat":[903],"product_tag":[],"class_list":{"0":"post-71685","1":"product","2":"type-product","3":"status-publish","4":"has-post-thumbnail","6":"product_brand-caruba-es","7":"product_cat-correas-y-tirantes","8":"pa_cor-negro","10":"first","11":"onbackorder","12":"taxable","13":"shipping-taxable","14":"purchasable","15":"product-type-simple"},"bundled_by":[],"bundle_stock_status":"onbackorder","bundle_stock_quantity":null,"bundle_virtual":false,"bundle_layout":"","bundle_add_to_cart_form_location":"","bundle_editable_in_cart":false,"bundle_sold_individually_context":"","bundle_item_grouping":"","bundle_min_size":"","bundle_max_size":"","bundle_price":[],"bundled_items":[],"bundle_sell_ids":[],"acf":[],"_links":{"self":[{"href":"https:\/\/hi-techwonder.com\/es\/wp-json\/wp\/v2\/product\/71685","targetHints":{"allow":["GET"]}}],"collection":[{"href":"https:\/\/hi-techwonder.com\/es\/wp-json\/wp\/v2\/product"}],"about":[{"href":"https:\/\/hi-techwonder.com\/es\/wp-json\/wp\/v2\/types\/product"}],"replies":[{"embeddable":true,"href":"https:\/\/hi-techwonder.com\/es\/wp-json\/wp\/v2\/comments?post=71685"}],"wp:featuredmedia":[{"embeddable":true,"href":"https:\/\/hi-techwonder.com\/es\/wp-json\/wp\/v2\/media\/30550"}],"wp:attachment":[{"href":"https:\/\/hi-techwonder.com\/es\/wp-json\/wp\/v2\/media?parent=71685"}],"wp:term":[{"taxonomy":"product_brand","embeddable":true,"href":"https:\/\/hi-techwonder.com\/es\/wp-json\/wp\/v2\/product_brand?post=71685"},{"taxonomy":"product_cat","embeddable":true,"href":"https:\/\/hi-techwonder.com\/es\/wp-json\/wp\/v2\/product_cat?post=71685"},{"taxonomy":"product_tag","embeddable":true,"href":"https:\/\/hi-techwonder.com\/es\/wp-json\/wp\/v2\/product_tag?post=71685"}],"curies":[{"name":"wp","href":"https:\/\/api.w.org\/{rel}","templated":true}]}}