{"id":71686,"date":"2025-07-29T08:53:49","date_gmt":"2025-07-29T08:53:49","guid":{"rendered":"https:\/\/fv6qoy3ls0.wpdns.site\/produto\/ocular-caruba-accesorio-de-goma-canon-ef\/"},"modified":"2026-01-31T02:53:31","modified_gmt":"2026-01-31T02:53:31","slug":"caruba-ocular-caruba-accesorio-de-goma-canon-ef","status":"publish","type":"product","link":"https:\/\/hi-techwonder.com\/es\/producto\/caruba-ocular-caruba-accesorio-de-goma-canon-ef\/","title":{"rendered":"Ocular CARUBA \/ Accesorio de goma Canon Ef"},"content":{"rendered":"<p style=\"text-align: justify\"><span style=\"font-size: small\">Proporciona amortiguaci\u00f3n alrededor del ocular de la c\u00e1mara y es especialmente \u00fatil para los usuarios con gafas.<br \/><\/span> <span style=\"font-size: small\"><br \/><\/span> <span style=\"font-size: small\"><span style=\"text-decoration: underline\"><strong>Compatible con:  <\/strong><br \/><\/span><\/span><\/p>\n<ul>\n<li><span style=\"font-size: small\">  Canon 300D, 350D, 400D, 450D, 500D, 550D<\/span><\/li>\n<\/ul>\n","protected":false},"excerpt":{"rendered":"<p>Proporciona amortiguaci\u00f3n alrededor del ocular de la c\u00e1mara y es especialmente \u00fatil para los usuarios con gafas. Compatible con: Canon<\/p>\n","protected":false},"featured_media":42461,"comment_status":"closed","ping_status":"open","template":"","meta":{"_acf_changed":false},"product_brand":[2546],"product_cat":[921],"product_tag":[],"class_list":{"0":"post-71686","1":"product","2":"type-product","3":"status-publish","4":"has-post-thumbnail","6":"product_brand-caruba-es","7":"product_cat-oculares-es","9":"first","10":"instock","11":"taxable","12":"shipping-taxable","13":"purchasable","14":"product-type-simple"},"bundled_by":[],"bundle_stock_status":"instock","bundle_stock_quantity":1,"bundle_virtual":false,"bundle_layout":"","bundle_add_to_cart_form_location":"","bundle_editable_in_cart":false,"bundle_sold_individually_context":"","bundle_item_grouping":"","bundle_min_size":"","bundle_max_size":"","bundle_price":[],"bundled_items":[],"bundle_sell_ids":[],"acf":[],"_links":{"self":[{"href":"https:\/\/hi-techwonder.com\/es\/wp-json\/wp\/v2\/product\/71686","targetHints":{"allow":["GET"]}}],"collection":[{"href":"https:\/\/hi-techwonder.com\/es\/wp-json\/wp\/v2\/product"}],"about":[{"href":"https:\/\/hi-techwonder.com\/es\/wp-json\/wp\/v2\/types\/product"}],"replies":[{"embeddable":true,"href":"https:\/\/hi-techwonder.com\/es\/wp-json\/wp\/v2\/comments?post=71686"}],"wp:featuredmedia":[{"embeddable":true,"href":"https:\/\/hi-techwonder.com\/es\/wp-json\/wp\/v2\/media\/42461"}],"wp:attachment":[{"href":"https:\/\/hi-techwonder.com\/es\/wp-json\/wp\/v2\/media?parent=71686"}],"wp:term":[{"taxonomy":"product_brand","embeddable":true,"href":"https:\/\/hi-techwonder.com\/es\/wp-json\/wp\/v2\/product_brand?post=71686"},{"taxonomy":"product_cat","embeddable":true,"href":"https:\/\/hi-techwonder.com\/es\/wp-json\/wp\/v2\/product_cat?post=71686"},{"taxonomy":"product_tag","embeddable":true,"href":"https:\/\/hi-techwonder.com\/es\/wp-json\/wp\/v2\/product_tag?post=71686"}],"curies":[{"name":"wp","href":"https:\/\/api.w.org\/{rel}","templated":true}]}}