{"id":71691,"date":"2025-07-29T08:59:33","date_gmt":"2025-07-29T08:59:33","guid":{"rendered":"https:\/\/fv6qoy3ls0.wpdns.site\/produto\/caruba-landing-pad-55cm\/"},"modified":"2025-10-21T15:46:12","modified_gmt":"2025-10-21T15:46:12","slug":"caruba-landing-pad-55cm","status":"publish","type":"product","link":"https:\/\/hi-techwonder.com\/es\/producto\/caruba-landing-pad-55cm\/","title":{"rendered":"CARUBA Landing Pad 55cm"},"content":{"rendered":"<p>Esta plataforma de acoplamiento Caruba con un di\u00e1metro de 55 cent\u00edmetros es f\u00e1cil de colocar para drones y cuadric\u00f3pteros. Con los tres pasadores suministrados, puede fijar de forma segura la plataforma de aterrizaje a la superficie para que no se mueva con el viento. Gracias al color naranja brillante por un lado y al azul brillante por el otro, siempre tendr\u00e1 un atractivo lugar de aterrizaje a su disposici\u00f3n.  <\/p>\n<p>La plataforma de aterrizaje de drones Caruba protege su dron<\/p>\n<p>La plataforma de lanzamiento evita que el polvo y los escombros se interpongan entre las h\u00e9lices, en los motores o en la c\u00e1mara durante el ascenso o descenso. Tambi\u00e9n inclu\u00ed ocho pegatinas reflectantes que puedes pegar en la plataforma de aterrizaje de drones para que sea m\u00e1s visible en el crep\u00fasculo o en la oscuridad. <\/p>\n<p><strong>Funciones<\/strong><\/p>\n<ul>\n<li>Despegue y aterrizaje seguro de drones<\/li>\n<li>Se puede utilizar en diferentes superficies<\/li>\n<li>F\u00e1cil de transportar<\/li>\n<li>Pesa 210 gramos<\/li>\n<\/ul>\n","protected":false},"excerpt":{"rendered":"<p>Esta plataforma de acoplamiento Caruba con un di\u00e1metro de 55 cent\u00edmetros es f\u00e1cil de colocar para drones y cuadric\u00f3pteros. Con<\/p>\n","protected":false},"featured_media":43687,"comment_status":"closed","ping_status":"open","template":"","meta":{"_acf_changed":false},"product_brand":[2546],"product_cat":[936],"product_tag":[],"class_list":{"0":"post-71691","1":"product","2":"type-product","3":"status-publish","4":"has-post-thumbnail","6":"product_brand-caruba-es","7":"product_cat-accesorios-drones","9":"first","10":"onbackorder","11":"taxable","12":"shipping-taxable","13":"purchasable","14":"product-type-simple"},"bundled_by":[],"bundle_stock_status":"onbackorder","bundle_stock_quantity":null,"bundle_virtual":false,"bundle_layout":"","bundle_add_to_cart_form_location":"","bundle_editable_in_cart":false,"bundle_sold_individually_context":"","bundle_item_grouping":"","bundle_min_size":"","bundle_max_size":"","bundle_price":[],"bundled_items":[],"bundle_sell_ids":[],"acf":[],"_links":{"self":[{"href":"https:\/\/hi-techwonder.com\/es\/wp-json\/wp\/v2\/product\/71691","targetHints":{"allow":["GET"]}}],"collection":[{"href":"https:\/\/hi-techwonder.com\/es\/wp-json\/wp\/v2\/product"}],"about":[{"href":"https:\/\/hi-techwonder.com\/es\/wp-json\/wp\/v2\/types\/product"}],"replies":[{"embeddable":true,"href":"https:\/\/hi-techwonder.com\/es\/wp-json\/wp\/v2\/comments?post=71691"}],"wp:featuredmedia":[{"embeddable":true,"href":"https:\/\/hi-techwonder.com\/es\/wp-json\/wp\/v2\/media\/43687"}],"wp:attachment":[{"href":"https:\/\/hi-techwonder.com\/es\/wp-json\/wp\/v2\/media?parent=71691"}],"wp:term":[{"taxonomy":"product_brand","embeddable":true,"href":"https:\/\/hi-techwonder.com\/es\/wp-json\/wp\/v2\/product_brand?post=71691"},{"taxonomy":"product_cat","embeddable":true,"href":"https:\/\/hi-techwonder.com\/es\/wp-json\/wp\/v2\/product_cat?post=71691"},{"taxonomy":"product_tag","embeddable":true,"href":"https:\/\/hi-techwonder.com\/es\/wp-json\/wp\/v2\/product_tag?post=71691"}],"curies":[{"name":"wp","href":"https:\/\/api.w.org\/{rel}","templated":true}]}}