{"id":71698,"date":"2025-07-29T09:17:44","date_gmt":"2025-07-29T09:17:44","guid":{"rendered":"https:\/\/fv6qoy3ls0.wpdns.site\/produto\/parasol-caruba-similar-a-canon-ew-83l\/"},"modified":"2026-01-31T02:28:30","modified_gmt":"2026-01-31T02:28:30","slug":"caruba-parasol-caruba-similar-a-canon-ew-83l","status":"publish","type":"product","link":"https:\/\/hi-techwonder.com\/es\/producto\/caruba-parasol-caruba-similar-a-canon-ew-83l\/","title":{"rendered":"Parasol CARUBA similar a Canon EW-83L"},"content":{"rendered":"<p><strong>Parasol CARUBA similar a Canon EW-83L<\/strong><\/p>\n<p><strong>Funciones:<\/strong><\/p>\n<ul>\n<li>Para lente Canon EF 24-70mm f\/4L IS USM<\/li>\n<\/ul>\n<p>El parasol <strong>CARUBA EW-83L est\u00e1<\/strong> dise\u00f1ado espec\u00edficamente para su uso con el objetivo <strong>EF 24-70mm f\/4L IS USM<\/strong> <strong>de Canon<\/strong>. Se utiliza principalmente para evitar que la luz par\u00e1sita no deseada entre en la lente extendiendo y sombreando su extremo. Se crea un parasol espec\u00edfico para adaptarse perfectamente a la distancia focal espec\u00edfica del objetivo para el que est\u00e1 dise\u00f1ado. Adem\u00e1s, este parasol cuenta con un acabado mate antirreflectante en la superficie interior para evitar o limitar a\u00fan m\u00e1s el destello de la lente. Adem\u00e1s, debido a que el final del objetivo se extiende, obtiene el beneficio adicional de una protecci\u00f3n adicional contra impactos accidentales.    <\/p>\n<p>La forma de \u00abp\u00e9talo\u00bb de este parasol maximiza la cantidad de cobertura del parasol con un peso y \u00e1rea m\u00ednimos del parasol. La montura de bayoneta est\u00e1 dise\u00f1ada para funcionar tambi\u00e9n en la posici\u00f3n invertida, lo que permite volver a colocar el parasol sobre el objetivo para una soluci\u00f3n de almacenamiento m\u00e1s compacta. <\/p>\n<ul>\n<li>Dise\u00f1ado para adaptarse al \u00e1ngulo de visi\u00f3n exacto de la lente de la c\u00e1mara<\/li>\n<li>Minimiza los destellos y las im\u00e1genes fantasma al bloquear la luz par\u00e1sita<\/li>\n<li>Protege su lente de impactos y elementos accidentales<\/li>\n<\/ul>\n","protected":false},"excerpt":{"rendered":"<p>Parasol CARUBA similar a Canon EW-83L Funciones: Para lente Canon EF 24-70mm f\/4L IS USM El parasol CARUBA EW-83L est\u00e1<\/p>\n","protected":false},"featured_media":47146,"comment_status":"closed","ping_status":"open","template":"","meta":{"_acf_changed":false},"product_brand":[2546],"product_cat":[1039],"product_tag":[],"class_list":{"0":"post-71698","1":"product","2":"type-product","3":"status-publish","4":"has-post-thumbnail","6":"product_brand-caruba-es","7":"product_cat-parasoles","9":"first","10":"onbackorder","11":"taxable","12":"shipping-taxable","13":"purchasable","14":"product-type-simple"},"bundled_by":[],"bundle_stock_status":"onbackorder","bundle_stock_quantity":0,"bundle_virtual":false,"bundle_layout":"","bundle_add_to_cart_form_location":"","bundle_editable_in_cart":false,"bundle_sold_individually_context":"","bundle_item_grouping":"","bundle_min_size":"","bundle_max_size":"","bundle_price":[],"bundled_items":[],"bundle_sell_ids":[],"acf":[],"_links":{"self":[{"href":"https:\/\/hi-techwonder.com\/es\/wp-json\/wp\/v2\/product\/71698","targetHints":{"allow":["GET"]}}],"collection":[{"href":"https:\/\/hi-techwonder.com\/es\/wp-json\/wp\/v2\/product"}],"about":[{"href":"https:\/\/hi-techwonder.com\/es\/wp-json\/wp\/v2\/types\/product"}],"replies":[{"embeddable":true,"href":"https:\/\/hi-techwonder.com\/es\/wp-json\/wp\/v2\/comments?post=71698"}],"wp:featuredmedia":[{"embeddable":true,"href":"https:\/\/hi-techwonder.com\/es\/wp-json\/wp\/v2\/media\/47146"}],"wp:attachment":[{"href":"https:\/\/hi-techwonder.com\/es\/wp-json\/wp\/v2\/media?parent=71698"}],"wp:term":[{"taxonomy":"product_brand","embeddable":true,"href":"https:\/\/hi-techwonder.com\/es\/wp-json\/wp\/v2\/product_brand?post=71698"},{"taxonomy":"product_cat","embeddable":true,"href":"https:\/\/hi-techwonder.com\/es\/wp-json\/wp\/v2\/product_cat?post=71698"},{"taxonomy":"product_tag","embeddable":true,"href":"https:\/\/hi-techwonder.com\/es\/wp-json\/wp\/v2\/product_tag?post=71698"}],"curies":[{"name":"wp","href":"https:\/\/api.w.org\/{rel}","templated":true}]}}