{"id":71699,"date":"2025-07-29T09:17:38","date_gmt":"2025-07-29T09:17:38","guid":{"rendered":"https:\/\/fv6qoy3ls0.wpdns.site\/produto\/caruba-sombrilla-universal-de-petalos-49mm\/"},"modified":"2025-07-29T09:17:38","modified_gmt":"2025-07-29T09:17:38","slug":"caruba-sombrilla-universal-de-petalos-49mm","status":"publish","type":"product","link":"https:\/\/hi-techwonder.com\/es\/producto\/caruba-sombrilla-universal-de-petalos-49mm\/","title":{"rendered":"CARUBA Sombrilla Universal de P\u00e9talos 49mm"},"content":{"rendered":"<p>CAPUCHA EN FORMA DE P\u00c9TALO CON ROSCA \u00d849mm<br \/>Todo lo que tienes que hacer es conocer el di\u00e1metro de la lente y atornillarla.<br \/>(ejemplo: \u00d849 mm, \u00d852 mm, \u00d877 mm, etc.)<br \/>Busque este s\u00edmbolo<strong> \u00d8<\/strong> en su lente o tapa de lente.<\/p>\n","protected":false},"excerpt":{"rendered":"<p>CAPUCHA EN FORMA DE P\u00c9TALO CON ROSCA \u00d849mmTodo lo que tienes que hacer es conocer el di\u00e1metro de la lente<\/p>\n","protected":false},"featured_media":47118,"comment_status":"closed","ping_status":"open","template":"","meta":{"_acf_changed":false},"product_brand":[2546],"product_cat":[1039],"product_tag":[],"class_list":{"0":"post-71699","1":"product","2":"type-product","3":"status-publish","4":"has-post-thumbnail","6":"product_brand-caruba-es","7":"product_cat-parasoles","9":"first","10":"onbackorder","11":"taxable","12":"shipping-taxable","13":"purchasable","14":"product-type-simple"},"bundled_by":[],"bundle_stock_status":"onbackorder","bundle_stock_quantity":0,"bundle_virtual":false,"bundle_layout":"","bundle_add_to_cart_form_location":"","bundle_editable_in_cart":false,"bundle_sold_individually_context":"","bundle_item_grouping":"","bundle_min_size":"","bundle_max_size":"","bundle_price":[],"bundled_items":[],"bundle_sell_ids":[],"acf":[],"_links":{"self":[{"href":"https:\/\/hi-techwonder.com\/es\/wp-json\/wp\/v2\/product\/71699","targetHints":{"allow":["GET"]}}],"collection":[{"href":"https:\/\/hi-techwonder.com\/es\/wp-json\/wp\/v2\/product"}],"about":[{"href":"https:\/\/hi-techwonder.com\/es\/wp-json\/wp\/v2\/types\/product"}],"replies":[{"embeddable":true,"href":"https:\/\/hi-techwonder.com\/es\/wp-json\/wp\/v2\/comments?post=71699"}],"wp:featuredmedia":[{"embeddable":true,"href":"https:\/\/hi-techwonder.com\/es\/wp-json\/wp\/v2\/media\/47118"}],"wp:attachment":[{"href":"https:\/\/hi-techwonder.com\/es\/wp-json\/wp\/v2\/media?parent=71699"}],"wp:term":[{"taxonomy":"product_brand","embeddable":true,"href":"https:\/\/hi-techwonder.com\/es\/wp-json\/wp\/v2\/product_brand?post=71699"},{"taxonomy":"product_cat","embeddable":true,"href":"https:\/\/hi-techwonder.com\/es\/wp-json\/wp\/v2\/product_cat?post=71699"},{"taxonomy":"product_tag","embeddable":true,"href":"https:\/\/hi-techwonder.com\/es\/wp-json\/wp\/v2\/product_tag?post=71699"}],"curies":[{"name":"wp","href":"https:\/\/api.w.org\/{rel}","templated":true}]}}