{"id":71703,"date":"2025-07-29T09:17:41","date_gmt":"2025-07-29T09:17:41","guid":{"rendered":"https:\/\/fv6qoy3ls0.wpdns.site\/produto\/caruba-parasol-similar-a-nikon-hb-34\/"},"modified":"2025-07-29T09:17:41","modified_gmt":"2025-07-29T09:17:41","slug":"caruba-parasol-similar-a-nikon-hb-34","status":"publish","type":"product","link":"https:\/\/hi-techwonder.com\/es\/producto\/caruba-parasol-similar-a-nikon-hb-34\/","title":{"rendered":"CARUBA Parasol similar a Nikon HB-34"},"content":{"rendered":"<p><strong>Caruba<\/strong> <strong>Parasol similar a Nikon HB-34<\/strong><\/p>\n<p>Un protector solar protege su lente de la luz no deseada y limita los efectos como el tinte de color y el destello de la lente. La cubierta solar tambi\u00e9n proporciona protecci\u00f3n adicional para sus lentes frontales. El Caruba HB-34 es compatible con m\u00faltiples lentes telezoom Nikon, como el lente Nikkor AF-S DX VR 55-200 mm f\/4-5.6 G IF-ED.  <\/p>\n<p><strong>Compatibilidad<\/strong><\/p>\n<ul>\n<li>Nikkor AF-S DX 55-200mm f\/4-5.6 G<\/li>\n<li>Nikkor AF-S DX VR 55-200mm f\/4-5.6 G IF-ED<\/li>\n<\/ul>\n","protected":false},"excerpt":{"rendered":"<p>Caruba Parasol similar a Nikon HB-34 Un protector solar protege su lente de la luz no deseada y limita los<\/p>\n","protected":false},"featured_media":47127,"comment_status":"closed","ping_status":"open","template":"","meta":{"_acf_changed":false},"product_brand":[2546],"product_cat":[1039],"product_tag":[],"class_list":{"0":"post-71703","1":"product","2":"type-product","3":"status-publish","4":"has-post-thumbnail","6":"product_brand-caruba-es","7":"product_cat-parasoles","9":"first","10":"instock","11":"taxable","12":"shipping-taxable","13":"purchasable","14":"product-type-simple"},"bundled_by":[],"bundle_stock_status":"instock","bundle_stock_quantity":1,"bundle_virtual":false,"bundle_layout":"","bundle_add_to_cart_form_location":"","bundle_editable_in_cart":false,"bundle_sold_individually_context":"","bundle_item_grouping":"","bundle_min_size":"","bundle_max_size":"","bundle_price":[],"bundled_items":[],"bundle_sell_ids":[],"acf":[],"_links":{"self":[{"href":"https:\/\/hi-techwonder.com\/es\/wp-json\/wp\/v2\/product\/71703","targetHints":{"allow":["GET"]}}],"collection":[{"href":"https:\/\/hi-techwonder.com\/es\/wp-json\/wp\/v2\/product"}],"about":[{"href":"https:\/\/hi-techwonder.com\/es\/wp-json\/wp\/v2\/types\/product"}],"replies":[{"embeddable":true,"href":"https:\/\/hi-techwonder.com\/es\/wp-json\/wp\/v2\/comments?post=71703"}],"wp:featuredmedia":[{"embeddable":true,"href":"https:\/\/hi-techwonder.com\/es\/wp-json\/wp\/v2\/media\/47127"}],"wp:attachment":[{"href":"https:\/\/hi-techwonder.com\/es\/wp-json\/wp\/v2\/media?parent=71703"}],"wp:term":[{"taxonomy":"product_brand","embeddable":true,"href":"https:\/\/hi-techwonder.com\/es\/wp-json\/wp\/v2\/product_brand?post=71703"},{"taxonomy":"product_cat","embeddable":true,"href":"https:\/\/hi-techwonder.com\/es\/wp-json\/wp\/v2\/product_cat?post=71703"},{"taxonomy":"product_tag","embeddable":true,"href":"https:\/\/hi-techwonder.com\/es\/wp-json\/wp\/v2\/product_tag?post=71703"}],"curies":[{"name":"wp","href":"https:\/\/api.w.org\/{rel}","templated":true}]}}