{"id":71704,"date":"2025-07-29T09:17:25","date_gmt":"2025-07-29T09:17:25","guid":{"rendered":"https:\/\/fv6qoy3ls0.wpdns.site\/produto\/caruba-parasol-similar-al-canon-ew-73d\/"},"modified":"2025-12-19T15:58:04","modified_gmt":"2025-12-19T15:58:04","slug":"caruba-parasol-similar-al-canon-ew-73d","status":"publish","type":"product","link":"https:\/\/hi-techwonder.com\/es\/producto\/caruba-parasol-similar-al-canon-ew-73d\/","title":{"rendered":"CARUBA Parasol similar al Canon EW-73D"},"content":{"rendered":"<p><strong>RES\u00daMENES<\/strong><\/p>\n<ul>\n<li>Protege la lente de su lente<\/li>\n<li>Forma de p\u00e9talo<\/li>\n<li>Para lente Canon EF-S 18-135mm f\/3.5-5.6 IS USM<\/li>\n<\/ul>\n<p>El parasol EW-73D de Canon es de estilo p\u00e9talo y est\u00e1 dise\u00f1ado espec\u00edficamente para el objetivo Canon EF-S 18-135mm f\/3.5-5.6 IS USM.<br \/>El objetivo principal del parasol es bloquear la entrada de luz en el objetivo y provocar un deslumbramiento no deseado.<br \/>Adem\u00e1s de desviar la luz no deseada, el parasol ofrecer\u00e1 protecci\u00f3n contra impactos accidentales y posibles vientos y polvo.<\/p>\n<p><strong>Contenido del paquete:<\/strong><\/p>\n<ul>\n<li>1x Parasol JJC similar a Canon EW-73D<\/li>\n<\/ul>\n","protected":false},"excerpt":{"rendered":"<p>RES\u00daMENES Protege la lente de su lente Forma de p\u00e9talo Para lente Canon EF-S 18-135mm f\/3.5-5.6 IS USM El parasol<\/p>\n","protected":false},"featured_media":47089,"comment_status":"closed","ping_status":"open","template":"","meta":{"_acf_changed":false},"product_brand":[2546],"product_cat":[1039],"product_tag":[],"class_list":{"0":"post-71704","1":"product","2":"type-product","3":"status-publish","4":"has-post-thumbnail","6":"product_brand-caruba-es","7":"product_cat-parasoles","9":"first","10":"instock","11":"taxable","12":"shipping-taxable","13":"purchasable","14":"product-type-simple"},"bundled_by":[],"bundle_stock_status":"instock","bundle_stock_quantity":1,"bundle_virtual":false,"bundle_layout":"","bundle_add_to_cart_form_location":"","bundle_editable_in_cart":false,"bundle_sold_individually_context":"","bundle_item_grouping":"","bundle_min_size":"","bundle_max_size":"","bundle_price":[],"bundled_items":[],"bundle_sell_ids":[],"acf":[],"_links":{"self":[{"href":"https:\/\/hi-techwonder.com\/es\/wp-json\/wp\/v2\/product\/71704","targetHints":{"allow":["GET"]}}],"collection":[{"href":"https:\/\/hi-techwonder.com\/es\/wp-json\/wp\/v2\/product"}],"about":[{"href":"https:\/\/hi-techwonder.com\/es\/wp-json\/wp\/v2\/types\/product"}],"replies":[{"embeddable":true,"href":"https:\/\/hi-techwonder.com\/es\/wp-json\/wp\/v2\/comments?post=71704"}],"wp:featuredmedia":[{"embeddable":true,"href":"https:\/\/hi-techwonder.com\/es\/wp-json\/wp\/v2\/media\/47089"}],"wp:attachment":[{"href":"https:\/\/hi-techwonder.com\/es\/wp-json\/wp\/v2\/media?parent=71704"}],"wp:term":[{"taxonomy":"product_brand","embeddable":true,"href":"https:\/\/hi-techwonder.com\/es\/wp-json\/wp\/v2\/product_brand?post=71704"},{"taxonomy":"product_cat","embeddable":true,"href":"https:\/\/hi-techwonder.com\/es\/wp-json\/wp\/v2\/product_cat?post=71704"},{"taxonomy":"product_tag","embeddable":true,"href":"https:\/\/hi-techwonder.com\/es\/wp-json\/wp\/v2\/product_tag?post=71704"}],"curies":[{"name":"wp","href":"https:\/\/api.w.org\/{rel}","templated":true}]}}