{"id":71719,"date":"2025-07-29T10:26:25","date_gmt":"2025-07-29T10:26:25","guid":{"rendered":"https:\/\/fv6qoy3ls0.wpdns.site\/produto\/caruba-mpu100-soporte-en-l-arca-swiss\/"},"modified":"2026-04-23T15:04:40","modified_gmt":"2026-04-23T14:04:40","slug":"caruba-mpu100-soporte-en-l-arca-swiss","status":"publish","type":"product","link":"https:\/\/hi-techwonder.com\/es\/producto\/caruba-mpu100-soporte-en-l-arca-swiss\/","title":{"rendered":"CARUBA MPU100 Soporte en L Arca-Swiss"},"content":{"rendered":"<p><strong>CARUBA <\/strong><strong>MPU100<\/strong><strong> Soporte en L Arca-Swiss<\/strong><\/p>\n<p>Zapata en forma de L con herrajes arca-swiss y mosquet\u00f3n con rosca de 1\/4&#8243;. Esta zapata hace que su c\u00e1mara sea directamente compatible con los cabezales a presi\u00f3n Arca-Swiss, lo que permite colocar la c\u00e1mara verticalmente directamente sobre un cabezal de tr\u00edpode u otros accesorios. &nbsp;<\/p>\n<p><strong>Caracter\u00edsticas t\u00e9cnicas:<\/strong><\/p>\n<ul>\n<li>Material: Aluminio<\/li>\n<li>Conexiones: Arca-Swiss, rosca de 1\/4&#8243;&nbsp;<\/li>\n<\/ul>\n","protected":false},"excerpt":{"rendered":"<p>CARUBA MPU100 Soporte en L Arca-Swiss Zapata en forma de L con herrajes arca-swiss y mosquet\u00f3n con rosca de 1\/4&#8243;.<\/p>\n","protected":false},"featured_media":63351,"comment_status":"closed","ping_status":"open","template":"","meta":{"_acf_changed":false},"product_brand":[2546],"product_cat":[1087],"product_tag":[],"class_list":{"0":"post-71719","1":"product","2":"type-product","3":"status-publish","4":"has-post-thumbnail","6":"product_brand-caruba-es","7":"product_cat-zapatas-y-tornillos","9":"first","10":"instock","11":"taxable","12":"shipping-taxable","13":"purchasable","14":"product-type-simple"},"bundled_by":[],"bundle_stock_status":"instock","bundle_stock_quantity":1,"bundle_virtual":false,"bundle_layout":"","bundle_add_to_cart_form_location":"","bundle_editable_in_cart":false,"bundle_sold_individually_context":"","bundle_item_grouping":"","bundle_min_size":"","bundle_max_size":"","bundle_price":[],"bundled_items":[],"bundle_sell_ids":[],"acf":[],"_links":{"self":[{"href":"https:\/\/hi-techwonder.com\/es\/wp-json\/wp\/v2\/product\/71719","targetHints":{"allow":["GET"]}}],"collection":[{"href":"https:\/\/hi-techwonder.com\/es\/wp-json\/wp\/v2\/product"}],"about":[{"href":"https:\/\/hi-techwonder.com\/es\/wp-json\/wp\/v2\/types\/product"}],"replies":[{"embeddable":true,"href":"https:\/\/hi-techwonder.com\/es\/wp-json\/wp\/v2\/comments?post=71719"}],"wp:featuredmedia":[{"embeddable":true,"href":"https:\/\/hi-techwonder.com\/es\/wp-json\/wp\/v2\/media\/63351"}],"wp:attachment":[{"href":"https:\/\/hi-techwonder.com\/es\/wp-json\/wp\/v2\/media?parent=71719"}],"wp:term":[{"taxonomy":"product_brand","embeddable":true,"href":"https:\/\/hi-techwonder.com\/es\/wp-json\/wp\/v2\/product_brand?post=71719"},{"taxonomy":"product_cat","embeddable":true,"href":"https:\/\/hi-techwonder.com\/es\/wp-json\/wp\/v2\/product_cat?post=71719"},{"taxonomy":"product_tag","embeddable":true,"href":"https:\/\/hi-techwonder.com\/es\/wp-json\/wp\/v2\/product_tag?post=71719"}],"curies":[{"name":"wp","href":"https:\/\/api.w.org\/{rel}","templated":true}]}}