{"id":71720,"date":"2025-07-28T23:47:15","date_gmt":"2025-07-28T23:47:15","guid":{"rendered":"https:\/\/fv6qoy3ls0.wpdns.site\/produto\/estuche-caruba-mcc-6-para-4x-sd-4x-micro-sd\/"},"modified":"2026-01-31T03:29:21","modified_gmt":"2026-01-31T03:29:21","slug":"caruba-estuche-caruba-mcc-6-para-4x-sd-4x-micro-sd","status":"publish","type":"product","link":"https:\/\/hi-techwonder.com\/es\/producto\/caruba-estuche-caruba-mcc-6-para-4x-sd-4x-micro-sd\/","title":{"rendered":"Estuche CARUBA MCC-6 para 4x SD + 4x Micro SD"},"content":{"rendered":"<p>El estuche para tarjetas Caruba Multi MCC 6 es un estuche peque\u00f1o para guardar sus tarjetas de memoria. El estuche tiene espacio para cuatro tarjetas SD y cuatro tarjetas Micro SD. Estas cartas permanecen protegidas y es menos probable que las pierdas. Est\u00e1 hecho de pl\u00e1stico duro y es a prueba de salpicaduras. Incluye una peque\u00f1a herramienta para facilitar la extracci\u00f3n de las tarjetas de memoria.    <\/p>\n","protected":false},"excerpt":{"rendered":"<p>El estuche para tarjetas Caruba Multi MCC 6 es un estuche peque\u00f1o para guardar sus tarjetas de memoria. El estuche<\/p>\n","protected":false},"featured_media":27699,"comment_status":"closed","ping_status":"open","template":"","meta":{"_acf_changed":false},"product_brand":[2546],"product_cat":[1026],"product_tag":[],"class_list":{"0":"post-71720","1":"product","2":"type-product","3":"status-publish","4":"has-post-thumbnail","6":"product_brand-caruba-es","7":"product_cat-accesorios-almacenamiento","9":"first","10":"instock","11":"taxable","12":"shipping-taxable","13":"purchasable","14":"product-type-simple"},"bundled_by":[],"bundle_stock_status":"instock","bundle_stock_quantity":1,"bundle_virtual":false,"bundle_layout":"","bundle_add_to_cart_form_location":"","bundle_editable_in_cart":false,"bundle_sold_individually_context":"","bundle_item_grouping":"","bundle_min_size":"","bundle_max_size":"","bundle_price":[],"bundled_items":[],"bundle_sell_ids":[],"acf":[],"_links":{"self":[{"href":"https:\/\/hi-techwonder.com\/es\/wp-json\/wp\/v2\/product\/71720","targetHints":{"allow":["GET"]}}],"collection":[{"href":"https:\/\/hi-techwonder.com\/es\/wp-json\/wp\/v2\/product"}],"about":[{"href":"https:\/\/hi-techwonder.com\/es\/wp-json\/wp\/v2\/types\/product"}],"replies":[{"embeddable":true,"href":"https:\/\/hi-techwonder.com\/es\/wp-json\/wp\/v2\/comments?post=71720"}],"wp:featuredmedia":[{"embeddable":true,"href":"https:\/\/hi-techwonder.com\/es\/wp-json\/wp\/v2\/media\/27699"}],"wp:attachment":[{"href":"https:\/\/hi-techwonder.com\/es\/wp-json\/wp\/v2\/media?parent=71720"}],"wp:term":[{"taxonomy":"product_brand","embeddable":true,"href":"https:\/\/hi-techwonder.com\/es\/wp-json\/wp\/v2\/product_brand?post=71720"},{"taxonomy":"product_cat","embeddable":true,"href":"https:\/\/hi-techwonder.com\/es\/wp-json\/wp\/v2\/product_cat?post=71720"},{"taxonomy":"product_tag","embeddable":true,"href":"https:\/\/hi-techwonder.com\/es\/wp-json\/wp\/v2\/product_tag?post=71720"}],"curies":[{"name":"wp","href":"https:\/\/api.w.org\/{rel}","templated":true}]}}