{"id":71725,"date":"2025-07-29T00:06:23","date_gmt":"2025-07-29T00:06:23","guid":{"rendered":"https:\/\/fv6qoy3ls0.wpdns.site\/produto\/mochila-caruba-skydex-100\/"},"modified":"2026-01-31T03:12:03","modified_gmt":"2026-01-31T03:12:03","slug":"caruba-mochila-caruba-skydex-100","status":"publish","type":"product","link":"https:\/\/hi-techwonder.com\/es\/producto\/caruba-mochila-caruba-skydex-100\/","title":{"rendered":"Mochila CARUBA Skydex 100"},"content":{"rendered":"<p><span style=\"font-size: small\">La mochila Skydex 100 de Caruba es compacta por fuera, pero ofrece suficiente espacio para guardar una DSLR o con una lente adjunta, varias lentes adicionales, un flash y los accesorios necesarios como bater\u00edas, tarjetas de memoria y cables.<br \/>Incluye espacios exclusivos para tus objetos personales.<br \/>El Skydex 100 tiene un compartimento principal con divisores acolchados ajustables y una bolsa de velcro donde todos los cables se pueden guardar ordenadamente.<br \/>Para que sea lo m\u00e1s c\u00f3modo posible, el Skydex 100 tiene un dise\u00f1o ergon\u00f3mico con c\u00f3modas correas para los hombros. Esto significa que el peso se distribuye uniformemente y puede caminar con \u00e9l c\u00f3modamente durante un largo per\u00edodo de tiempo.<br \/>La parte trasera de la mochila est\u00e1 hecha de material suave y transpirable. <\/span><\/p>\n<p><span style=\"font-size: small\"><br \/><strong>Contenido de la caja:<\/strong><br \/><\/span><\/p>\n<ul>\n<li><span style=\"font-size: small\">1x Mochila Skydex 100<\/span><\/li>\n<li><span style=\"font-size: small\">1x cubierta para la lluvia<\/span><\/li>\n<\/ul>\n<p><span style=\"font-size: small\">&nbsp;<\/span><\/p>\n<table style=\"border-collapse: collapse;border-spacing: 0px;color: #434343;font-size: 14px;font-style: normal;font-weight: normal;letter-spacing: normal;text-align: start;text-indent: 0px;text-transform: none;white-space: normal;background-color: #ffffff;width: 850px\" border=\"0\">\n<tbody>\n<tr style=\"border: 1px solid #b8b8b8\">\n<td style=\"border: 1px solid #b8b8b8;padding: 5px\" width=\"340\">\n<p style=\"font-style: normal;font-weight: normal;margin: 0px;padding: 6px 0px\"><span style=\"font-size: small\">Material:<\/span><\/p>\n<\/td>\n<td style=\"border: 1px solid #b8b8b8;padding: 5px\" width=\"510\">\n<p style=\"font-style: normal;font-weight: normal;margin: 0px;padding: 6px 0px\"><span style=\"font-size: small\">nailon<\/span><\/p>\n<\/td>\n<\/tr>\n<tr style=\"border: 1px solid #b8b8b8\">\n<td style=\"border: 1px solid #b8b8b8;padding: 5px\" width=\"340\">\n<p style=\"font-style: normal;font-weight: normal;margin: 0px;padding: 6px 0px\"><span style=\"font-size: small\">Dimensiones interiores:<\/span><\/p>\n<\/td>\n<td style=\"border: 1px solid #b8b8b8;padding: 5px\" width=\"510\">\n<p style=\"font-style: normal;font-weight: normal;margin: 0px;padding: 6px 0px\"><span style=\"font-size: small\">25&#215;12,5&#215;27,5cm<\/span><\/p>\n<\/td>\n<\/tr>\n<tr style=\"border: 1px solid #b8b8b8\">\n<td style=\"border: 1px solid #b8b8b8;padding: 5px\" width=\"340\">\n<p style=\"font-style: normal;font-weight: normal;margin: 0px;padding: 6px 0px\"><span style=\"font-size: small\">Dimensiones exteriores:<\/span><\/p>\n<\/td>\n<td style=\"border: 1px solid #b8b8b8;padding: 5px\" width=\"510\">\n<p style=\"font-style: normal;font-weight: normal;margin: 0px;padding: 6px 0px\"><span style=\"font-size: small\">27,5&#215;15,5x40cm<\/span><\/p>\n<\/td>\n<\/tr>\n<tr style=\"border: 1px solid #b8b8b8\">\n<td style=\"border: 1px solid #b8b8b8;padding: 5px\" width=\"340\">\n<p style=\"font-style: normal;font-weight: normal;margin: 0px;padding: 6px 0px\"><span style=\"font-size: small\">Peso:<\/span><\/p>\n<\/td>\n<td style=\"border: 1px solid #b8b8b8;padding: 5px\" width=\"510\">\n<p style=\"font-style: normal;font-weight: normal;margin: 0px;padding: 6px 0px\"><span style=\"font-size: small\">595 gramos<\/span><\/p>\n<\/td>\n<\/tr>\n<\/tbody>\n<\/table>\n","protected":false},"excerpt":{"rendered":"<p>La mochila Skydex 100 de Caruba es compacta por fuera, pero ofrece suficiente espacio para guardar una DSLR o con<\/p>\n","protected":false},"featured_media":33737,"comment_status":"closed","ping_status":"open","template":"","meta":{"_acf_changed":false},"product_brand":[2546],"product_cat":[907],"product_tag":[],"class_list":{"0":"post-71725","1":"product","2":"type-product","3":"status-publish","4":"has-post-thumbnail","6":"product_brand-caruba-es","7":"product_cat-mochilas-es","9":"first","10":"instock","11":"taxable","12":"shipping-taxable","13":"purchasable","14":"product-type-simple"},"bundled_by":[],"bundle_stock_status":"instock","bundle_stock_quantity":1,"bundle_virtual":false,"bundle_layout":"","bundle_add_to_cart_form_location":"","bundle_editable_in_cart":false,"bundle_sold_individually_context":"","bundle_item_grouping":"","bundle_min_size":"","bundle_max_size":"","bundle_price":[],"bundled_items":[],"bundle_sell_ids":[],"acf":[],"_links":{"self":[{"href":"https:\/\/hi-techwonder.com\/es\/wp-json\/wp\/v2\/product\/71725","targetHints":{"allow":["GET"]}}],"collection":[{"href":"https:\/\/hi-techwonder.com\/es\/wp-json\/wp\/v2\/product"}],"about":[{"href":"https:\/\/hi-techwonder.com\/es\/wp-json\/wp\/v2\/types\/product"}],"replies":[{"embeddable":true,"href":"https:\/\/hi-techwonder.com\/es\/wp-json\/wp\/v2\/comments?post=71725"}],"wp:featuredmedia":[{"embeddable":true,"href":"https:\/\/hi-techwonder.com\/es\/wp-json\/wp\/v2\/media\/33737"}],"wp:attachment":[{"href":"https:\/\/hi-techwonder.com\/es\/wp-json\/wp\/v2\/media?parent=71725"}],"wp:term":[{"taxonomy":"product_brand","embeddable":true,"href":"https:\/\/hi-techwonder.com\/es\/wp-json\/wp\/v2\/product_brand?post=71725"},{"taxonomy":"product_cat","embeddable":true,"href":"https:\/\/hi-techwonder.com\/es\/wp-json\/wp\/v2\/product_cat?post=71725"},{"taxonomy":"product_tag","embeddable":true,"href":"https:\/\/hi-techwonder.com\/es\/wp-json\/wp\/v2\/product_tag?post=71725"}],"curies":[{"name":"wp","href":"https:\/\/api.w.org\/{rel}","templated":true}]}}