{"id":71730,"date":"2025-07-29T10:30:23","date_gmt":"2025-07-29T10:30:23","guid":{"rendered":"https:\/\/fv6qoy3ls0.wpdns.site\/produto\/tripode-de-viaje-caruba-compactstar-51-con-cabeza-de-rotula\/"},"modified":"2026-01-31T01:32:30","modified_gmt":"2026-01-31T01:32:30","slug":"caruba-tripode-de-viaje-caruba-compactstar-51-con-cabeza-de-rotula","status":"publish","type":"product","link":"https:\/\/hi-techwonder.com\/es\/producto\/caruba-tripode-de-viaje-caruba-compactstar-51-con-cabeza-de-rotula\/","title":{"rendered":"Tr\u00edpode de viaje CARUBA Compactstar 51 con cabeza de r\u00f3tula"},"content":{"rendered":"<h3>Tr\u00edpode de viaje CARUBA Compactstar 51 con cabeza de r\u00f3tula<\/h3>\n<p>Si viajas mucho y disfrutas disparando y filmando, el tr\u00edpode de viaje Caruba Compactstar 51 proporciona una base estable y flexible para tu c\u00e1mara. El mini tr\u00edpode muy completo y ultracompacto tiene una capacidad de carga m\u00e1xima de 8 kg, un peso de solo 800 gramos y una longitud de transporte de 18 cm. Esto hace que sea f\u00e1cil de colocar en su equipaje de mano y el compa\u00f1ero ideal cuando est\u00e1 fuera de casa.  <\/p>\n<p><strong>Altamente flexible<\/strong><\/p>\n<p>Las patas est\u00e1n divididas en cuatro secciones que se pueden extender f\u00e1cilmente gir\u00e1ndolas un poco. Esto le permite configurar r\u00e1pidamente el tr\u00edpode para tomar un video o una hermosa foto del paisaje de su destino de vacaciones, por ejemplo. <\/p>\n<p><strong>Patas de tr\u00edpode ajustables individualmente<\/strong><\/p>\n<p>Las patas se pueden unir individualmente en tres \u00e1ngulos diferentes. El tr\u00edpode tiene una altura m\u00e1xima de 51 cent\u00edmetros y una altura m\u00ednima de 26 cent\u00edmetros. <\/p>\n<p><strong>Cambia r\u00e1pidamente entre los modos vertical y horizontal<\/strong><\/p>\n<p>La r\u00f3tula esf\u00e9rica tiene una muesca de 90 grados que facilita el cambio entre los modos vertical y horizontal. Se incluye una placa de liberaci\u00f3n r\u00e1pida para cambiar r\u00e1pidamente entre disparo manual y tr\u00edpode. <\/p>\n<p><strong>Ultra compacto, el compa\u00f1ero de viaje ideal<\/strong><\/p>\n<p>El tr\u00edpode de sobremesa de alta resistencia Caruba se puede almacenar de forma muy compacta porque las patas del tr\u00edpode se pliegan alrededor de la r\u00f3tula despu\u00e9s de su uso. De esta manera, este tr\u00edpode ultracompacto siempre encuentra un lugar en el bolso o equipaje de su c\u00e1mara. <\/p>\n<p><strong>Funciones<\/strong><\/p>\n<ul>\n<li>Adecuado para una c\u00e1mara compacta, una c\u00e1mara puente, una peque\u00f1a c\u00e1mara r\u00e9flex digital o una c\u00e1mara de sistema<\/li>\n<li>Muy compacto para guardar, cabe f\u00e1cilmente en su equipaje de mano<\/li>\n<li>R\u00f3tula con escala de grado y pr\u00e1ctico nivel de burbuja<\/li>\n<li>R\u00f3tula y placa de liberaci\u00f3n r\u00e1pida incluidas<\/li>\n<li>Hecho de aluminio resistente<\/li>\n<\/ul>\n<p><strong>En la caja<\/strong><\/p>\n<ul>\n<li>1 x Tr\u00edpode de viaje Compactstar 51 con cabeza de r\u00f3tula<\/li>\n<li>1 x Placa de liberaci\u00f3n r\u00e1pida<\/li>\n<\/ul>\n<p><strong>Caracter\u00edsticas t\u00e9cnicas<\/strong><\/p>\n<p>Con r\u00f3tula: S\u00ed<\/p>\n<p>Altura m\u00e1xima (cm): 51 <\/p>\n<p>Altura m\u00ednima (cm): 26<\/p>\n<p>Carga m\u00e1xima (kg): 8 <\/p>\n<p>Peso (kg): 0.8<\/p>\n<p>Columna reversible: No<\/p>\n<p>Columna basculante: No<\/p>\n<p>Material: Aluminio<\/p>\n","protected":false},"excerpt":{"rendered":"<p>Tr\u00edpode de viaje CARUBA Compactstar 51 con cabeza de r\u00f3tula Si viajas mucho y disfrutas disparando y filmando, el tr\u00edpode<\/p>\n","protected":false},"featured_media":64182,"comment_status":"closed","ping_status":"open","template":"","meta":{"_acf_changed":false},"product_brand":[2546],"product_cat":[1093],"product_tag":[],"class_list":{"0":"post-71730","1":"product","2":"type-product","3":"status-publish","4":"has-post-thumbnail","6":"product_brand-caruba-es","7":"product_cat-mini-tripodes","9":"first","10":"onbackorder","11":"taxable","12":"shipping-taxable","13":"purchasable","14":"product-type-simple"},"bundled_by":[],"bundle_stock_status":"onbackorder","bundle_stock_quantity":0,"bundle_virtual":false,"bundle_layout":"","bundle_add_to_cart_form_location":"","bundle_editable_in_cart":false,"bundle_sold_individually_context":"","bundle_item_grouping":"","bundle_min_size":"","bundle_max_size":"","bundle_price":[],"bundled_items":[],"bundle_sell_ids":[],"acf":[],"_links":{"self":[{"href":"https:\/\/hi-techwonder.com\/es\/wp-json\/wp\/v2\/product\/71730","targetHints":{"allow":["GET"]}}],"collection":[{"href":"https:\/\/hi-techwonder.com\/es\/wp-json\/wp\/v2\/product"}],"about":[{"href":"https:\/\/hi-techwonder.com\/es\/wp-json\/wp\/v2\/types\/product"}],"replies":[{"embeddable":true,"href":"https:\/\/hi-techwonder.com\/es\/wp-json\/wp\/v2\/comments?post=71730"}],"wp:featuredmedia":[{"embeddable":true,"href":"https:\/\/hi-techwonder.com\/es\/wp-json\/wp\/v2\/media\/64182"}],"wp:attachment":[{"href":"https:\/\/hi-techwonder.com\/es\/wp-json\/wp\/v2\/media?parent=71730"}],"wp:term":[{"taxonomy":"product_brand","embeddable":true,"href":"https:\/\/hi-techwonder.com\/es\/wp-json\/wp\/v2\/product_brand?post=71730"},{"taxonomy":"product_cat","embeddable":true,"href":"https:\/\/hi-techwonder.com\/es\/wp-json\/wp\/v2\/product_cat?post=71730"},{"taxonomy":"product_tag","embeddable":true,"href":"https:\/\/hi-techwonder.com\/es\/wp-json\/wp\/v2\/product_tag?post=71730"}],"curies":[{"name":"wp","href":"https:\/\/api.w.org\/{rel}","templated":true}]}}