{"id":71731,"date":"2025-07-28T23:43:15","date_gmt":"2025-07-28T23:43:15","guid":{"rendered":"https:\/\/fv6qoy3ls0.wpdns.site\/produto\/caruba-tripode-c-soporte-con-jirafa-ls-9-136-260cm\/"},"modified":"2026-04-15T18:16:27","modified_gmt":"2026-04-15T17:16:27","slug":"caruba-tripode-c-soporte-con-jirafa-ls-9-136-260cm","status":"publish","type":"product","link":"https:\/\/hi-techwonder.com\/es\/producto\/caruba-tripode-c-soporte-con-jirafa-ls-9-136-260cm\/","title":{"rendered":"Caruba Tr\u00edpode C-Soporte con Jirafa LS-9 (136-260cm)"},"content":{"rendered":"<h3><strong>Caruba C-Stand con jirafa LS-9 (136-260cm)<\/strong><\/h3>\n<hr>\n<h4><strong>Funciones<\/strong><\/h4>\n<ul>\n<li><strong>Versatilidad profesional:<\/strong> El <strong>Caruba LS-9 C-Stand con jirafa<\/strong> es un tr\u00edpode resistente que es esencial para producciones de video y cine. Ideal para fijar luces continuas, flashes o accesorios como banderas y reflectores para dar forma o bloquear la luz. <\/li>\n<li><strong>Jirafa articulada:<\/strong> Incluye una jirafa de 100 cm que permite colocar el equipo a diferentes alturas y \u00e1ngulos, desde cerca del suelo hasta alto.<\/li>\n<li><strong>Altura ajustable:<\/strong> Ajuste de altura de 136 cm a 260 cm, con una capacidad de carga m\u00e1xima de 10 kg.<\/li>\n<li><strong>Conexiones universales:<\/strong> La parte superior del tr\u00edpode tiene un soporte de espiga universal para facilitar la instalaci\u00f3n de diferentes equipos de iluminaci\u00f3n. La jirafa incluye una abrazadera con aberturas y espigas universales en ambos extremos. <\/li>\n<li><strong>Construcci\u00f3n duradera:<\/strong> Robusto bastidor de acero inoxidable, con cerraduras de aluminio y amortiguaci\u00f3n de impactos en las secciones.<\/li>\n<\/ul>\n<hr>\n<h4><strong>Especificaciones t\u00e9cnicas<\/strong><\/h4>\n<ul>\n<li><strong>Material:<\/strong> Cerraduras de acero inoxidable y aluminio.<\/li>\n<li><strong>Altura ajustable:<\/strong> De 136 cm a 260 cm.<\/li>\n<li><strong>Capacidad de carga m\u00e1xima:<\/strong> 10 kg.<\/li>\n<li><strong>Longitud de la jirafa:<\/strong> 100 cm.<\/li>\n<li><strong>Di\u00e1metro de la secci\u00f3n:<\/strong> 35 mm.<\/li>\n<li><strong>Longitud de transporte:<\/strong> 136 cm.<\/li>\n<li><strong>Peso del tr\u00edpode:<\/strong> 9,5 kg.<\/li>\n<li><strong>Garant\u00eda:<\/strong> 3 a\u00f1os.<\/li>\n<\/ul>\n<hr>\n<h4><strong>Contenido del paquete<\/strong><\/h4>\n<ul>\n<li>1 x Caruba LS-9 C-Stand.<\/li>\n<li>1 x Jirafa.<\/li>\n<\/ul>\n<hr>\n<h4><strong>Descripci\u00f3n<\/strong><\/h4>\n<p>El <strong>Caruba LS-9 C-Stand con jirafa<\/strong> est\u00e1 dise\u00f1ado para satisfacer las necesidades de los fot\u00f3grafos y cineastas profesionales. Con una estructura robusta y fiable, es perfecto para fijar luces y accesorios en diversas posiciones, lo que le permite crear efectos de iluminaci\u00f3n precisos. El soporte universal facilita la instalaci\u00f3n de una variedad de equipos, mientras que el dise\u00f1o resistente garantiza la durabilidad en cualquier entorno de trabajo.  <\/p>\n<p>Ideal para estudios o grabaciones de campo, este C-Stand combina funcionalidad y robustez para soportar equipos pesados y ofrecer resultados profesionales.<\/p>\n<hr>\n<h4><strong>Informaci\u00f3n adicional<\/strong><\/h4>\n<p>Nota: Im\u00e1genes ilustrativas. Equipo adicional no incluido. Consulte el contenido y las especificaciones del paquete para obtener m\u00e1s detalles.  <\/p>\n","protected":false},"excerpt":{"rendered":"<p>Caruba C-Stand con jirafa LS-9 (136-260cm) Funciones Versatilidad profesional: El Caruba LS-9 C-Stand con jirafa es un tr\u00edpode resistente que<\/p>\n","protected":false},"featured_media":26683,"comment_status":"closed","ping_status":"open","template":"","meta":{"_acf_changed":false},"product_brand":[2546],"product_cat":[967],"product_tag":[],"class_list":{"0":"post-71731","1":"product","2":"type-product","3":"status-publish","4":"has-post-thumbnail","6":"product_brand-caruba-es","7":"product_cat-c-stands-es","9":"first","10":"instock","11":"taxable","12":"shipping-taxable","13":"purchasable","14":"product-type-simple"},"bundled_by":[],"bundle_stock_status":"instock","bundle_stock_quantity":1,"bundle_virtual":false,"bundle_layout":"","bundle_add_to_cart_form_location":"","bundle_editable_in_cart":false,"bundle_sold_individually_context":"","bundle_item_grouping":"","bundle_min_size":"","bundle_max_size":"","bundle_price":[],"bundled_items":[],"bundle_sell_ids":[],"acf":[],"_links":{"self":[{"href":"https:\/\/hi-techwonder.com\/es\/wp-json\/wp\/v2\/product\/71731","targetHints":{"allow":["GET"]}}],"collection":[{"href":"https:\/\/hi-techwonder.com\/es\/wp-json\/wp\/v2\/product"}],"about":[{"href":"https:\/\/hi-techwonder.com\/es\/wp-json\/wp\/v2\/types\/product"}],"replies":[{"embeddable":true,"href":"https:\/\/hi-techwonder.com\/es\/wp-json\/wp\/v2\/comments?post=71731"}],"wp:featuredmedia":[{"embeddable":true,"href":"https:\/\/hi-techwonder.com\/es\/wp-json\/wp\/v2\/media\/26683"}],"wp:attachment":[{"href":"https:\/\/hi-techwonder.com\/es\/wp-json\/wp\/v2\/media?parent=71731"}],"wp:term":[{"taxonomy":"product_brand","embeddable":true,"href":"https:\/\/hi-techwonder.com\/es\/wp-json\/wp\/v2\/product_brand?post=71731"},{"taxonomy":"product_cat","embeddable":true,"href":"https:\/\/hi-techwonder.com\/es\/wp-json\/wp\/v2\/product_cat?post=71731"},{"taxonomy":"product_tag","embeddable":true,"href":"https:\/\/hi-techwonder.com\/es\/wp-json\/wp\/v2\/product_tag?post=71731"}],"curies":[{"name":"wp","href":"https:\/\/api.w.org\/{rel}","templated":true}]}}