{"id":71732,"date":"2025-07-28T23:41:39","date_gmt":"2025-07-28T23:41:39","guid":{"rendered":"https:\/\/fv6qoy3ls0.wpdns.site\/produto\/caruba-ls-8-tripode-de-estudio-neumatico-292-cm\/"},"modified":"2026-04-20T17:56:40","modified_gmt":"2026-04-20T16:56:40","slug":"caruba-ls-8-tripode-de-estudio-neumatico-292-cm","status":"publish","type":"product","link":"https:\/\/hi-techwonder.com\/es\/producto\/caruba-ls-8-tripode-de-estudio-neumatico-292-cm\/","title":{"rendered":"CARUBA LS-8 Tr\u00edpode de estudio neum\u00e1tico 292 cm"},"content":{"rendered":"<p><strong>TR\u00cdPODE DE ILUMINACI\u00d3N CARUBA LS-8<\/strong><\/p>\n<p>Soporte de iluminaci\u00f3n con suspensi\u00f3n neum\u00e1tica<\/p>\n<p>Altura m\u00e1xima de 292 cm<\/p>\n<p>Capacidad de carga m\u00e1xima de 4,5 kg<\/p>\n<p><strong>Descripci\u00f3n:<\/strong><\/p>\n<p>El soporte de luz de suspensi\u00f3n neum\u00e1tica Caruba LS-8 consta de 4 secciones que se ajustan f\u00e1cilmente mediante bloqueos. A pesar de su peso ligero, el tr\u00edpode puede alcanzar una altura de 292 cm y tiene una capacidad de carga m\u00e1xima de 4,5 kg. Su base tiene un soporte de p\u00faas universal en la parte superior que se puede ajustar en 3 posiciones. El Caruba LS-8 ofrece una base estable para una l\u00e1mpara de estudio o un flash, por ejemplo.   &nbsp;<\/p>\n<p><strong>Caracter\u00edsticas t\u00e9cnicas:<\/strong><\/p>\n<p>Altura m\u00e1xima: 292cm<\/p>\n<p>Altura m\u00ednima: 88cm<\/p>\n<p>Dimensi\u00f3n cerrada: 84cm<\/p>\n<p>Dimensi\u00f3n en el suelo: 91cm<\/p>\n<p>Capacidad de carga: hasta 4,5 kg.<\/p>\n<p>Peso: 1.850 kg<\/p>\n<p>Secciones: 4<\/p>\n<p>Material: Aluminio<\/p>\n<p>Tija de sill\u00edn extra\u00edble incluida<\/p>\n<p>Bolsa de transporte incluida<\/p>\n<p><strong>Contenido de la caja:<\/strong><\/p>\n<p>1x Tr\u00edpode de estudio LS-8<\/p>\n","protected":false},"excerpt":{"rendered":"<p>TR\u00cdPODE DE ILUMINACI\u00d3N CARUBA LS-8 Soporte de iluminaci\u00f3n con suspensi\u00f3n neum\u00e1tica Altura m\u00e1xima de 292 cm Capacidad de carga m\u00e1xima<\/p>\n","protected":false},"featured_media":26305,"comment_status":"closed","ping_status":"open","template":"","meta":{"_acf_changed":false},"product_brand":[2546],"product_cat":[971],"product_tag":[],"class_list":{"0":"post-71732","1":"product","2":"type-product","3":"status-publish","4":"has-post-thumbnail","6":"product_brand-caruba-es","7":"product_cat-pies-foco","9":"first","10":"instock","11":"taxable","12":"shipping-taxable","13":"purchasable","14":"product-type-simple"},"bundled_by":["92002"],"bundle_stock_status":"instock","bundle_stock_quantity":4,"bundle_virtual":false,"bundle_layout":"","bundle_add_to_cart_form_location":"","bundle_editable_in_cart":false,"bundle_sold_individually_context":"","bundle_item_grouping":"","bundle_min_size":"","bundle_max_size":"","bundle_price":[],"bundled_items":[],"bundle_sell_ids":[],"acf":[],"_links":{"self":[{"href":"https:\/\/hi-techwonder.com\/es\/wp-json\/wp\/v2\/product\/71732","targetHints":{"allow":["GET"]}}],"collection":[{"href":"https:\/\/hi-techwonder.com\/es\/wp-json\/wp\/v2\/product"}],"about":[{"href":"https:\/\/hi-techwonder.com\/es\/wp-json\/wp\/v2\/types\/product"}],"replies":[{"embeddable":true,"href":"https:\/\/hi-techwonder.com\/es\/wp-json\/wp\/v2\/comments?post=71732"}],"wp:featuredmedia":[{"embeddable":true,"href":"https:\/\/hi-techwonder.com\/es\/wp-json\/wp\/v2\/media\/26305"}],"wp:attachment":[{"href":"https:\/\/hi-techwonder.com\/es\/wp-json\/wp\/v2\/media?parent=71732"}],"wp:term":[{"taxonomy":"product_brand","embeddable":true,"href":"https:\/\/hi-techwonder.com\/es\/wp-json\/wp\/v2\/product_brand?post=71732"},{"taxonomy":"product_cat","embeddable":true,"href":"https:\/\/hi-techwonder.com\/es\/wp-json\/wp\/v2\/product_cat?post=71732"},{"taxonomy":"product_tag","embeddable":true,"href":"https:\/\/hi-techwonder.com\/es\/wp-json\/wp\/v2\/product_tag?post=71732"}],"curies":[{"name":"wp","href":"https:\/\/api.w.org\/{rel}","templated":true}]}}