{"id":71733,"date":"2025-07-29T09:02:22","date_gmt":"2025-07-29T09:02:22","guid":{"rendered":"https:\/\/fv6qoy3ls0.wpdns.site\/produto\/caruba-ths-1-carril-de-enfoque-macro-de-4-vias\/"},"modified":"2026-01-27T16:55:50","modified_gmt":"2026-01-27T16:55:50","slug":"caruba-ths-1-carril-de-enfoque-macro-de-4-vias","status":"publish","type":"product","link":"https:\/\/hi-techwonder.com\/es\/producto\/caruba-ths-1-carril-de-enfoque-macro-de-4-vias\/","title":{"rendered":"CARUBA THS-1 Carril de enfoque macro de 4 v\u00edas"},"content":{"rendered":"<p><strong>Carril de enfoque macro de 4 v\u00edas CARUBA<\/p>\n<p><\/strong> Carril de enfoque macro de 4 v\u00edas CARUBA<\/p>\n<p>  El control deslizante de riel de enfoque macro de 4 v\u00edas de CARUBA para fotograf\u00eda de primeros planos le permite realizar ajustes de 4 v\u00edas para un enfoque preciso de la c\u00e1mara en el sujeto. Dos rieles permiten movimientos hacia la derecha, izquierda, adelante y hacia atr\u00e1s, y los botones de bloqueo de la unidad aseguran un enfoque estable. Este riel de enfoque macro permite a los fot\u00f3grafos colocar la c\u00e1mara y enfocar el sujeto con gran precisi\u00f3n, y este sistema de riel se puede utilizar para todas las c\u00e1maras digitales y SLR de pel\u00edcula.  <\/p>\n","protected":false},"excerpt":{"rendered":"<p>Carril de enfoque macro de 4 v\u00edas CARUBA Carril de enfoque macro de 4 v\u00edas CARUBA El control deslizante de<\/p>\n","protected":false},"featured_media":44450,"comment_status":"closed","ping_status":"closed","template":"","meta":{"_acf_changed":false},"product_brand":[2546],"product_cat":[1078,975],"product_tag":[],"class_list":{"0":"post-71733","1":"product","2":"type-product","3":"status-publish","4":"has-post-thumbnail","6":"product_brand-caruba-es","7":"product_cat-otras-rotulas","8":"product_cat-rieles","10":"first","11":"instock","12":"taxable","13":"shipping-taxable","14":"purchasable","15":"product-type-simple"},"bundled_by":[],"bundle_stock_status":"instock","bundle_stock_quantity":1,"bundle_virtual":false,"bundle_layout":"","bundle_add_to_cart_form_location":"","bundle_editable_in_cart":false,"bundle_sold_individually_context":"","bundle_item_grouping":"","bundle_min_size":"","bundle_max_size":"","bundle_price":[],"bundled_items":[],"bundle_sell_ids":[],"acf":[],"_links":{"self":[{"href":"https:\/\/hi-techwonder.com\/es\/wp-json\/wp\/v2\/product\/71733","targetHints":{"allow":["GET"]}}],"collection":[{"href":"https:\/\/hi-techwonder.com\/es\/wp-json\/wp\/v2\/product"}],"about":[{"href":"https:\/\/hi-techwonder.com\/es\/wp-json\/wp\/v2\/types\/product"}],"replies":[{"embeddable":true,"href":"https:\/\/hi-techwonder.com\/es\/wp-json\/wp\/v2\/comments?post=71733"}],"wp:featuredmedia":[{"embeddable":true,"href":"https:\/\/hi-techwonder.com\/es\/wp-json\/wp\/v2\/media\/44450"}],"wp:attachment":[{"href":"https:\/\/hi-techwonder.com\/es\/wp-json\/wp\/v2\/media?parent=71733"}],"wp:term":[{"taxonomy":"product_brand","embeddable":true,"href":"https:\/\/hi-techwonder.com\/es\/wp-json\/wp\/v2\/product_brand?post=71733"},{"taxonomy":"product_cat","embeddable":true,"href":"https:\/\/hi-techwonder.com\/es\/wp-json\/wp\/v2\/product_cat?post=71733"},{"taxonomy":"product_tag","embeddable":true,"href":"https:\/\/hi-techwonder.com\/es\/wp-json\/wp\/v2\/product_tag?post=71733"}],"curies":[{"name":"wp","href":"https:\/\/api.w.org\/{rel}","templated":true}]}}