{"id":71734,"date":"2025-07-28T23:41:39","date_gmt":"2025-07-28T23:41:39","guid":{"rendered":"https:\/\/fv6qoy3ls0.wpdns.site\/produto\/tripode-de-estudio-caruba-ls-6-118-400cm\/"},"modified":"2026-03-17T17:45:40","modified_gmt":"2026-03-17T17:45:40","slug":"caruba-tripode-de-estudio-caruba-ls-6-118-400cm","status":"publish","type":"product","link":"https:\/\/hi-techwonder.com\/es\/producto\/caruba-tripode-de-estudio-caruba-ls-6-118-400cm\/","title":{"rendered":"Tr\u00edpode de estudio CARUBA LS-6 118-400cm"},"content":{"rendered":"<p><span style=\"font-size: small\">Tiene una altura m\u00e1xima de 400cm.<\/p>\n<p>Tr\u00edpode muy robusto y estable.<\/p>\n<p><strong>Contenido de la caja:<\/strong><br \/><\/span><\/p>\n<ul>\n<li><span style=\"font-size: small\">1x Tr\u00edpode de estudio LS-6 118-400cm<\/span><\/li>\n<\/ul>\n<div><span style=\"font-size: small\">&nbsp;<\/span><\/div>\n<div>\n<table style=\"border-collapse: collapse;border-spacing: 0px;color: #434343;font-size: 14px;font-style: normal;font-weight: 400;letter-spacing: normal;text-align: start;text-indent: 0px;text-transform: none;white-space: normal;background-color: #ffffff;width: 700px\" border=\"0\">\n<tbody>\n<tr style=\"border: 1px solid #b8b8b8\">\n<td style=\"border: 1px solid #b8b8b8;padding: 5px\">\n<p style=\"font-style: normal;font-weight: normal;margin: 0px;padding: 6px 0px\"><span style=\"font-size: small\">Altura m\u00e1xima (cm): <\/span><\/p>\n<\/td>\n<td style=\"border: 1px solid #b8b8b8;padding: 5px\" width=\"345\">\n<p style=\"font-style: normal;font-weight: normal;margin: 0px;padding: 6px 0px\"><span style=\"font-size: small\">400<\/span><\/p>\n<\/td>\n<\/tr>\n<tr style=\"border: 1px solid #b8b8b8\">\n<td style=\"border: 1px solid #b8b8b8;padding: 5px\">\n<p style=\"font-style: normal;font-weight: normal;margin: 0px;padding: 6px 0px\"><span style=\"font-size: small\">Altura m\u00ednima. (cm): <\/span><\/p>\n<\/td>\n<td style=\"border: 1px solid #b8b8b8;padding: 5px\">\n<p style=\"font-style: normal;font-weight: normal;margin: 0px;padding: 6px 0px\"><span style=\"font-size: small\">118<\/span><\/p>\n<\/td>\n<\/tr>\n<tr style=\"border: 1px solid #b8b8b8\">\n<td style=\"border: 1px solid #b8b8b8;padding: 5px\">\n<p style=\"font-style: normal;font-weight: normal;margin: 0px;padding: 6px 0px\"><span style=\"font-size: small\">Secciones:<\/span><\/p>\n<\/td>\n<td style=\"border: 1px solid #b8b8b8;padding: 5px\">\n<p style=\"font-style: normal;font-weight: normal;margin: 0px;padding: 6px 0px\"><span style=\"font-size: small\">4<\/span><\/p>\n<\/td>\n<\/tr>\n<tr style=\"border: 1px solid #b8b8b8\">\n<td style=\"border: 1px solid #b8b8b8;padding: 5px\">\n<p style=\"font-style: normal;font-weight: normal;margin: 0px;padding: 6px 0px\"><span style=\"font-size: small\">Tipo de agarre:<\/span><\/p>\n<\/td>\n<td style=\"border: 1px solid #b8b8b8;padding: 5px\">\n<p style=\"font-style: normal;font-weight: normal;margin: 0px;padding: 6px 0px\"><span style=\"font-size: small\">Rosca<\/span><\/p>\n<\/td>\n<\/tr>\n<tr style=\"border: 1px solid #b8b8b8\">\n<td style=\"border: 1px solid #b8b8b8;padding: 5px\">\n<p style=\"font-style: normal;font-weight: normal;margin: 0px;padding: 6px 0px\"><span style=\"font-size: small\">Hilo de espiga:<\/span><\/p>\n<\/td>\n<td style=\"border: 1px solid #b8b8b8;padding: 5px\">\n<p style=\"font-style: normal;font-weight: normal;margin: 0px;padding: 6px 0px\"><span style=\"font-size: small\">1\/4&#8243;<\/span><\/p>\n<\/td>\n<\/tr>\n<tr style=\"border: 1px solid #b8b8b8\">\n<td style=\"border: 1px solid #b8b8b8;padding: 5px\" width=\"343\">\n<p style=\"font-style: normal;font-weight: normal;margin: 0px;padding: 6px 0px\"><span style=\"font-size: small\">Color:<\/span><\/p>\n<\/td>\n<td style=\"border: 1px solid #b8b8b8;padding: 5px\">\n<p style=\"font-style: normal;font-weight: normal;margin: 0px;padding: 6px 0px\"><span style=\"font-size: small\">Negro<\/span><\/p>\n<\/td>\n<\/tr>\n<tr style=\"border: 1px solid #b8b8b8\">\n<td style=\"border: 1px solid #b8b8b8;padding: 5px\" width=\"343\">\n<p style=\"font-style: normal;font-weight: normal;margin: 0px;padding: 6px 0px\"><span style=\"font-size: small\">Material:<\/span><\/p>\n<\/td>\n<td style=\"border: 1px solid #b8b8b8;padding: 5px\">\n<p style=\"font-style: normal;font-weight: normal;margin: 0px;padding: 6px 0px\"><span style=\"font-size: small\"><span id=\"result_box\" lang=\"pt\">Aluminio, pl\u00e1stico<br \/><\/span><\/span><\/p>\n<\/td>\n<\/tr>\n<tr style=\"border: 1px solid #b8b8b8\">\n<td style=\"border: 1px solid #b8b8b8;padding: 5px\" width=\"343\">\n<p style=\"font-style: normal;font-weight: normal;margin: 0px;padding: 6px 0px\"><span style=\"font-size: small\">Peso (kg):<\/span><\/p>\n<\/td>\n<td style=\"border: 1px solid #b8b8b8;padding: 5px\">\n<p style=\"font-style: normal;font-weight: normal;margin: 0px;padding: 6px 0px\"><span style=\"font-size: small\">3,1<\/span><\/p>\n<\/td>\n<\/tr>\n<\/tbody>\n<\/table>\n<\/div>\n","protected":false},"excerpt":{"rendered":"<p>Tiene una altura m\u00e1xima de 400cm. Tr\u00edpode muy robusto y estable. Contenido de la caja: 1x Tr\u00edpode de estudio LS-6<\/p>\n","protected":false},"featured_media":26302,"comment_status":"closed","ping_status":"open","template":"","meta":{"_acf_changed":false},"product_brand":[2546],"product_cat":[971],"product_tag":[],"class_list":{"0":"post-71734","1":"product","2":"type-product","3":"status-publish","4":"has-post-thumbnail","6":"product_brand-caruba-es","7":"product_cat-pies-foco","9":"first","10":"instock","11":"taxable","12":"shipping-taxable","13":"purchasable","14":"product-type-simple"},"bundled_by":[],"bundle_stock_status":"instock","bundle_stock_quantity":1,"bundle_virtual":false,"bundle_layout":"","bundle_add_to_cart_form_location":"","bundle_editable_in_cart":false,"bundle_sold_individually_context":"","bundle_item_grouping":"","bundle_min_size":"","bundle_max_size":"","bundle_price":[],"bundled_items":[],"bundle_sell_ids":[],"acf":[],"_links":{"self":[{"href":"https:\/\/hi-techwonder.com\/es\/wp-json\/wp\/v2\/product\/71734","targetHints":{"allow":["GET"]}}],"collection":[{"href":"https:\/\/hi-techwonder.com\/es\/wp-json\/wp\/v2\/product"}],"about":[{"href":"https:\/\/hi-techwonder.com\/es\/wp-json\/wp\/v2\/types\/product"}],"replies":[{"embeddable":true,"href":"https:\/\/hi-techwonder.com\/es\/wp-json\/wp\/v2\/comments?post=71734"}],"wp:featuredmedia":[{"embeddable":true,"href":"https:\/\/hi-techwonder.com\/es\/wp-json\/wp\/v2\/media\/26302"}],"wp:attachment":[{"href":"https:\/\/hi-techwonder.com\/es\/wp-json\/wp\/v2\/media?parent=71734"}],"wp:term":[{"taxonomy":"product_brand","embeddable":true,"href":"https:\/\/hi-techwonder.com\/es\/wp-json\/wp\/v2\/product_brand?post=71734"},{"taxonomy":"product_cat","embeddable":true,"href":"https:\/\/hi-techwonder.com\/es\/wp-json\/wp\/v2\/product_cat?post=71734"},{"taxonomy":"product_tag","embeddable":true,"href":"https:\/\/hi-techwonder.com\/es\/wp-json\/wp\/v2\/product_tag?post=71734"}],"curies":[{"name":"wp","href":"https:\/\/api.w.org\/{rel}","templated":true}]}}