{"id":71736,"date":"2025-07-28T23:41:39","date_gmt":"2025-07-28T23:41:39","guid":{"rendered":"https:\/\/fv6qoy3ls0.wpdns.site\/produto\/tripode-de-estudio-caruba-ls-4-92-280-cm\/"},"modified":"2026-04-28T11:13:14","modified_gmt":"2026-04-28T10:13:14","slug":"caruba-tripode-de-estudio-caruba-ls-4-92-280-cm","status":"publish","type":"product","link":"https:\/\/hi-techwonder.com\/es\/producto\/caruba-tripode-de-estudio-caruba-ls-4-92-280-cm\/","title":{"rendered":"Tr\u00edpode de estudio CARUBA LS-4 92 \u2013 280 cm"},"content":{"rendered":"<h3 data-start=\"0\" data-end=\"50\"><strong data-start=\"4\" data-end=\"50\">Tr\u00edpode de estudio Caruba LS-4 (92 \u2013 280 cm)<\/strong><\/h3>\n<hr data-start=\"52\" data-end=\"55\">\n<h3 data-start=\"57\" data-end=\"80\"><strong data-start=\"61\" data-end=\"80\">Funciones<\/strong><\/h3>\n<ul data-start=\"82\" data-end=\"1053\">\n<li data-start=\"82\" data-end=\"262\"><strong data-start=\"84\" data-end=\"108\">Rango de altura:<\/strong> ajustable entre 92 cm (altura m\u00ednima) y 280 cm (altura m\u00e1xima), lo que permite una mayor flexibilidad para colocar luces o accesorios de varios tama\u00f1os.<\/li>\n<li data-start=\"263\" data-end=\"367\"><strong data-start=\"265\" data-end=\"291\">Marco de aluminio:<\/strong> garantiza una construcci\u00f3n s\u00f3lida y resistencia para un uso continuo en el estudio.<\/li>\n<li data-start=\"368\" data-end=\"510\"><strong data-start=\"370\" data-end=\"397\">Carga m\u00e1xima soportada:<\/strong> 4 kg <em data-start=\"403\" data-end=\"508\">(comprobar siempre que la carga total es adecuada para la instalaci\u00f3n y el tipo de iluminaci\u00f3n\/accesorio utilizado)<\/em><\/li>\n<li data-start=\"511\" data-end=\"598\"><strong data-start=\"513\" data-end=\"531\">Peso del tr\u00edpode:<\/strong> aproximadamente 2,2 kg, combinando estabilidad y portabilidad.<\/li>\n<li data-start=\"599\" data-end=\"725\"><strong data-start=\"601\" data-end=\"625\">Dise\u00f1o de 3 secciones:<\/strong> Cada secci\u00f3n incluye un sistema de frenos robusto, que permite ajustes de altura r\u00e1pidos y seguros.<\/li>\n<li data-start=\"726\" data-end=\"924\"><strong data-start=\"728\" data-end=\"762\">Espiga de montaje universal:<\/strong> tiene un pin de 1\/4&#8243; (con posibilidad de un adaptador de 3\/8&#8243;, si se suministra), compatible con la mayor\u00eda de flashes, LED y otros accesorios de iluminaci\u00f3n.<\/li>\n<li data-start=\"925\" data-end=\"1053\"><strong data-start=\"927\" data-end=\"951\">Plegable y port\u00e1til:<\/strong> se pliega f\u00e1cilmente para su transporte o almacenamiento, ocupando menos espacio cuando no est\u00e1 en uso.<\/li>\n<\/ul>\n<hr data-start=\"1055\" data-end=\"1058\">\n<h3 data-start=\"1060\" data-end=\"1089\"><strong data-start=\"1064\" data-end=\"1089\">Contenido del paquete<\/strong><\/h3>\n<ul data-start=\"1091\" data-end=\"1226\">\n<li data-start=\"1091\" data-end=\"1226\"><strong data-start=\"1093\" data-end=\"1101\">1Un.<\/strong> <strong data-start=\"1119\" data-end=\"1134\">Tr\u00edpode de estudio Caruba LS-4<\/strong><br data-start=\"1134\" data-end=\"1137\"><em data-start=\"1139\" data-end=\"1226\">(No incluye iluminadores, adaptadores adicionales u otros accesorios no descritos).<\/em><\/li>\n<\/ul>\n<hr data-start=\"1228\" data-end=\"1231\">\n<h3 data-start=\"1233\" data-end=\"1260\"><strong data-start=\"1237\" data-end=\"1260\">Descripci\u00f3n detallada<\/strong><\/h3>\n<p data-start=\"1262\" data-end=\"1588\">El <strong data-start=\"1264\" data-end=\"1279\">Caruba LS-4<\/strong> es un tr\u00edpode de estudio, fabricado en aluminio para garantizar durabilidad y estabilidad en el tiempo. Su rango de altura, que va de 92 a 280 cm, le confiere una gran versatilidad, acomodando tanto a configuraciones con poca luz como a situaciones en las que es necesario colocar una fuente de luz m\u00e1s alta. <\/p>\n<p data-start=\"1590\" data-end=\"2035\">Con un dise\u00f1o de 3 secciones, cada una con frenos de bloqueo confiables, permite un ajuste pr\u00e1ctico y firme mientras mantiene la seguridad del equipo montado. La tija de sill\u00edn universal (1\/4&#8243;) en el borde superior la hace compatible con la mayor\u00eda de los sistemas de iluminaci\u00f3n del mercado, desde paneles LED hasta flashes de estudio. Adem\u00e1s, soporta cargas de hasta 4 kg, siendo adecuado para diversos escenarios en el estudio o en trabajos al aire libre.  <\/p>\n<p data-start=\"2037\" data-end=\"2319\">Cuando est\u00e1 plegado, el LS-4 reduce considerablemente su longitud, lo que facilita su almacenamiento y transporte. Con un peso de alrededor de 2,2 kg, es lo suficientemente ligero como para acompa\u00f1ar al fot\u00f3grafo en movimiento sin sacrificar la fiabilidad esencial en un tr\u00edpode de iluminaci\u00f3n de estudio. <\/p>\n<hr data-start=\"2321\" data-end=\"2324\">\n<h3 data-start=\"2326\" data-end=\"2357\"><strong data-start=\"2330\" data-end=\"2357\">Especificaciones t\u00e9cnicas<\/strong><\/h3>\n<ul data-start=\"2359\" data-end=\"2680\">\n<li data-start=\"2359\" data-end=\"2386\"><strong data-start=\"2361\" data-end=\"2372\">Modelo:<\/strong> Caruba LS-4<\/li>\n<li data-start=\"2387\" data-end=\"2413\"><strong data-start=\"2389\" data-end=\"2402\">Material:<\/strong> Aluminio<\/li>\n<li data-start=\"2414\" data-end=\"2442\"><strong data-start=\"2416\" data-end=\"2434\">Altura m\u00ednima:<\/strong> 92 cm<\/li>\n<li data-start=\"2443\" data-end=\"2472\"><strong data-start=\"2445\" data-end=\"2463\">Altura m\u00e1xima:<\/strong> 280 cm<\/li>\n<li data-start=\"2473\" data-end=\"2501\"><strong data-start=\"2475\" data-end=\"2497\">N\u00famero de secciones:<\/strong> 3<\/li>\n<li data-start=\"2502\" data-end=\"2573\"><strong data-start=\"2504\" data-end=\"2528\">Espiga de montaje:<\/strong> 1\/4&#8243; (puede incluir adaptador de 3\/8&#8243;)<\/li>\n<li data-start=\"2574\" data-end=\"2600\"><strong data-start=\"2576\" data-end=\"2593\">Carga m\u00e1xima:<\/strong> 4 kg<\/li>\n<li data-start=\"2601\" data-end=\"2630\"><strong data-start=\"2603\" data-end=\"2621\">Peso del tr\u00edpode:<\/strong> 2,2 kg<\/li>\n<li data-start=\"2631\" data-end=\"2680\"><strong data-start=\"2633\" data-end=\"2655\">Dimensiones plegado:<\/strong> aprox. 85-90 cm<\/li>\n<\/ul>\n<hr data-start=\"2682\" data-end=\"2685\">\n<h3 data-start=\"2687\" data-end=\"2719\"><strong data-start=\"2691\" data-end=\"2717\">Informaci\u00f3n adicional<\/strong><\/h3>\n<p data-start=\"2720\" data-end=\"2869\">Nota: Las im\u00e1genes son solo para fines ilustrativos. Equipo adicional no incluido. Consulte el contenido y las especificaciones del paquete para obtener m\u00e1s detalles.  <\/p>\n","protected":false},"excerpt":{"rendered":"<p>Tr\u00edpode de estudio Caruba LS-4 (92 \u2013 280 cm) Funciones Rango de altura: ajustable entre 92 cm (altura m\u00ednima) y<\/p>\n","protected":false},"featured_media":26308,"comment_status":"closed","ping_status":"open","template":"","meta":{"_acf_changed":false},"product_brand":[2546],"product_cat":[971],"product_tag":[],"class_list":{"0":"post-71736","1":"product","2":"type-product","3":"status-publish","4":"has-post-thumbnail","6":"product_brand-caruba-es","7":"product_cat-pies-foco","9":"first","10":"instock","11":"taxable","12":"shipping-taxable","13":"purchasable","14":"product-type-simple"},"bundled_by":[],"bundle_stock_status":"instock","bundle_stock_quantity":6,"bundle_virtual":false,"bundle_layout":"","bundle_add_to_cart_form_location":"","bundle_editable_in_cart":false,"bundle_sold_individually_context":"","bundle_item_grouping":"","bundle_min_size":"","bundle_max_size":"","bundle_price":[],"bundled_items":[],"bundle_sell_ids":[],"acf":[],"_links":{"self":[{"href":"https:\/\/hi-techwonder.com\/es\/wp-json\/wp\/v2\/product\/71736","targetHints":{"allow":["GET"]}}],"collection":[{"href":"https:\/\/hi-techwonder.com\/es\/wp-json\/wp\/v2\/product"}],"about":[{"href":"https:\/\/hi-techwonder.com\/es\/wp-json\/wp\/v2\/types\/product"}],"replies":[{"embeddable":true,"href":"https:\/\/hi-techwonder.com\/es\/wp-json\/wp\/v2\/comments?post=71736"}],"wp:featuredmedia":[{"embeddable":true,"href":"https:\/\/hi-techwonder.com\/es\/wp-json\/wp\/v2\/media\/26308"}],"wp:attachment":[{"href":"https:\/\/hi-techwonder.com\/es\/wp-json\/wp\/v2\/media?parent=71736"}],"wp:term":[{"taxonomy":"product_brand","embeddable":true,"href":"https:\/\/hi-techwonder.com\/es\/wp-json\/wp\/v2\/product_brand?post=71736"},{"taxonomy":"product_cat","embeddable":true,"href":"https:\/\/hi-techwonder.com\/es\/wp-json\/wp\/v2\/product_cat?post=71736"},{"taxonomy":"product_tag","embeddable":true,"href":"https:\/\/hi-techwonder.com\/es\/wp-json\/wp\/v2\/product_tag?post=71736"}],"curies":[{"name":"wp","href":"https:\/\/api.w.org\/{rel}","templated":true}]}}