{"id":71737,"date":"2025-07-29T10:44:43","date_gmt":"2025-07-29T10:44:43","guid":{"rendered":"https:\/\/fv6qoy3ls0.wpdns.site\/produto\/cable-usb-c-cobratether-usb-c-10-m-amarillo\/"},"modified":"2026-01-31T01:28:24","modified_gmt":"2026-01-31T01:28:24","slug":"cobratether-cable-usb-c-cobratether-usb-c-10-m-amarillo","status":"publish","type":"product","link":"https:\/\/hi-techwonder.com\/es\/producto\/cobratether-cable-usb-c-cobratether-usb-c-10-m-amarillo\/","title":{"rendered":"Cable USB-C COBRATETHER &#8211; USB-C &#8211; 10 m amarillo"},"content":{"rendered":"<h3><strong>Cable USB-C COBRATETHER &#8211; USB-C &#8211; 10 m <\/strong>Amarillo<\/h3>\n<p>Un cable para fot\u00f3grafos profesionales y t\u00e9cnicos digitales que desean un cable excelente que sea duradero, r\u00e1pido y confiable. CobraTether trabaja en estrecha colaboraci\u00f3n con profesionales selectos que prueban el cable en el campo y se aseguran de que est\u00e9 siempre actualizado y ofrezca la calidad que todos esperan. <\/p>\n<p>Funciona con todas las c\u00e1maras que utilizan conectores USB tipo C. Recomendamos utilizar cables CobraTether con el firmware m\u00e1s reciente para su hardware y software.<\/p>\n<p>Este cable est\u00e1 hecho para c\u00e1maras como, entre otras: Sony, Canon, Nikon, etc.<\/p>\n<p><em>No funciona con tel\u00e9fonos, controladores de juegos, c\u00e1maras web u otros dispositivos que requieran conexiones de cable bidireccionales.<\/em><\/p>\n<p><strong>Caracter\u00edsticas t\u00e9cnicas:<\/strong><\/p>\n<ul>\n<li>Color: Amarillo<\/li>\n<li>Tama\u00f1o: 10m&nbsp;<\/li>\n<li>Tipo: USB-C 3.2<\/li>\n<li>Transferencia de datos: hasta 5 Gb\/s<\/li>\n<li>Unidireccional<\/li>\n<li>Conectores blindados de aluminio&nbsp;<\/li>\n<li>2x conectores rectos<\/li>\n<li>Sin salida de video DisplayPort<\/li>\n<li>Sin distribuci\u00f3n de energ\u00eda<\/li>\n<\/ul>\n","protected":false},"excerpt":{"rendered":"<p>Cable USB-C COBRATETHER &#8211; USB-C &#8211; 10 m Amarillo Un cable para fot\u00f3grafos profesionales y t\u00e9cnicos digitales que desean un<\/p>\n","protected":false},"featured_media":66917,"comment_status":"closed","ping_status":"closed","template":"","meta":{"_acf_changed":false},"product_brand":[2575],"product_cat":[965,1102],"product_tag":[],"class_list":{"0":"post-71737","1":"product","2":"type-product","3":"status-publish","4":"has-post-thumbnail","6":"product_brand-cobratether-es","7":"product_cat-tethering-es","8":"product_cat-cables-y-conversores","10":"first","11":"instock","12":"taxable","13":"shipping-taxable","14":"purchasable","15":"product-type-simple"},"bundled_by":[],"bundle_stock_status":"instock","bundle_stock_quantity":1,"bundle_virtual":false,"bundle_layout":"","bundle_add_to_cart_form_location":"","bundle_editable_in_cart":false,"bundle_sold_individually_context":"","bundle_item_grouping":"","bundle_min_size":"","bundle_max_size":"","bundle_price":[],"bundled_items":[],"bundle_sell_ids":[],"acf":[],"_links":{"self":[{"href":"https:\/\/hi-techwonder.com\/es\/wp-json\/wp\/v2\/product\/71737","targetHints":{"allow":["GET"]}}],"collection":[{"href":"https:\/\/hi-techwonder.com\/es\/wp-json\/wp\/v2\/product"}],"about":[{"href":"https:\/\/hi-techwonder.com\/es\/wp-json\/wp\/v2\/types\/product"}],"replies":[{"embeddable":true,"href":"https:\/\/hi-techwonder.com\/es\/wp-json\/wp\/v2\/comments?post=71737"}],"wp:featuredmedia":[{"embeddable":true,"href":"https:\/\/hi-techwonder.com\/es\/wp-json\/wp\/v2\/media\/66917"}],"wp:attachment":[{"href":"https:\/\/hi-techwonder.com\/es\/wp-json\/wp\/v2\/media?parent=71737"}],"wp:term":[{"taxonomy":"product_brand","embeddable":true,"href":"https:\/\/hi-techwonder.com\/es\/wp-json\/wp\/v2\/product_brand?post=71737"},{"taxonomy":"product_cat","embeddable":true,"href":"https:\/\/hi-techwonder.com\/es\/wp-json\/wp\/v2\/product_cat?post=71737"},{"taxonomy":"product_tag","embeddable":true,"href":"https:\/\/hi-techwonder.com\/es\/wp-json\/wp\/v2\/product_tag?post=71737"}],"curies":[{"name":"wp","href":"https:\/\/api.w.org\/{rel}","templated":true}]}}