{"id":71740,"date":"2025-07-28T23:33:39","date_gmt":"2025-07-28T23:33:39","guid":{"rendered":"https:\/\/fv6qoy3ls0.wpdns.site\/produto\/cable-cobratether-usb-c-derecho-usb-c-90o-5m-amarillo\/"},"modified":"2026-04-06T10:11:47","modified_gmt":"2026-04-06T09:11:47","slug":"cobratether-cable-cobratether-usb-c-derecho-usb-c-90o-5m-amarillo","status":"publish","type":"product","link":"https:\/\/hi-techwonder.com\/es\/producto\/cobratether-cable-cobratether-usb-c-derecho-usb-c-90o-5m-amarillo\/","title":{"rendered":"Cable COBRATETHER USB-C derecho &#8211; USB-C 90\u00ba &#8211; 5m amarillo"},"content":{"rendered":"<h3><strong>Cable recto COBRATETHER USB-C &#8211; USB-C 90\u00ba &#8211; 5 m <\/strong>Amarillo<\/h3>\n<p>Un cable para fot\u00f3grafos profesionales, vide\u00f3grafos y t\u00e9cnicos digitales que desean un cable excelente que sea duradero, r\u00e1pido y confiable. CobraTether trabaja en estrecha colaboraci\u00f3n con profesionales seleccionados que prueban el cable en el campo y se aseguran de que est\u00e9 siempre actualizado y ofrezca la calidad que todos esperan. <\/p>\n<p>Funciona con todas las c\u00e1maras que usan conectores USB tipo C, m\u00faltiples monitores y muchos m\u00e1s dispositivos. Recomendamos utilizar nuestros cables con el firmware m\u00e1s reciente para su hardware y software. <\/p>\n<p><strong>Caracter\u00edsticas t\u00e9cnicas:<\/strong><\/p>\n<ul>\n<li>Color: Amarillo<\/li>\n<li>Tama\u00f1o: 5m&nbsp;<\/li>\n<li>Tipo: USB-C 3.2<\/li>\n<li>Transferencia de datos: hasta 10 Gb\/s<\/li>\n<li>Fuente de alimentaci\u00f3n: hasta 100 W<\/li>\n<li>\u00bf\u00bfBidireccional??<\/li>\n<li>Salida de v\u00eddeo DisplayPort<\/li>\n<li>\u00bfConectores protegidos de aluminio?<\/li>\n<li>1x \u00bfConector recto?<\/li>\n<li>1x conector en \u00e1ngulo de 90\u00b0?<\/li>\n<li>Lazo de velcro adjunto para un embalaje sencillo<\/li>\n<\/ul>\n","protected":false},"excerpt":{"rendered":"<p>Cable recto COBRATETHER USB-C &#8211; USB-C 90\u00ba &#8211; 5 m Amarillo Un cable para fot\u00f3grafos profesionales, vide\u00f3grafos y t\u00e9cnicos digitales<\/p>\n","protected":false},"featured_media":23898,"comment_status":"closed","ping_status":"closed","template":"","meta":{"_acf_changed":false},"product_brand":[2575],"product_cat":[965,1102],"product_tag":[],"class_list":{"0":"post-71740","1":"product","2":"type-product","3":"status-publish","4":"has-post-thumbnail","6":"product_brand-cobratether-es","7":"product_cat-tethering-es","8":"product_cat-cables-y-conversores","10":"first","11":"instock","12":"taxable","13":"shipping-taxable","14":"purchasable","15":"product-type-simple"},"bundled_by":[],"bundle_stock_status":"instock","bundle_stock_quantity":1,"bundle_virtual":false,"bundle_layout":"","bundle_add_to_cart_form_location":"","bundle_editable_in_cart":false,"bundle_sold_individually_context":"","bundle_item_grouping":"","bundle_min_size":"","bundle_max_size":"","bundle_price":[],"bundled_items":[],"bundle_sell_ids":[],"acf":[],"_links":{"self":[{"href":"https:\/\/hi-techwonder.com\/es\/wp-json\/wp\/v2\/product\/71740","targetHints":{"allow":["GET"]}}],"collection":[{"href":"https:\/\/hi-techwonder.com\/es\/wp-json\/wp\/v2\/product"}],"about":[{"href":"https:\/\/hi-techwonder.com\/es\/wp-json\/wp\/v2\/types\/product"}],"replies":[{"embeddable":true,"href":"https:\/\/hi-techwonder.com\/es\/wp-json\/wp\/v2\/comments?post=71740"}],"wp:featuredmedia":[{"embeddable":true,"href":"https:\/\/hi-techwonder.com\/es\/wp-json\/wp\/v2\/media\/23898"}],"wp:attachment":[{"href":"https:\/\/hi-techwonder.com\/es\/wp-json\/wp\/v2\/media?parent=71740"}],"wp:term":[{"taxonomy":"product_brand","embeddable":true,"href":"https:\/\/hi-techwonder.com\/es\/wp-json\/wp\/v2\/product_brand?post=71740"},{"taxonomy":"product_cat","embeddable":true,"href":"https:\/\/hi-techwonder.com\/es\/wp-json\/wp\/v2\/product_cat?post=71740"},{"taxonomy":"product_tag","embeddable":true,"href":"https:\/\/hi-techwonder.com\/es\/wp-json\/wp\/v2\/product_tag?post=71740"}],"curies":[{"name":"wp","href":"https:\/\/api.w.org\/{rel}","templated":true}]}}