{"id":71747,"date":"2025-07-29T08:51:07","date_gmt":"2025-07-29T08:51:07","guid":{"rendered":"https:\/\/fv6qoy3ls0.wpdns.site\/produto\/triple-ventosa-caruba-pro-para-action-cam\/"},"modified":"2026-01-31T02:55:56","modified_gmt":"2026-01-31T02:55:56","slug":"caruba-triple-ventosa-caruba-pro-para-action-cam","status":"publish","type":"product","link":"https:\/\/hi-techwonder.com\/es\/producto\/caruba-triple-ventosa-caruba-pro-para-action-cam\/","title":{"rendered":"Triple ventosa CARUBA PRO para Action Cam"},"content":{"rendered":"<div id=\"content_description\" style=\"display: block\">\n<div>\n<div id=\"content_block_description\"><strong><span style=\"font-size: 12pt;font-family: verdana, geneva\">Funciones:<\/span><\/strong><\/div>\n<ul>\n<li>Conecte su c\u00e1mara GoPro con esta ventosa a autom\u00f3viles, barcos, motocicletas y m\u00e1s.&nbsp;<\/li>\n<li>Compatible con TODAS las c\u00e1maras y accesorios Gopro o c\u00e1maras con rosca de 1\/4&#8243;.<\/li>\n<li>Para obtener la m\u00e1xima fuerza de sujeci\u00f3n, aseg\u00farelo sobre una superficie limpia.<\/li>\n<\/ul>\n<p><strong><span style=\"text-decoration: underline\">Contenido de la caja:<br \/><\/strong><\/span><\/p>\n<ul>\n<li>1x ventosa de montaje triple<\/li>\n<li>1x Adaptador de tr\u00edpode GoPro<\/li>\n<\/ul>\n<\/div>\n<\/div>\n","protected":false},"excerpt":{"rendered":"<p>Funciones: Conecte su c\u00e1mara GoPro con esta ventosa a autom\u00f3viles, barcos, motocicletas y m\u00e1s.&nbsp; Compatible con TODAS las c\u00e1maras y<\/p>\n","protected":false},"featured_media":41752,"comment_status":"closed","ping_status":"open","template":"","meta":{"_acf_changed":false},"product_brand":[2546],"product_cat":[926],"product_tag":[],"class_list":{"0":"post-71747","1":"product","2":"type-product","3":"status-publish","4":"has-post-thumbnail","6":"product_brand-caruba-es","7":"product_cat-acessorios-accion-360o","9":"first","10":"instock","11":"taxable","12":"shipping-taxable","13":"purchasable","14":"product-type-simple"},"bundled_by":[],"bundle_stock_status":"instock","bundle_stock_quantity":2,"bundle_virtual":false,"bundle_layout":"","bundle_add_to_cart_form_location":"","bundle_editable_in_cart":false,"bundle_sold_individually_context":"","bundle_item_grouping":"","bundle_min_size":"","bundle_max_size":"","bundle_price":[],"bundled_items":[],"bundle_sell_ids":[],"acf":[],"_links":{"self":[{"href":"https:\/\/hi-techwonder.com\/es\/wp-json\/wp\/v2\/product\/71747","targetHints":{"allow":["GET"]}}],"collection":[{"href":"https:\/\/hi-techwonder.com\/es\/wp-json\/wp\/v2\/product"}],"about":[{"href":"https:\/\/hi-techwonder.com\/es\/wp-json\/wp\/v2\/types\/product"}],"replies":[{"embeddable":true,"href":"https:\/\/hi-techwonder.com\/es\/wp-json\/wp\/v2\/comments?post=71747"}],"wp:featuredmedia":[{"embeddable":true,"href":"https:\/\/hi-techwonder.com\/es\/wp-json\/wp\/v2\/media\/41752"}],"wp:attachment":[{"href":"https:\/\/hi-techwonder.com\/es\/wp-json\/wp\/v2\/media?parent=71747"}],"wp:term":[{"taxonomy":"product_brand","embeddable":true,"href":"https:\/\/hi-techwonder.com\/es\/wp-json\/wp\/v2\/product_brand?post=71747"},{"taxonomy":"product_cat","embeddable":true,"href":"https:\/\/hi-techwonder.com\/es\/wp-json\/wp\/v2\/product_cat?post=71747"},{"taxonomy":"product_tag","embeddable":true,"href":"https:\/\/hi-techwonder.com\/es\/wp-json\/wp\/v2\/product_tag?post=71747"}],"curies":[{"name":"wp","href":"https:\/\/api.w.org\/{rel}","templated":true}]}}