{"id":71748,"date":"2025-07-29T00:04:55","date_gmt":"2025-07-29T00:04:55","guid":{"rendered":"https:\/\/fv6qoy3ls0.wpdns.site\/produto\/carro-universal-caruba-i\/"},"modified":"2026-01-31T03:13:41","modified_gmt":"2026-01-31T03:13:41","slug":"caruba-carro-universal-caruba-i","status":"publish","type":"product","link":"https:\/\/hi-techwonder.com\/es\/producto\/caruba-carro-universal-caruba-i\/","title":{"rendered":"Carro universal CARUBA I"},"content":{"rendered":"<p align=\"LEFT\"><strong>Carro universal Caruba I<\/strong><\/p>\n<p align=\"LEFT\">El Carro Universal I es la soluci\u00f3n ideal para llevar una mochila o maleta pesada, junto con equipo fotogr\u00e1fico. Durante un largo d\u00eda de trabajo, una mochila grande puede ser un gran inconveniente y este accesorio ofrece la soluci\u00f3n.<br \/>Una vez plegada, tiene el tama\u00f1o ideal para guardarla en cualquier lugar, y abierta tiene la altura que necesitas para llevar tu pesada mochila.<br \/>La mochila est\u00e1 firmemente asegurada por correas el\u00e1sticas.<br \/>Las dos ruedas fluidas proporcionan una comodidad esencial.<br \/>Fabricado en pl\u00e1stico resistente y aluminio. <\/p>\n<p align=\"LEFT\"><strong>Contenido del paquete:<\/strong><\/p>\n<ul>\n<li>1x Carro universal I<\/li>\n<\/ul>\n<p align=\"LEFT\"><strong>Especificaciones t\u00e9cnicas:<\/strong><\/p>\n<ul>\n<li>Dimensiones Cerrado: 27 x 8,5 x 40 cm<\/li>\n<li>Dimensiones abiertas: 27 x 30,5 x 95 cm<\/li>\n<li>Dimensiones de la plataforma: 27 x 21 cm<\/li>\n<\/ul>\n","protected":false},"excerpt":{"rendered":"<p>Carro universal Caruba I El Carro Universal I es la soluci\u00f3n ideal para llevar una mochila o maleta pesada, junto<\/p>\n","protected":false},"featured_media":33137,"comment_status":"closed","ping_status":"open","template":"","meta":{"_acf_changed":false},"product_brand":[2546],"product_cat":[915],"product_tag":[],"class_list":{"0":"post-71748","1":"product","2":"type-product","3":"status-publish","4":"has-post-thumbnail","6":"product_brand-caruba-es","7":"product_cat-trolleys-es","9":"first","10":"instock","11":"taxable","12":"shipping-taxable","13":"purchasable","14":"product-type-simple"},"bundled_by":[],"bundle_stock_status":"instock","bundle_stock_quantity":1,"bundle_virtual":false,"bundle_layout":"","bundle_add_to_cart_form_location":"","bundle_editable_in_cart":false,"bundle_sold_individually_context":"","bundle_item_grouping":"","bundle_min_size":"","bundle_max_size":"","bundle_price":[],"bundled_items":[],"bundle_sell_ids":[],"acf":[],"_links":{"self":[{"href":"https:\/\/hi-techwonder.com\/es\/wp-json\/wp\/v2\/product\/71748","targetHints":{"allow":["GET"]}}],"collection":[{"href":"https:\/\/hi-techwonder.com\/es\/wp-json\/wp\/v2\/product"}],"about":[{"href":"https:\/\/hi-techwonder.com\/es\/wp-json\/wp\/v2\/types\/product"}],"replies":[{"embeddable":true,"href":"https:\/\/hi-techwonder.com\/es\/wp-json\/wp\/v2\/comments?post=71748"}],"wp:featuredmedia":[{"embeddable":true,"href":"https:\/\/hi-techwonder.com\/es\/wp-json\/wp\/v2\/media\/33137"}],"wp:attachment":[{"href":"https:\/\/hi-techwonder.com\/es\/wp-json\/wp\/v2\/media?parent=71748"}],"wp:term":[{"taxonomy":"product_brand","embeddable":true,"href":"https:\/\/hi-techwonder.com\/es\/wp-json\/wp\/v2\/product_brand?post=71748"},{"taxonomy":"product_cat","embeddable":true,"href":"https:\/\/hi-techwonder.com\/es\/wp-json\/wp\/v2\/product_cat?post=71748"},{"taxonomy":"product_tag","embeddable":true,"href":"https:\/\/hi-techwonder.com\/es\/wp-json\/wp\/v2\/product_tag?post=71748"}],"curies":[{"name":"wp","href":"https:\/\/api.w.org\/{rel}","templated":true}]}}